{"id":3720,"date":"2024-11-06T16:16:22","date_gmt":"2024-11-06T15:16:22","guid":{"rendered":"https:\/\/www.villasenlanzarote.com\/accueil\/"},"modified":"2024-11-06T16:16:26","modified_gmt":"2024-11-06T15:16:26","slug":"accueil","status":"publish","type":"page","link":"https:\/\/www.villasenlanzarote.com\/fr\/","title":{"rendered":"Accueil"},"content":{"rendered":"","protected":false},"excerpt":{"rendered":"","protected":false},"author":9,"featured_media":0,"parent":0,"menu_order":0,"comment_status":"open","ping_status":"closed","template":"template-homepage-1.php","meta":{"footnotes":""},"class_list":["post-3720","page","type-page","status-publish","hentry"],"yoast_head":"<!-- This site is optimized with the Yoast SEO plugin v25.8 - https:\/\/yoast.com\/wordpress\/plugins\/seo\/ -->\n<title>Villas \u00e0 Lanzarote - Location et vente de villas \u00e0 Playa Blanca<\/title>\n<meta name=\"description\" content=\"Villas \u00e0 Lanzarote WEB OFICIAL\u00ae. Villas ind\u00e9pendantes de 4 ou 5 chambres avec installations de luxe. Remises exclusives et meilleur prix garanti\" \/>\n<meta name=\"robots\" content=\"index, follow, max-snippet:-1, max-image-preview:large, max-video-preview:-1\" \/>\n<link rel=\"canonical\" href=\"https:\/\/www.villasenlanzarote.com\/fr\/accueil\/\" \/>\n<meta property=\"og:locale\" content=\"fr_FR\" \/>\n<meta property=\"og:type\" content=\"article\" \/>\n<meta property=\"og:title\" content=\"Villas \u00e0 Lanzarote - Location et vente de villas \u00e0 Playa Blanca\" \/>\n<meta property=\"og:description\" content=\"Villas \u00e0 Lanzarote WEB OFICIAL\u00ae. Villas ind\u00e9pendantes de 4 ou 5 chambres avec installations de luxe. Remises exclusives et meilleur prix garanti\" \/>\n<meta property=\"og:url\" content=\"https:\/\/www.villasenlanzarote.com\/fr\/accueil\/\" \/>\n<meta property=\"og:site_name\" content=\"Villas en Lanzarote\" \/>\n<meta property=\"article:modified_time\" content=\"2024-11-06T15:16:26+00:00\" \/>\n<meta property=\"og:image\" content=\"https:\/\/www.villasenlanzarote.com\/wp-content\/uploads\/2016\/02\/Villas_Trans.png\" \/>\n\t<meta property=\"og:image:width\" content=\"929\" \/>\n\t<meta property=\"og:image:height\" content=\"420\" \/>\n\t<meta property=\"og:image:type\" content=\"image\/png\" \/>\n<meta name=\"twitter:card\" content=\"summary_large_image\" \/>\n<script type=\"application\/ld+json\" class=\"yoast-schema-graph\">{\"@context\":\"https:\/\/schema.org\",\"@graph\":[{\"@type\":\"WebPage\",\"@id\":\"https:\/\/www.villasenlanzarote.com\/fr\/accueil\/\",\"url\":\"https:\/\/www.villasenlanzarote.com\/fr\/accueil\/\",\"name\":\"Villas \u00e0 Lanzarote - Location et vente de villas \u00e0 Playa Blanca\",\"isPartOf\":{\"@id\":\"https:\/\/www.villasenlanzarote.com\/#website\"},\"datePublished\":\"2024-11-06T15:16:22+00:00\",\"dateModified\":\"2024-11-06T15:16:26+00:00\",\"description\":\"Villas \u00e0 Lanzarote WEB OFICIAL\u00ae. Villas ind\u00e9pendantes de 4 ou 5 chambres avec installations de luxe. Remises exclusives et meilleur prix garanti\",\"breadcrumb\":{\"@id\":\"https:\/\/www.villasenlanzarote.com\/fr\/accueil\/#breadcrumb\"},\"inLanguage\":\"fr-FR\",\"potentialAction\":[{\"@type\":\"ReadAction\",\"target\":[\"https:\/\/www.villasenlanzarote.com\/fr\/accueil\/\"]}]},{\"@type\":\"BreadcrumbList\",\"@id\":\"https:\/\/www.villasenlanzarote.com\/fr\/accueil\/#breadcrumb\",\"itemListElement\":[{\"@type\":\"ListItem\",\"position\":1,\"name\":\"Portada\",\"item\":\"https:\/\/www.villasenlanzarote.com\/fr\/accueil\/\"},{\"@type\":\"ListItem\",\"position\":2,\"name\":\"Accueil\"}]},{\"@type\":\"WebSite\",\"@id\":\"https:\/\/www.villasenlanzarote.com\/#website\",\"url\":\"https:\/\/www.villasenlanzarote.com\/\",\"name\":\"Villas en Lanzarote\",\"description\":\"3 luxury villas with the advantages of a Villa and the services of a Hotel. In the crags, the best residential area of Playa Blanca in Lanzarote.\",\"publisher\":{\"@id\":\"https:\/\/www.villasenlanzarote.com\/#organization\"},\"potentialAction\":[{\"@type\":\"SearchAction\",\"target\":{\"@type\":\"EntryPoint\",\"urlTemplate\":\"https:\/\/www.villasenlanzarote.com\/?s={search_term_string}\"},\"query-input\":{\"@type\":\"PropertyValueSpecification\",\"valueRequired\":true,\"valueName\":\"search_term_string\"}}],\"inLanguage\":\"fr-FR\"},{\"@type\":\"Organization\",\"@id\":\"https:\/\/www.villasenlanzarote.com\/#organization\",\"name\":\"Villas en Lanzarote\",\"url\":\"https:\/\/www.villasenlanzarote.com\/\",\"logo\":{\"@type\":\"ImageObject\",\"inLanguage\":\"fr-FR\",\"@id\":\"https:\/\/www.villasenlanzarote.com\/#\/schema\/logo\/image\/\",\"url\":\"https:\/\/www.villasenlanzarote.com\/wp-content\/uploads\/2016\/02\/Villas_Trans.png\",\"contentUrl\":\"https:\/\/www.villasenlanzarote.com\/wp-content\/uploads\/2016\/02\/Villas_Trans.png\",\"width\":929,\"height\":420,\"caption\":\"Villas en Lanzarote\"},\"image\":{\"@id\":\"https:\/\/www.villasenlanzarote.com\/#\/schema\/logo\/image\/\"}}]}<\/script>\n<!-- \/ Yoast SEO plugin. -->","yoast_head_json":{"title":"Villas \u00e0 Lanzarote - Location et vente de villas \u00e0 Playa Blanca","description":"Villas \u00e0 Lanzarote WEB OFICIAL\u00ae. Villas ind\u00e9pendantes de 4 ou 5 chambres avec installations de luxe. Remises exclusives et meilleur prix garanti","robots":{"index":"index","follow":"follow","max-snippet":"max-snippet:-1","max-image-preview":"max-image-preview:large","max-video-preview":"max-video-preview:-1"},"canonical":"https:\/\/www.villasenlanzarote.com\/fr\/accueil\/","og_locale":"fr_FR","og_type":"article","og_title":"Villas \u00e0 Lanzarote - Location et vente de villas \u00e0 Playa Blanca","og_description":"Villas \u00e0 Lanzarote WEB OFICIAL\u00ae. Villas ind\u00e9pendantes de 4 ou 5 chambres avec installations de luxe. Remises exclusives et meilleur prix garanti","og_url":"https:\/\/www.villasenlanzarote.com\/fr\/accueil\/","og_site_name":"Villas en Lanzarote","article_modified_time":"2024-11-06T15:16:26+00:00","og_image":[{"width":929,"height":420,"url":"https:\/\/www.villasenlanzarote.com\/wp-content\/uploads\/2016\/02\/Villas_Trans.png","type":"image\/png"}],"twitter_card":"summary_large_image","schema":{"@context":"https:\/\/schema.org","@graph":[{"@type":"WebPage","@id":"https:\/\/www.villasenlanzarote.com\/fr\/accueil\/","url":"https:\/\/www.villasenlanzarote.com\/fr\/accueil\/","name":"Villas \u00e0 Lanzarote - Location et vente de villas \u00e0 Playa Blanca","isPartOf":{"@id":"https:\/\/www.villasenlanzarote.com\/#website"},"datePublished":"2024-11-06T15:16:22+00:00","dateModified":"2024-11-06T15:16:26+00:00","description":"Villas \u00e0 Lanzarote WEB OFICIAL\u00ae. Villas ind\u00e9pendantes de 4 ou 5 chambres avec installations de luxe. Remises exclusives et meilleur prix garanti","breadcrumb":{"@id":"https:\/\/www.villasenlanzarote.com\/fr\/accueil\/#breadcrumb"},"inLanguage":"fr-FR","potentialAction":[{"@type":"ReadAction","target":["https:\/\/www.villasenlanzarote.com\/fr\/accueil\/"]}]},{"@type":"BreadcrumbList","@id":"https:\/\/www.villasenlanzarote.com\/fr\/accueil\/#breadcrumb","itemListElement":[{"@type":"ListItem","position":1,"name":"Portada","item":"https:\/\/www.villasenlanzarote.com\/fr\/accueil\/"},{"@type":"ListItem","position":2,"name":"Accueil"}]},{"@type":"WebSite","@id":"https:\/\/www.villasenlanzarote.com\/#website","url":"https:\/\/www.villasenlanzarote.com\/","name":"Villas en Lanzarote","description":"3 luxury villas with the advantages of a Villa and the services of a Hotel. In the crags, the best residential area of Playa Blanca in Lanzarote.","publisher":{"@id":"https:\/\/www.villasenlanzarote.com\/#organization"},"potentialAction":[{"@type":"SearchAction","target":{"@type":"EntryPoint","urlTemplate":"https:\/\/www.villasenlanzarote.com\/?s={search_term_string}"},"query-input":{"@type":"PropertyValueSpecification","valueRequired":true,"valueName":"search_term_string"}}],"inLanguage":"fr-FR"},{"@type":"Organization","@id":"https:\/\/www.villasenlanzarote.com\/#organization","name":"Villas en Lanzarote","url":"https:\/\/www.villasenlanzarote.com\/","logo":{"@type":"ImageObject","inLanguage":"fr-FR","@id":"https:\/\/www.villasenlanzarote.com\/#\/schema\/logo\/image\/","url":"https:\/\/www.villasenlanzarote.com\/wp-content\/uploads\/2016\/02\/Villas_Trans.png","contentUrl":"https:\/\/www.villasenlanzarote.com\/wp-content\/uploads\/2016\/02\/Villas_Trans.png","width":929,"height":420,"caption":"Villas en Lanzarote"},"image":{"@id":"https:\/\/www.villasenlanzarote.com\/#\/schema\/logo\/image\/"}}]}},"_links":{"self":[{"href":"https:\/\/www.villasenlanzarote.com\/fr\/wp-json\/wp\/v2\/pages\/3720","targetHints":{"allow":["GET"]}}],"collection":[{"href":"https:\/\/www.villasenlanzarote.com\/fr\/wp-json\/wp\/v2\/pages"}],"about":[{"href":"https:\/\/www.villasenlanzarote.com\/fr\/wp-json\/wp\/v2\/types\/page"}],"author":[{"embeddable":true,"href":"https:\/\/www.villasenlanzarote.com\/fr\/wp-json\/wp\/v2\/users\/9"}],"replies":[{"embeddable":true,"href":"https:\/\/www.villasenlanzarote.com\/fr\/wp-json\/wp\/v2\/comments?post=3720"}],"version-history":[{"count":1,"href":"https:\/\/www.villasenlanzarote.com\/fr\/wp-json\/wp\/v2\/pages\/3720\/revisions"}],"predecessor-version":[{"id":3721,"href":"https:\/\/www.villasenlanzarote.com\/fr\/wp-json\/wp\/v2\/pages\/3720\/revisions\/3721"}],"wp:attachment":[{"href":"https:\/\/www.villasenlanzarote.com\/fr\/wp-json\/wp\/v2\/media?parent=3720"}],"curies":[{"name":"wp","href":"https:\/\/api.w.org\/{rel}","templated":true}]}}