{"id":2868,"date":"2016-04-08T00:16:59","date_gmt":"2016-04-07T23:16:59","guid":{"rendered":"https:\/\/www.villasenlanzarote.com\/venta-villa-rodea\/"},"modified":"2021-05-18T17:29:46","modified_gmt":"2021-05-18T15:29:46","slug":"venta-villa-rodea","status":"publish","type":"page","link":"https:\/\/www.villasenlanzarote.com\/fr\/venta-villa-rodea\/","title":{"rendered":"Vente de Villa Rodea"},"content":{"rendered":"<h2>Villa Rodea, Prix de vente: 1.365.000 \u20ac<\/h2>\n<p>Villa Rodea, fantastique villa \u00e0 vendre \u00e0 Lanzarote. Ses vues magnifiques sur la mer et les \u00eeles voisines de Fuerteventura et Lobos, ainsi que tous les d\u00e9tails pour votre confort total, constituent votre meilleure lettre d&rsquo;introduction.<\/p>\n<p>Dans un environnement serein et calme, la Villa Rodea est situ\u00e9e dans un quartier r\u00e9sidentiel au sud-ouest de Lanzarote, \u00e0 quelques minutes du village de p\u00eacheurs de Playa Blanca.<\/p>\n<p>La villa est entour\u00e9e d&rsquo;un grand jardin et dispose de grandes fen\u00eatres offrant une grande luminosit\u00e9 qui, alli\u00e9e \u00e0 l&rsquo;espace de ses pi\u00e8ces, vous fera passer un s\u00e9jour confortable et agr\u00e9able.<\/p>\n<p><a href=\"https:\/\/www.villasenlanzarote.com\/room\/villa-rodea\/\" target=\"_blank\" rel=\"noopener noreferrer\">Villa Rodea<\/a> il est divis\u00e9 en deux zones: un b\u00e2timent principal avec 3 chambres et une cuisine enti\u00e8rement \u00e9quip\u00e9e, et un appartement d&rsquo;invit\u00e9s de 50 m\u00b2 avec un salon, une chambre, une salle de bains et une cuisine. Grande terrasse ext\u00e9rieure avec barbecue, piscine priv\u00e9e et espace d\u00e9tente.<\/p>\n<hr \/>\n<h2>Villa Rodea<br \/>\nCaract\u00e9ristiques et \u00e9quipement:<\/h2>\n<table class=\"table-room\">\n<tbody>\n<tr>\n<td>m\u00b2<\/td>\n<td>chambres<\/td>\n<td>toilettes<\/td>\n<td>des toilettes<\/td>\n<td>bassin<\/td>\n<td>pax<\/td>\n<\/tr>\n<tr>\n<td><strong>210<\/strong><\/td>\n<td><strong>3-4<\/strong><\/td>\n<td><strong>2-3<\/strong><\/td>\n<td><strong>1<\/strong><\/td>\n<td><strong>SI<\/strong><\/td>\n<td><strong>6-8<\/strong><\/td>\n<\/tr>\n<\/tbody>\n<\/table>\n<hr \/>\n<h3>\u00c9quipement<\/h3>\n<table style=\"height: 455px;\" border=\"0\" width=\"764\" cellspacing=\"2\" cellpadding=\"2\">\n<tbody>\n<tr>\n<td align=\"left\"><strong>Cuisine:<\/strong><\/td>\n<td align=\"left\">Enti\u00e8rement \u00e9quip\u00e9 d&rsquo;appareils \u00e9lectrom\u00e9nagers (four \u00e9lectrique, micro-ondes, r\u00e9frig\u00e9rateur-cong\u00e9lateur et lave-vaisselle), de nombreux ustensiles de cuisine, couverts, vaisselle et verrerie, il dispose \u00e9galement d&rsquo;un lave-linge, d&rsquo;un fer \u00e0 repasser et d&rsquo;ustensiles de m\u00e9nage.<\/td>\n<\/tr>\n<tr>\n<td align=\"left\"><strong>Salle \u00e0 manger:<\/strong><\/td>\n<td align=\"left\">TV, TV satellite, lecteur DVD, radio, salle \u00e0 manger avec table pour 6-8 personnes.<\/td>\n<\/tr>\n<tr>\n<td align=\"left\"><strong>Chambres:<\/strong><\/td>\n<td align=\"left\">2 chambres doubles, 1 chambre double avec salle de bain compl\u00e8te, climatisation individuelle et syst\u00e8me de chauffage avec t\u00e9l\u00e9commande.<\/td>\n<\/tr>\n<tr>\n<td align=\"left\" height=\"20\"><strong>Toilettes:<\/strong><\/td>\n<td align=\"left\" height=\"28\">2 WC avec douche et 1 salle de bain compl\u00e8te dans la chambre principale, s\u00e8che-cheveux, serviettes, etc.<\/td>\n<\/tr>\n<tr>\n<td align=\"left\"><strong>Terrasse:<\/strong><\/td>\n<td align=\"left\">Il dispose d&rsquo;un grand et spacieux solarium, d&rsquo;un jardin individuel de 800 m2, d&rsquo;un barbecue, d&rsquo;une terrasse ext\u00e9rieure, d&rsquo;une douche et d&rsquo;un espace d\u00e9tente \u00e9quip\u00e9 de table, chaises et hamacs. Espace barbecue.<\/td>\n<\/tr>\n<tr>\n<td align=\"left\"><strong>Piscine:<\/strong><\/td>\n<td align=\"left\" height=\"37\">Individuel avec syst\u00e8me \u00e9cologique de 12 x 5 m\u00e8tres.<\/td>\n<\/tr>\n<tr>\n<td align=\"left\"><strong>Parking:<\/strong><\/td>\n<td align=\"left\">Parking ind\u00e9pendant au sein de chaque parcelle.<\/td>\n<\/tr>\n<\/tbody>\n<\/table>\n<hr \/>\n<table style=\"height: 349px;\" border=\"0\" width=\"764\" cellspacing=\"1\" cellpadding=\"1\">\n<tbody>\n<tr>\n<td align=\"left\" valign=\"middle\">\n<h3>Fiche technique<\/h3>\n<\/td>\n<td align=\"center\" valign=\"middle\"><\/td>\n<\/tr>\n<tr>\n<td align=\"left\" valign=\"middle\">Solaire<\/td>\n<td align=\"center\" valign=\"middle\">1.663,39 m\u00b2<\/td>\n<\/tr>\n<tr>\n<td align=\"left\" valign=\"middle\">Maison principale<\/td>\n<td align=\"center\" valign=\"middle\">210 m\u00b2<\/td>\n<\/tr>\n<tr>\n<td align=\"left\" valign=\"middle\">Appartement<\/td>\n<td align=\"center\" valign=\"middle\">50 m\u00b2<\/td>\n<\/tr>\n<tr>\n<td align=\"left\" valign=\"middle\">Sous-sol<\/td>\n<td align=\"center\" valign=\"middle\">25 m\u00b2<\/td>\n<\/tr>\n<tr>\n<td align=\"left\" valign=\"middle\">Parking ouvert<\/td>\n<td align=\"center\" valign=\"middle\">60 m\u00b2<\/td>\n<\/tr>\n<tr>\n<td align=\"left\" valign=\"middle\">Patios<\/td>\n<td align=\"center\" valign=\"middle\">50 m\u00b2<\/td>\n<\/tr>\n<tr>\n<td align=\"left\" valign=\"middle\">Terrasse couverte<\/td>\n<td align=\"center\" valign=\"middle\">50 m\u00b2<\/td>\n<\/tr>\n<tr>\n<td align=\"left\" valign=\"middle\">Terrasse couverte dans l\u2019appartement<\/td>\n<td align=\"center\" valign=\"middle\">20 m\u00b2<\/td>\n<\/tr>\n<tr>\n<td align=\"left\" valign=\"middle\">Terrasses<\/td>\n<td align=\"center\" valign=\"middle\">115 m\u00b2<\/td>\n<\/tr>\n<tr>\n<td align=\"left\" valign=\"middle\">Piscine<\/td>\n<td align=\"center\" valign=\"middle\">12\u00d75 m<\/td>\n<\/tr>\n<tr>\n<td align=\"left\" valign=\"middle\">Jardin<\/td>\n<td align=\"center\" valign=\"middle\">1.200 m\u00b2<\/td>\n<\/tr>\n<\/tbody>\n<\/table>\n<hr \/>\n<h3><strong>Emplacement<\/strong>:<\/h3>\n<p>Calle Espa\u00f1a 5. Urbanizaci\u00f3n Bajo Los Riscos de Monta\u00f1a Roja n\u00ba 21.<br \/>\n35580 &#8211; Playa Blanca &#8211; Yaiza &#8211; Lanzarote. <a href=\"https:\/\/www.google.com\/maps\/d\/embed?hl=es&amp;ie=UTF8&amp;msa=0&amp;source=embed&amp;ll=28.863091999999998%2C-13.850498000000016&amp;spn=0.018792%2C0.064287&amp;z=14&amp;output=embed&amp;mid=1slBPx0tPFmQl-4ZJr9XA1a04Cuk\" target=\"_blank\" rel=\"noopener noreferrer\">Ver mapa<\/a><\/p>\n<hr \/>\n<h2>Villa \u00e0 vendre: Villa Rodea<br \/>\nPlan de distribution<\/h2>\n<p><a href=\"https:\/\/www.villasenlanzarote.com\/wp-content\/uploads\/2016\/04\/plano.jpg\" data-rel=\"prettyPhoto[2868]\"><img loading=\"lazy\" decoding=\"async\" class=\"alignnone wp-image-1132 size-full\" src=\"https:\/\/www.villasenlanzarote.com\/wp-content\/uploads\/2016\/04\/plano.jpg\" alt=\"Plano Villa Rodea\" width=\"800\" height=\"1132\" \/><\/a><\/p>\n","protected":false},"excerpt":{"rendered":"<p>Villa Rodea, Prix de vente: 1.365.000 \u20ac Villa Rodea, fantastique villa \u00e0 vendre \u00e0 Lanzarote. Ses vues magnifiques sur la mer et les \u00eeles voisines de Fuerteventura et Lobos, ainsi que tous les d\u00e9tails pour votre confort total, constituent votre meilleure lettre d&rsquo;introduction. Dans un environnement serein et calme, la[&#8230;]<\/p>\n","protected":false},"author":9,"featured_media":2715,"parent":0,"menu_order":0,"comment_status":"open","ping_status":"closed","template":"template-fullwidth.php","meta":{"footnotes":""},"class_list":["post-2868","page","type-page","status-publish","has-post-thumbnail","hentry"],"yoast_head":"<!-- This site is optimized with the Yoast SEO plugin v25.8 - https:\/\/yoast.com\/wordpress\/plugins\/seo\/ -->\n<title>Vente de Villa Rodea, villas en vente \u00e0 Playa Blanca - Villas en Lanzarote<\/title>\n<meta name=\"description\" content=\"Vente de Villa Rodea. Fantastique villa ind\u00e9pendante \u00e0 Playa Blanca. Magnifique vue sur la mer et les \u00eeles de Fuerteventura et Lobos.\" \/>\n<meta name=\"robots\" content=\"index, follow, max-snippet:-1, max-image-preview:large, max-video-preview:-1\" \/>\n<link rel=\"canonical\" href=\"https:\/\/www.villasenlanzarote.com\/fr\/venta-villa-rodea\/\" \/>\n<meta property=\"og:locale\" content=\"fr_FR\" \/>\n<meta property=\"og:type\" content=\"article\" \/>\n<meta property=\"og:title\" content=\"Vente de Villa Rodea, villas en vente \u00e0 Playa Blanca - Villas en Lanzarote\" \/>\n<meta property=\"og:description\" content=\"Vente de Villa Rodea. Fantastique villa ind\u00e9pendante \u00e0 Playa Blanca. Magnifique vue sur la mer et les \u00eeles de Fuerteventura et Lobos.\" \/>\n<meta property=\"og:url\" content=\"https:\/\/www.villasenlanzarote.com\/fr\/venta-villa-rodea\/\" \/>\n<meta property=\"og:site_name\" content=\"Villas en Lanzarote\" \/>\n<meta property=\"article:modified_time\" content=\"2021-05-18T15:29:46+00:00\" \/>\n<meta property=\"og:image\" content=\"https:\/\/www.villasenlanzarote.com\/wp-content\/uploads\/2016\/01\/Foto-piscina.jpg\" \/>\n\t<meta property=\"og:image:width\" content=\"1920\" \/>\n\t<meta property=\"og:image:height\" content=\"1277\" \/>\n\t<meta property=\"og:image:type\" content=\"image\/jpeg\" \/>\n<meta name=\"twitter:card\" content=\"summary_large_image\" \/>\n<script type=\"application\/ld+json\" class=\"yoast-schema-graph\">{\"@context\":\"https:\/\/schema.org\",\"@graph\":[{\"@type\":\"WebPage\",\"@id\":\"https:\/\/www.villasenlanzarote.com\/fr\/venta-villa-rodea\/\",\"url\":\"https:\/\/www.villasenlanzarote.com\/fr\/venta-villa-rodea\/\",\"name\":\"Vente de Villa Rodea, villas en vente \u00e0 Playa Blanca - Villas en Lanzarote\",\"isPartOf\":{\"@id\":\"https:\/\/www.villasenlanzarote.com\/#website\"},\"primaryImageOfPage\":{\"@id\":\"https:\/\/www.villasenlanzarote.com\/fr\/venta-villa-rodea\/#primaryimage\"},\"image\":{\"@id\":\"https:\/\/www.villasenlanzarote.com\/fr\/venta-villa-rodea\/#primaryimage\"},\"thumbnailUrl\":\"https:\/\/www.villasenlanzarote.com\/wp-content\/uploads\/2016\/01\/Foto-piscina.jpg\",\"datePublished\":\"2016-04-07T23:16:59+00:00\",\"dateModified\":\"2021-05-18T15:29:46+00:00\",\"description\":\"Vente de Villa Rodea. Fantastique villa ind\u00e9pendante \u00e0 Playa Blanca. Magnifique vue sur la mer et les \u00eeles de Fuerteventura et Lobos.\",\"breadcrumb\":{\"@id\":\"https:\/\/www.villasenlanzarote.com\/fr\/venta-villa-rodea\/#breadcrumb\"},\"inLanguage\":\"fr-FR\",\"potentialAction\":[{\"@type\":\"ReadAction\",\"target\":[\"https:\/\/www.villasenlanzarote.com\/fr\/venta-villa-rodea\/\"]}]},{\"@type\":\"ImageObject\",\"inLanguage\":\"fr-FR\",\"@id\":\"https:\/\/www.villasenlanzarote.com\/fr\/venta-villa-rodea\/#primaryimage\",\"url\":\"https:\/\/www.villasenlanzarote.com\/wp-content\/uploads\/2016\/01\/Foto-piscina.jpg\",\"contentUrl\":\"https:\/\/www.villasenlanzarote.com\/wp-content\/uploads\/2016\/01\/Foto-piscina.jpg\",\"width\":1920,\"height\":1277},{\"@type\":\"BreadcrumbList\",\"@id\":\"https:\/\/www.villasenlanzarote.com\/fr\/venta-villa-rodea\/#breadcrumb\",\"itemListElement\":[{\"@type\":\"ListItem\",\"position\":1,\"name\":\"Portada\",\"item\":\"https:\/\/www.villasenlanzarote.com\/fr\/accueil\/\"},{\"@type\":\"ListItem\",\"position\":2,\"name\":\"Vente de Villa Rodea\"}]},{\"@type\":\"WebSite\",\"@id\":\"https:\/\/www.villasenlanzarote.com\/#website\",\"url\":\"https:\/\/www.villasenlanzarote.com\/\",\"name\":\"Villas en Lanzarote\",\"description\":\"3 luxury villas with the advantages of a Villa and the services of a Hotel. In the crags, the best residential area of Playa Blanca in Lanzarote.\",\"publisher\":{\"@id\":\"https:\/\/www.villasenlanzarote.com\/#organization\"},\"potentialAction\":[{\"@type\":\"SearchAction\",\"target\":{\"@type\":\"EntryPoint\",\"urlTemplate\":\"https:\/\/www.villasenlanzarote.com\/?s={search_term_string}\"},\"query-input\":{\"@type\":\"PropertyValueSpecification\",\"valueRequired\":true,\"valueName\":\"search_term_string\"}}],\"inLanguage\":\"fr-FR\"},{\"@type\":\"Organization\",\"@id\":\"https:\/\/www.villasenlanzarote.com\/#organization\",\"name\":\"Villas en Lanzarote\",\"url\":\"https:\/\/www.villasenlanzarote.com\/\",\"logo\":{\"@type\":\"ImageObject\",\"inLanguage\":\"fr-FR\",\"@id\":\"https:\/\/www.villasenlanzarote.com\/#\/schema\/logo\/image\/\",\"url\":\"https:\/\/www.villasenlanzarote.com\/wp-content\/uploads\/2016\/02\/Villas_Trans.png\",\"contentUrl\":\"https:\/\/www.villasenlanzarote.com\/wp-content\/uploads\/2016\/02\/Villas_Trans.png\",\"width\":929,\"height\":420,\"caption\":\"Villas en Lanzarote\"},\"image\":{\"@id\":\"https:\/\/www.villasenlanzarote.com\/#\/schema\/logo\/image\/\"}}]}<\/script>\n<!-- \/ Yoast SEO plugin. -->","yoast_head_json":{"title":"Vente de Villa Rodea, villas en vente \u00e0 Playa Blanca - Villas en Lanzarote","description":"Vente de Villa Rodea. Fantastique villa ind\u00e9pendante \u00e0 Playa Blanca. Magnifique vue sur la mer et les \u00eeles de Fuerteventura et Lobos.","robots":{"index":"index","follow":"follow","max-snippet":"max-snippet:-1","max-image-preview":"max-image-preview:large","max-video-preview":"max-video-preview:-1"},"canonical":"https:\/\/www.villasenlanzarote.com\/fr\/venta-villa-rodea\/","og_locale":"fr_FR","og_type":"article","og_title":"Vente de Villa Rodea, villas en vente \u00e0 Playa Blanca - Villas en Lanzarote","og_description":"Vente de Villa Rodea. Fantastique villa ind\u00e9pendante \u00e0 Playa Blanca. Magnifique vue sur la mer et les \u00eeles de Fuerteventura et Lobos.","og_url":"https:\/\/www.villasenlanzarote.com\/fr\/venta-villa-rodea\/","og_site_name":"Villas en Lanzarote","article_modified_time":"2021-05-18T15:29:46+00:00","og_image":[{"width":1920,"height":1277,"url":"https:\/\/www.villasenlanzarote.com\/wp-content\/uploads\/2016\/01\/Foto-piscina.jpg","type":"image\/jpeg"}],"twitter_card":"summary_large_image","schema":{"@context":"https:\/\/schema.org","@graph":[{"@type":"WebPage","@id":"https:\/\/www.villasenlanzarote.com\/fr\/venta-villa-rodea\/","url":"https:\/\/www.villasenlanzarote.com\/fr\/venta-villa-rodea\/","name":"Vente de Villa Rodea, villas en vente \u00e0 Playa Blanca - Villas en Lanzarote","isPartOf":{"@id":"https:\/\/www.villasenlanzarote.com\/#website"},"primaryImageOfPage":{"@id":"https:\/\/www.villasenlanzarote.com\/fr\/venta-villa-rodea\/#primaryimage"},"image":{"@id":"https:\/\/www.villasenlanzarote.com\/fr\/venta-villa-rodea\/#primaryimage"},"thumbnailUrl":"https:\/\/www.villasenlanzarote.com\/wp-content\/uploads\/2016\/01\/Foto-piscina.jpg","datePublished":"2016-04-07T23:16:59+00:00","dateModified":"2021-05-18T15:29:46+00:00","description":"Vente de Villa Rodea. Fantastique villa ind\u00e9pendante \u00e0 Playa Blanca. Magnifique vue sur la mer et les \u00eeles de Fuerteventura et Lobos.","breadcrumb":{"@id":"https:\/\/www.villasenlanzarote.com\/fr\/venta-villa-rodea\/#breadcrumb"},"inLanguage":"fr-FR","potentialAction":[{"@type":"ReadAction","target":["https:\/\/www.villasenlanzarote.com\/fr\/venta-villa-rodea\/"]}]},{"@type":"ImageObject","inLanguage":"fr-FR","@id":"https:\/\/www.villasenlanzarote.com\/fr\/venta-villa-rodea\/#primaryimage","url":"https:\/\/www.villasenlanzarote.com\/wp-content\/uploads\/2016\/01\/Foto-piscina.jpg","contentUrl":"https:\/\/www.villasenlanzarote.com\/wp-content\/uploads\/2016\/01\/Foto-piscina.jpg","width":1920,"height":1277},{"@type":"BreadcrumbList","@id":"https:\/\/www.villasenlanzarote.com\/fr\/venta-villa-rodea\/#breadcrumb","itemListElement":[{"@type":"ListItem","position":1,"name":"Portada","item":"https:\/\/www.villasenlanzarote.com\/fr\/accueil\/"},{"@type":"ListItem","position":2,"name":"Vente de Villa Rodea"}]},{"@type":"WebSite","@id":"https:\/\/www.villasenlanzarote.com\/#website","url":"https:\/\/www.villasenlanzarote.com\/","name":"Villas en Lanzarote","description":"3 luxury villas with the advantages of a Villa and the services of a Hotel. In the crags, the best residential area of Playa Blanca in Lanzarote.","publisher":{"@id":"https:\/\/www.villasenlanzarote.com\/#organization"},"potentialAction":[{"@type":"SearchAction","target":{"@type":"EntryPoint","urlTemplate":"https:\/\/www.villasenlanzarote.com\/?s={search_term_string}"},"query-input":{"@type":"PropertyValueSpecification","valueRequired":true,"valueName":"search_term_string"}}],"inLanguage":"fr-FR"},{"@type":"Organization","@id":"https:\/\/www.villasenlanzarote.com\/#organization","name":"Villas en Lanzarote","url":"https:\/\/www.villasenlanzarote.com\/","logo":{"@type":"ImageObject","inLanguage":"fr-FR","@id":"https:\/\/www.villasenlanzarote.com\/#\/schema\/logo\/image\/","url":"https:\/\/www.villasenlanzarote.com\/wp-content\/uploads\/2016\/02\/Villas_Trans.png","contentUrl":"https:\/\/www.villasenlanzarote.com\/wp-content\/uploads\/2016\/02\/Villas_Trans.png","width":929,"height":420,"caption":"Villas en Lanzarote"},"image":{"@id":"https:\/\/www.villasenlanzarote.com\/#\/schema\/logo\/image\/"}}]}},"_links":{"self":[{"href":"https:\/\/www.villasenlanzarote.com\/fr\/wp-json\/wp\/v2\/pages\/2868","targetHints":{"allow":["GET"]}}],"collection":[{"href":"https:\/\/www.villasenlanzarote.com\/fr\/wp-json\/wp\/v2\/pages"}],"about":[{"href":"https:\/\/www.villasenlanzarote.com\/fr\/wp-json\/wp\/v2\/types\/page"}],"author":[{"embeddable":true,"href":"https:\/\/www.villasenlanzarote.com\/fr\/wp-json\/wp\/v2\/users\/9"}],"replies":[{"embeddable":true,"href":"https:\/\/www.villasenlanzarote.com\/fr\/wp-json\/wp\/v2\/comments?post=2868"}],"version-history":[{"count":3,"href":"https:\/\/www.villasenlanzarote.com\/fr\/wp-json\/wp\/v2\/pages\/2868\/revisions"}],"predecessor-version":[{"id":3095,"href":"https:\/\/www.villasenlanzarote.com\/fr\/wp-json\/wp\/v2\/pages\/2868\/revisions\/3095"}],"wp:featuredmedia":[{"embeddable":true,"href":"https:\/\/www.villasenlanzarote.com\/fr\/wp-json\/wp\/v2\/media\/2715"}],"wp:attachment":[{"href":"https:\/\/www.villasenlanzarote.com\/fr\/wp-json\/wp\/v2\/media?parent=2868"}],"curies":[{"name":"wp","href":"https:\/\/api.w.org\/{rel}","templated":true}]}}