{"id":2865,"date":"2016-04-05T18:37:31","date_gmt":"2016-04-05T16:37:31","guid":{"rendered":"https:\/\/www.villasenlanzarote.com\/venta-villa-corito\/"},"modified":"2023-02-28T20:41:20","modified_gmt":"2023-02-28T19:41:20","slug":"vente-villa-corito","status":"publish","type":"page","link":"https:\/\/www.villasenlanzarote.com\/fr\/vente-villa-corito\/","title":{"rendered":"Vente de Villa Corito"},"content":{"rendered":"<h2>Vente de Villa Corito. Prix: 1.160.000 \u20ac<\/h2>\n<p>Villa Corito, fantastique villa \u00e0 vendre \u00e0 Lanzarote totalement ind\u00e9pendante avec une vue magnifique sur la mer et les \u00eeles de Fuerteventura et Lobos.<\/p>\n<p>Situ\u00e9e dans un quartier r\u00e9sidentiel et \u00e0 quelques minutes du village de p\u00eacheurs de Playa Blanca, la Villa Corito vous offre l&rsquo;h\u00e9bergement id\u00e9al o\u00f9 vous pourrez profiter d&rsquo;un magnifique s\u00e9jour.<\/p>\n<p>La villa, entour\u00e9e d&rsquo;un grand jardin, est spacieuse et lumineuse.<\/p>\n<p><a href=\"https:\/\/www.villasenlanzarote.com\/fr\/room\/villa-corito\/\">Villa Corito<\/a> dispose de 3 chambres et d&rsquo;un appartement attenant reli\u00e9 \u00e0 la maison, offrant la possibilit\u00e9 d&rsquo;avoir 3 ou 4 chambres, cuisine enti\u00e8rement \u00e9quip\u00e9e, grande terrasse ext\u00e9rieure avec barbecue, piscine priv\u00e9e et espace d\u00e9tente.<\/p>\n<hr \/>\n<h2>Villa Corito<br \/>\nCaract\u00e9ristiques et \u00e9quipement:<\/h2>\n<p>&nbsp;<\/p>\n<table class=\"table-room\">\n<tbody>\n<tr>\n<td>m\u00b2<\/td>\n<td>chambres<\/td>\n<td>toilettes<\/td>\n<td>des toilettes<\/td>\n<td>bassin<\/td>\n<\/tr>\n<tr>\n<td><strong>300<\/strong><\/td>\n<td><strong>6<\/strong><\/td>\n<td><strong>6<\/strong><\/td>\n<td><strong>0<\/strong><\/td>\n<td><strong>SI<\/strong><\/td>\n<\/tr>\n<\/tbody>\n<\/table>\n<hr \/>\n<h3>\u00c9quipement<\/h3>\n<table style=\"height: 383px;\" border=\"0\" width=\"763\" cellspacing=\"2\" cellpadding=\"2\">\n<tbody>\n<tr>\n<td align=\"left\"><strong>Cuisine:<\/strong><\/td>\n<td align=\"left\">Enti\u00e8rement \u00e9quip\u00e9 d&rsquo;appareils \u00e9lectrom\u00e9nagers (four \u00e9lectrique, micro-ondes, r\u00e9frig\u00e9rateur-cong\u00e9lateur et lave-vaisselle), de nombreux ustensiles de cuisine, couverts, vaisselle et verrerie, il dispose \u00e9galement d&rsquo;un lave-linge, d&rsquo;un fer \u00e0 repasser et d&rsquo;ustensiles de m\u00e9nage.<\/td>\n<\/tr>\n<tr>\n<td align=\"left\"><strong>Salle \u00e0 manger:<\/strong><\/td>\n<td align=\"left\">TV, TV satellite, lecteur DVD, radio, salle \u00e0 manger avec table pour 6-8 personnes.<\/td>\n<\/tr>\n<tr>\n<td align=\"left\"><strong>Chambres:<\/strong><\/td>\n<td align=\"left\">2 chambres doubles, 1 chambre double avec salle de bain compl\u00e8te, climatisation individuelle et syst\u00e8me de chauffage avec t\u00e9l\u00e9commande.<\/td>\n<\/tr>\n<tr>\n<td align=\"left\" height=\"20\"><strong>Toilettes:<\/strong><\/td>\n<td align=\"left\" height=\"28\">2 WC avec douche et 1 salle de bain compl\u00e8te dans la chambre principale, s\u00e8che-cheveux, serviettes, etc.<\/td>\n<\/tr>\n<tr>\n<td align=\"left\"><strong>Terrasse:<\/strong><\/td>\n<td align=\"left\">Il dispose d&rsquo;un grand et spacieux solarium, d&rsquo;un jardin individuel, d&rsquo;un barbecue, d&rsquo;une terrasse ext\u00e9rieure, d&rsquo;une douche et d&rsquo;un espace d\u00e9tente \u00e9quip\u00e9 de table, chaises et hamacs. Espace barbecue.<\/td>\n<\/tr>\n<tr>\n<td align=\"left\"><strong>Piscine:<\/strong><\/td>\n<td align=\"left\" height=\"37\">Individuel avec syst\u00e8me \u00e9cologique. Ses dimensions sont de 9 x 4m.<\/td>\n<\/tr>\n<tr>\n<td align=\"left\"><strong>Parking:<\/strong><\/td>\n<td align=\"left\">Parking ind\u00e9pendant au sein de chaque parcelle.<\/td>\n<\/tr>\n<\/tbody>\n<\/table>\n<hr \/>\n<table style=\"height: 349px;\" border=\"0\" width=\"764\" cellspacing=\"1\" cellpadding=\"1\">\n<tbody>\n<tr>\n<td align=\"left\" valign=\"middle\">\n<h3>Fiche technique<\/h3>\n<\/td>\n<\/tr>\n<tr>\n<td align=\"left\" valign=\"middle\">Solaire<\/td>\n<td align=\"center\" valign=\"middle\">1.494,47 m\u00b2<\/td>\n<\/tr>\n<tr>\n<td align=\"left\" valign=\"middle\">Maison principale<\/td>\n<td align=\"center\" valign=\"middle\">150 m\u00b2<\/td>\n<\/tr>\n<tr>\n<td align=\"left\" valign=\"middle\">Appartement<\/td>\n<td align=\"center\" valign=\"middle\">\u2013 m\u00b2<\/td>\n<\/tr>\n<tr>\n<td align=\"left\" valign=\"middle\">Sous-sol<\/td>\n<td align=\"center\" valign=\"middle\">25 m\u00b2<\/td>\n<\/tr>\n<tr>\n<td align=\"left\" valign=\"middle\">Parking ouvert<\/td>\n<td align=\"center\" valign=\"middle\">60 m\u00b2<\/td>\n<\/tr>\n<tr>\n<td align=\"left\" valign=\"middle\">Patios<\/td>\n<td align=\"center\" valign=\"middle\">20 m\u00b2<\/td>\n<\/tr>\n<tr>\n<td align=\"left\" valign=\"middle\">Terrasse couverte<\/td>\n<td align=\"center\" valign=\"middle\">14 m\u00b2<\/td>\n<\/tr>\n<tr>\n<td align=\"left\" valign=\"middle\">Terrasse couverte dans l&rsquo;appartement<\/td>\n<td align=\"center\" valign=\"middle\">25 m\u00b2<\/td>\n<\/tr>\n<tr>\n<td align=\"left\" valign=\"middle\">Terrasses<\/td>\n<td align=\"center\" valign=\"middle\">136 m\u00b2<\/td>\n<\/tr>\n<tr>\n<td align=\"left\" valign=\"middle\">Piscine<\/td>\n<td align=\"center\" valign=\"middle\">9\u00d74 m<\/td>\n<\/tr>\n<tr>\n<td align=\"left\" valign=\"middle\">Jardin<\/td>\n<td align=\"center\" valign=\"middle\">1.250 m\u00b2<\/td>\n<\/tr>\n<\/tbody>\n<\/table>\n<h3><strong>Emplacement<\/strong><\/h3>\n<p>Calle Espa\u00f1a 5. Urbanizaci\u00f3n Bajo Los Riscos de Monta\u00f1a Roja n\u00ba 23.<br \/>\n35580 &#8211; Playa Blanca &#8211; Yaiza &#8211; Lanzarote \u00b7 <a href=\"https:\/\/www.google.com\/maps\/d\/viewer?ll=28.863392%2C-13.852086&amp;spn=0.016575%2C0.021844&amp;hl=es&amp;msa=0&amp;z=15&amp;source=embed&amp;ie=UTF8&amp;mid=zUhX0Ve4coCk.kjvslr7Yyc9k\" target=\"_blank\" rel=\"noopener noreferrer\">Voir la carte<\/a><\/p>\n<hr \/>\n<h3>Villa \u00e0 vendre: Villa Corito<br \/>\nPlan de distribution<\/h3>\n<p><a href=\"https:\/\/www.villasenlanzarote.com\/wp-content\/uploads\/2016\/03\/Plano-Casa-Corito.jpg\" data-rel=\"prettyPhoto[2865]\"><img loading=\"lazy\" decoding=\"async\" class=\"alignnone size-full wp-image-1139\" src=\"https:\/\/www.villasenlanzarote.com\/wp-content\/uploads\/2016\/03\/Plano-Casa-Corito.jpg\" alt=\"Plano Casa Corito\" width=\"840\" height=\"602\" srcset=\"https:\/\/www.villasenlanzarote.com\/wp-content\/uploads\/2016\/03\/Plano-Casa-Corito.jpg 840w, https:\/\/www.villasenlanzarote.com\/wp-content\/uploads\/2016\/03\/Plano-Casa-Corito-300x215.jpg 300w\" sizes=\"auto, (max-width: 840px) 100vw, 840px\" \/><\/a><\/p>\n","protected":false},"excerpt":{"rendered":"<p>Vente de Villa Corito. Prix: 1.160.000 \u20ac Villa Corito, fantastique villa \u00e0 vendre \u00e0 Lanzarote totalement ind\u00e9pendante avec une vue magnifique sur la mer et les \u00eeles de Fuerteventura et Lobos. Situ\u00e9e dans un quartier r\u00e9sidentiel et \u00e0 quelques minutes du village de p\u00eacheurs de Playa Blanca, la Villa Corito[&#8230;]<\/p>\n","protected":false},"author":9,"featured_media":2783,"parent":0,"menu_order":0,"comment_status":"open","ping_status":"closed","template":"template-fullwidth.php","meta":{"footnotes":""},"class_list":["post-2865","page","type-page","status-publish","has-post-thumbnail","hentry"],"yoast_head":"<!-- This site is optimized with the Yoast SEO plugin v25.8 - https:\/\/yoast.com\/wordpress\/plugins\/seo\/ -->\n<title>Vente de Villa Corito, villas en vente \u00e0 Playa Blanca - Villas en Lanzarote<\/title>\n<meta name=\"description\" content=\"Vente de Villa Corito. Fantastique villa ind\u00e9pendante \u00e0 Playa Blanca. Magnifique vue sur la mer et les \u00eeles de Fuerteventura et Lobos.\" \/>\n<meta name=\"robots\" content=\"index, follow, max-snippet:-1, max-image-preview:large, max-video-preview:-1\" \/>\n<link rel=\"canonical\" href=\"https:\/\/www.villasenlanzarote.com\/fr\/vente-villa-corito\/\" \/>\n<meta property=\"og:locale\" content=\"fr_FR\" \/>\n<meta property=\"og:type\" content=\"article\" \/>\n<meta property=\"og:title\" content=\"Vente de Villa Corito, villas en vente \u00e0 Playa Blanca - Villas en Lanzarote\" \/>\n<meta property=\"og:description\" content=\"Vente de Villa Corito. Fantastique villa ind\u00e9pendante \u00e0 Playa Blanca. Magnifique vue sur la mer et les \u00eeles de Fuerteventura et Lobos.\" \/>\n<meta property=\"og:url\" content=\"https:\/\/www.villasenlanzarote.com\/fr\/vente-villa-corito\/\" \/>\n<meta property=\"og:site_name\" content=\"Villas en Lanzarote\" \/>\n<meta property=\"article:modified_time\" content=\"2023-02-28T19:41:20+00:00\" \/>\n<meta property=\"og:image\" content=\"https:\/\/www.villasenlanzarote.com\/wp-content\/uploads\/2016\/01\/Casa-Corito18.jpg\" \/>\n\t<meta property=\"og:image:width\" content=\"1700\" \/>\n\t<meta property=\"og:image:height\" content=\"1275\" \/>\n\t<meta property=\"og:image:type\" content=\"image\/jpeg\" \/>\n<meta name=\"twitter:card\" content=\"summary_large_image\" \/>\n<script type=\"application\/ld+json\" class=\"yoast-schema-graph\">{\"@context\":\"https:\/\/schema.org\",\"@graph\":[{\"@type\":\"WebPage\",\"@id\":\"https:\/\/www.villasenlanzarote.com\/fr\/vente-villa-corito\/\",\"url\":\"https:\/\/www.villasenlanzarote.com\/fr\/vente-villa-corito\/\",\"name\":\"Vente de Villa Corito, villas en vente \u00e0 Playa Blanca - Villas en Lanzarote\",\"isPartOf\":{\"@id\":\"https:\/\/www.villasenlanzarote.com\/#website\"},\"primaryImageOfPage\":{\"@id\":\"https:\/\/www.villasenlanzarote.com\/fr\/vente-villa-corito\/#primaryimage\"},\"image\":{\"@id\":\"https:\/\/www.villasenlanzarote.com\/fr\/vente-villa-corito\/#primaryimage\"},\"thumbnailUrl\":\"https:\/\/www.villasenlanzarote.com\/wp-content\/uploads\/2016\/01\/Casa-Corito18.jpg\",\"datePublished\":\"2016-04-05T16:37:31+00:00\",\"dateModified\":\"2023-02-28T19:41:20+00:00\",\"description\":\"Vente de Villa Corito. Fantastique villa ind\u00e9pendante \u00e0 Playa Blanca. Magnifique vue sur la mer et les \u00eeles de Fuerteventura et Lobos.\",\"breadcrumb\":{\"@id\":\"https:\/\/www.villasenlanzarote.com\/fr\/vente-villa-corito\/#breadcrumb\"},\"inLanguage\":\"fr-FR\",\"potentialAction\":[{\"@type\":\"ReadAction\",\"target\":[\"https:\/\/www.villasenlanzarote.com\/fr\/vente-villa-corito\/\"]}]},{\"@type\":\"ImageObject\",\"inLanguage\":\"fr-FR\",\"@id\":\"https:\/\/www.villasenlanzarote.com\/fr\/vente-villa-corito\/#primaryimage\",\"url\":\"https:\/\/www.villasenlanzarote.com\/wp-content\/uploads\/2016\/01\/Casa-Corito18.jpg\",\"contentUrl\":\"https:\/\/www.villasenlanzarote.com\/wp-content\/uploads\/2016\/01\/Casa-Corito18.jpg\",\"width\":1700,\"height\":1275},{\"@type\":\"BreadcrumbList\",\"@id\":\"https:\/\/www.villasenlanzarote.com\/fr\/vente-villa-corito\/#breadcrumb\",\"itemListElement\":[{\"@type\":\"ListItem\",\"position\":1,\"name\":\"Portada\",\"item\":\"https:\/\/www.villasenlanzarote.com\/fr\/accueil\/\"},{\"@type\":\"ListItem\",\"position\":2,\"name\":\"Vente de Villa Corito\"}]},{\"@type\":\"WebSite\",\"@id\":\"https:\/\/www.villasenlanzarote.com\/#website\",\"url\":\"https:\/\/www.villasenlanzarote.com\/\",\"name\":\"Villas en Lanzarote\",\"description\":\"3 luxury villas with the advantages of a Villa and the services of a Hotel. In the crags, the best residential area of Playa Blanca in Lanzarote.\",\"publisher\":{\"@id\":\"https:\/\/www.villasenlanzarote.com\/#organization\"},\"potentialAction\":[{\"@type\":\"SearchAction\",\"target\":{\"@type\":\"EntryPoint\",\"urlTemplate\":\"https:\/\/www.villasenlanzarote.com\/?s={search_term_string}\"},\"query-input\":{\"@type\":\"PropertyValueSpecification\",\"valueRequired\":true,\"valueName\":\"search_term_string\"}}],\"inLanguage\":\"fr-FR\"},{\"@type\":\"Organization\",\"@id\":\"https:\/\/www.villasenlanzarote.com\/#organization\",\"name\":\"Villas en Lanzarote\",\"url\":\"https:\/\/www.villasenlanzarote.com\/\",\"logo\":{\"@type\":\"ImageObject\",\"inLanguage\":\"fr-FR\",\"@id\":\"https:\/\/www.villasenlanzarote.com\/#\/schema\/logo\/image\/\",\"url\":\"https:\/\/www.villasenlanzarote.com\/wp-content\/uploads\/2016\/02\/Villas_Trans.png\",\"contentUrl\":\"https:\/\/www.villasenlanzarote.com\/wp-content\/uploads\/2016\/02\/Villas_Trans.png\",\"width\":929,\"height\":420,\"caption\":\"Villas en Lanzarote\"},\"image\":{\"@id\":\"https:\/\/www.villasenlanzarote.com\/#\/schema\/logo\/image\/\"}}]}<\/script>\n<!-- \/ Yoast SEO plugin. -->","yoast_head_json":{"title":"Vente de Villa Corito, villas en vente \u00e0 Playa Blanca - Villas en Lanzarote","description":"Vente de Villa Corito. Fantastique villa ind\u00e9pendante \u00e0 Playa Blanca. Magnifique vue sur la mer et les \u00eeles de Fuerteventura et Lobos.","robots":{"index":"index","follow":"follow","max-snippet":"max-snippet:-1","max-image-preview":"max-image-preview:large","max-video-preview":"max-video-preview:-1"},"canonical":"https:\/\/www.villasenlanzarote.com\/fr\/vente-villa-corito\/","og_locale":"fr_FR","og_type":"article","og_title":"Vente de Villa Corito, villas en vente \u00e0 Playa Blanca - Villas en Lanzarote","og_description":"Vente de Villa Corito. Fantastique villa ind\u00e9pendante \u00e0 Playa Blanca. Magnifique vue sur la mer et les \u00eeles de Fuerteventura et Lobos.","og_url":"https:\/\/www.villasenlanzarote.com\/fr\/vente-villa-corito\/","og_site_name":"Villas en Lanzarote","article_modified_time":"2023-02-28T19:41:20+00:00","og_image":[{"width":1700,"height":1275,"url":"https:\/\/www.villasenlanzarote.com\/wp-content\/uploads\/2016\/01\/Casa-Corito18.jpg","type":"image\/jpeg"}],"twitter_card":"summary_large_image","schema":{"@context":"https:\/\/schema.org","@graph":[{"@type":"WebPage","@id":"https:\/\/www.villasenlanzarote.com\/fr\/vente-villa-corito\/","url":"https:\/\/www.villasenlanzarote.com\/fr\/vente-villa-corito\/","name":"Vente de Villa Corito, villas en vente \u00e0 Playa Blanca - Villas en Lanzarote","isPartOf":{"@id":"https:\/\/www.villasenlanzarote.com\/#website"},"primaryImageOfPage":{"@id":"https:\/\/www.villasenlanzarote.com\/fr\/vente-villa-corito\/#primaryimage"},"image":{"@id":"https:\/\/www.villasenlanzarote.com\/fr\/vente-villa-corito\/#primaryimage"},"thumbnailUrl":"https:\/\/www.villasenlanzarote.com\/wp-content\/uploads\/2016\/01\/Casa-Corito18.jpg","datePublished":"2016-04-05T16:37:31+00:00","dateModified":"2023-02-28T19:41:20+00:00","description":"Vente de Villa Corito. Fantastique villa ind\u00e9pendante \u00e0 Playa Blanca. Magnifique vue sur la mer et les \u00eeles de Fuerteventura et Lobos.","breadcrumb":{"@id":"https:\/\/www.villasenlanzarote.com\/fr\/vente-villa-corito\/#breadcrumb"},"inLanguage":"fr-FR","potentialAction":[{"@type":"ReadAction","target":["https:\/\/www.villasenlanzarote.com\/fr\/vente-villa-corito\/"]}]},{"@type":"ImageObject","inLanguage":"fr-FR","@id":"https:\/\/www.villasenlanzarote.com\/fr\/vente-villa-corito\/#primaryimage","url":"https:\/\/www.villasenlanzarote.com\/wp-content\/uploads\/2016\/01\/Casa-Corito18.jpg","contentUrl":"https:\/\/www.villasenlanzarote.com\/wp-content\/uploads\/2016\/01\/Casa-Corito18.jpg","width":1700,"height":1275},{"@type":"BreadcrumbList","@id":"https:\/\/www.villasenlanzarote.com\/fr\/vente-villa-corito\/#breadcrumb","itemListElement":[{"@type":"ListItem","position":1,"name":"Portada","item":"https:\/\/www.villasenlanzarote.com\/fr\/accueil\/"},{"@type":"ListItem","position":2,"name":"Vente de Villa Corito"}]},{"@type":"WebSite","@id":"https:\/\/www.villasenlanzarote.com\/#website","url":"https:\/\/www.villasenlanzarote.com\/","name":"Villas en Lanzarote","description":"3 luxury villas with the advantages of a Villa and the services of a Hotel. In the crags, the best residential area of Playa Blanca in Lanzarote.","publisher":{"@id":"https:\/\/www.villasenlanzarote.com\/#organization"},"potentialAction":[{"@type":"SearchAction","target":{"@type":"EntryPoint","urlTemplate":"https:\/\/www.villasenlanzarote.com\/?s={search_term_string}"},"query-input":{"@type":"PropertyValueSpecification","valueRequired":true,"valueName":"search_term_string"}}],"inLanguage":"fr-FR"},{"@type":"Organization","@id":"https:\/\/www.villasenlanzarote.com\/#organization","name":"Villas en Lanzarote","url":"https:\/\/www.villasenlanzarote.com\/","logo":{"@type":"ImageObject","inLanguage":"fr-FR","@id":"https:\/\/www.villasenlanzarote.com\/#\/schema\/logo\/image\/","url":"https:\/\/www.villasenlanzarote.com\/wp-content\/uploads\/2016\/02\/Villas_Trans.png","contentUrl":"https:\/\/www.villasenlanzarote.com\/wp-content\/uploads\/2016\/02\/Villas_Trans.png","width":929,"height":420,"caption":"Villas en Lanzarote"},"image":{"@id":"https:\/\/www.villasenlanzarote.com\/#\/schema\/logo\/image\/"}}]}},"_links":{"self":[{"href":"https:\/\/www.villasenlanzarote.com\/fr\/wp-json\/wp\/v2\/pages\/2865","targetHints":{"allow":["GET"]}}],"collection":[{"href":"https:\/\/www.villasenlanzarote.com\/fr\/wp-json\/wp\/v2\/pages"}],"about":[{"href":"https:\/\/www.villasenlanzarote.com\/fr\/wp-json\/wp\/v2\/types\/page"}],"author":[{"embeddable":true,"href":"https:\/\/www.villasenlanzarote.com\/fr\/wp-json\/wp\/v2\/users\/9"}],"replies":[{"embeddable":true,"href":"https:\/\/www.villasenlanzarote.com\/fr\/wp-json\/wp\/v2\/comments?post=2865"}],"version-history":[{"count":8,"href":"https:\/\/www.villasenlanzarote.com\/fr\/wp-json\/wp\/v2\/pages\/2865\/revisions"}],"predecessor-version":[{"id":3318,"href":"https:\/\/www.villasenlanzarote.com\/fr\/wp-json\/wp\/v2\/pages\/2865\/revisions\/3318"}],"wp:featuredmedia":[{"embeddable":true,"href":"https:\/\/www.villasenlanzarote.com\/fr\/wp-json\/wp\/v2\/media\/2783"}],"wp:attachment":[{"href":"https:\/\/www.villasenlanzarote.com\/fr\/wp-json\/wp\/v2\/media?parent=2865"}],"curies":[{"name":"wp","href":"https:\/\/api.w.org\/{rel}","templated":true}]}}