{"id":2861,"date":"2016-04-05T17:49:16","date_gmt":"2016-04-05T15:49:16","guid":{"rendered":"https:\/\/www.villasenlanzarote.com\/venta-parcelas-solares\/"},"modified":"2021-05-14T16:52:14","modified_gmt":"2021-05-14T14:52:14","slug":"vente-terrains-playa-blanca","status":"publish","type":"page","link":"https:\/\/www.villasenlanzarote.com\/fr\/vente-terrains-playa-blanca\/","title":{"rendered":"Vente de terrains \u00e0 Playa Blanca"},"content":{"rendered":"<p>Villas \u00e0 Lanzarote ont des parcelles\u00a0 \u00e0 vendre \u00e0 Playa Blanca. Ils sont situ\u00e9s dans le quartier r\u00e9sidentiel exclusif de Castillo del \u00c1guila, tr\u00e8s proche du fabuleux Puerto Deportivo Marina Rubic\u00f3n, situ\u00e9 dans le sud-ouest de l&rsquo;\u00eele de Lanzarote, o\u00f9 nous avons des <a href=\"https:\/\/www.villasenlanzarote.com\/fr\/amarrages-a-marina-rubicon\/\">amarres disponibles \u00e0 la location et \u00e0 la vente<\/a>.<\/p>\n<p>Les parcelles sont situ\u00e9es \u00e0 quelques kilom\u00e8tres du centre urbain de Playa Blanca, o\u00f9 vous pourrez profiter de son port de p\u00eache typique, de ses restaurants de poisson frais et de sa splendide baie id\u00e9ale pour fl\u00e2ner au coucher du soleil. Les fantastiques plages de Papagayo et tout l&rsquo;environnement naturel de Punta del Papagayo sont \u00e0 seulement 5 km des terrains et parcelles disponibles.<\/p>\n<p>Dans les environs du quartier r\u00e9sidentiel de Castillo del \u00c1guila, il y a des installations sportives et de loisirs qui compl\u00e8tent l&rsquo;offre que la zone naturelle de Playa Blanca offre: un <strong>terrain de golf<\/strong> \u00e0 environ 50 km, un <strong>centre \u00e9questre<\/strong> \u00e0 18 km, 300 m de la Marina Rubic\u00f3n<strong> port de sports<\/strong>, \u00e0 10 minutes d&rsquo;une <strong>\u00e9cole de plong\u00e9e<\/strong> et des zones de loisirs \u00e0 proximit\u00e9 du port de plaisance.<\/p>\n<h2>Terrains \u00e0 vendre, <a href=\"https:\/\/goo.gl\/maps\/qARDeW9cWF5UppKV6\" target=\"_blank\" rel=\"noopener noreferrer\">Castillo del \u00c1guila<\/a>, Playa Blanca &#8211; Yaiza<\/h2>\n<p>Ce tarif annule tout autre d&rsquo;une date ant\u00e9rieure. 20\/05\/2018<\/p>\n<p><a href=\"https:\/\/www.villasenlanzarote.com\/wp-content\/uploads\/2019\/05\/parcelas-vendidas-y-reservadas.jpg\" data-rel=\"prettyPhoto[2861]\"><img loading=\"lazy\" decoding=\"async\" class=\"alignnone wp-image-1919 size-full\" src=\"https:\/\/www.villasenlanzarote.com\/wp-content\/uploads\/2019\/05\/parcelas-vendidas-y-reservadas.jpg\" alt=\"parcelas vendidas y reservadas\" width=\"1199\" height=\"531\" srcset=\"https:\/\/www.villasenlanzarote.com\/wp-content\/uploads\/2019\/05\/parcelas-vendidas-y-reservadas.jpg 1199w, https:\/\/www.villasenlanzarote.com\/wp-content\/uploads\/2019\/05\/parcelas-vendidas-y-reservadas-300x133.jpg 300w, https:\/\/www.villasenlanzarote.com\/wp-content\/uploads\/2019\/05\/parcelas-vendidas-y-reservadas-1024x453.jpg 1024w\" sizes=\"auto, (max-width: 1199px) 100vw, 1199px\" \/><\/a><\/p>\n<p style=\"text-align: center;\"><a href=\"https:\/\/www.villasenlanzarote.com\/wp-content\/uploads\/2019\/05\/Venta-de-Parcelas-y-Solares-reservadas.jpg\" data-rel=\"prettyPhoto[2861]\"><img loading=\"lazy\" decoding=\"async\" class=\"alignnone wp-image-1920 size-full\" src=\"https:\/\/www.villasenlanzarote.com\/wp-content\/uploads\/2019\/05\/Venta-de-Parcelas-y-Solares-reservadas.jpg\" alt=\"Venta-de-Parcelas-y-Solares-reservadas\" width=\"595\" height=\"585\" srcset=\"https:\/\/www.villasenlanzarote.com\/wp-content\/uploads\/2019\/05\/Venta-de-Parcelas-y-Solares-reservadas.jpg 595w, https:\/\/www.villasenlanzarote.com\/wp-content\/uploads\/2019\/05\/Venta-de-Parcelas-y-Solares-reservadas-300x295.jpg 300w\" sizes=\"auto, (max-width: 595px) 100vw, 595px\" \/><\/a><\/p>\n","protected":false},"excerpt":{"rendered":"<p>Villas \u00e0 Lanzarote ont des parcelles\u00a0 \u00e0 vendre \u00e0 Playa Blanca. Ils sont situ\u00e9s dans le quartier r\u00e9sidentiel exclusif de Castillo del \u00c1guila, tr\u00e8s proche du fabuleux Puerto Deportivo Marina Rubic\u00f3n, situ\u00e9 dans le sud-ouest de l&rsquo;\u00eele de Lanzarote, o\u00f9 nous avons des amarres disponibles \u00e0 la location et \u00e0[&#8230;]<\/p>\n","protected":false},"author":9,"featured_media":0,"parent":0,"menu_order":0,"comment_status":"open","ping_status":"closed","template":"template-fullwidth.php","meta":{"footnotes":""},"class_list":["post-2861","page","type-page","status-publish","hentry"],"yoast_head":"<!-- This site is optimized with the Yoast SEO plugin v25.8 - https:\/\/yoast.com\/wordpress\/plugins\/seo\/ -->\n<title>Vente de terrains \u00e0 Playa Blanca - Villas en Lanzarote<\/title>\n<meta name=\"description\" content=\"Vente de terrains \u00e0 Playa Blanca. Quartier r\u00e9sidentiel exclusif tr\u00e8s proche de Marina Rubic\u00f3n et des plages de Papagayo, Lanzarote.\" \/>\n<meta name=\"robots\" content=\"index, follow, max-snippet:-1, max-image-preview:large, max-video-preview:-1\" \/>\n<link rel=\"canonical\" href=\"https:\/\/www.villasenlanzarote.com\/fr\/vente-terrains-playa-blanca\/\" \/>\n<meta property=\"og:locale\" content=\"fr_FR\" \/>\n<meta property=\"og:type\" content=\"article\" \/>\n<meta property=\"og:title\" content=\"Vente de terrains \u00e0 Playa Blanca - Villas en Lanzarote\" \/>\n<meta property=\"og:description\" content=\"Vente de terrains \u00e0 Playa Blanca. Quartier r\u00e9sidentiel exclusif tr\u00e8s proche de Marina Rubic\u00f3n et des plages de Papagayo, Lanzarote.\" \/>\n<meta property=\"og:url\" content=\"https:\/\/www.villasenlanzarote.com\/fr\/vente-terrains-playa-blanca\/\" \/>\n<meta property=\"og:site_name\" content=\"Villas en Lanzarote\" \/>\n<meta property=\"article:modified_time\" content=\"2021-05-14T14:52:14+00:00\" \/>\n<meta property=\"og:image\" content=\"https:\/\/www.villasenlanzarote.com\/wp-content\/uploads\/2019\/05\/parcelas-vendidas-y-reservadas.jpg\" \/>\n<meta name=\"twitter:card\" content=\"summary_large_image\" \/>\n<script type=\"application\/ld+json\" class=\"yoast-schema-graph\">{\"@context\":\"https:\/\/schema.org\",\"@graph\":[{\"@type\":\"WebPage\",\"@id\":\"https:\/\/www.villasenlanzarote.com\/fr\/vente-terrains-playa-blanca\/\",\"url\":\"https:\/\/www.villasenlanzarote.com\/fr\/vente-terrains-playa-blanca\/\",\"name\":\"Vente de terrains \u00e0 Playa Blanca - Villas en Lanzarote\",\"isPartOf\":{\"@id\":\"https:\/\/www.villasenlanzarote.com\/#website\"},\"primaryImageOfPage\":{\"@id\":\"https:\/\/www.villasenlanzarote.com\/fr\/vente-terrains-playa-blanca\/#primaryimage\"},\"image\":{\"@id\":\"https:\/\/www.villasenlanzarote.com\/fr\/vente-terrains-playa-blanca\/#primaryimage\"},\"thumbnailUrl\":\"https:\/\/www.villasenlanzarote.com\/wp-content\/uploads\/2019\/05\/parcelas-vendidas-y-reservadas.jpg\",\"datePublished\":\"2016-04-05T15:49:16+00:00\",\"dateModified\":\"2021-05-14T14:52:14+00:00\",\"description\":\"Vente de terrains \u00e0 Playa Blanca. Quartier r\u00e9sidentiel exclusif tr\u00e8s proche de Marina Rubic\u00f3n et des plages de Papagayo, Lanzarote.\",\"breadcrumb\":{\"@id\":\"https:\/\/www.villasenlanzarote.com\/fr\/vente-terrains-playa-blanca\/#breadcrumb\"},\"inLanguage\":\"fr-FR\",\"potentialAction\":[{\"@type\":\"ReadAction\",\"target\":[\"https:\/\/www.villasenlanzarote.com\/fr\/vente-terrains-playa-blanca\/\"]}]},{\"@type\":\"ImageObject\",\"inLanguage\":\"fr-FR\",\"@id\":\"https:\/\/www.villasenlanzarote.com\/fr\/vente-terrains-playa-blanca\/#primaryimage\",\"url\":\"https:\/\/www.villasenlanzarote.com\/wp-content\/uploads\/2019\/05\/parcelas-vendidas-y-reservadas.jpg\",\"contentUrl\":\"https:\/\/www.villasenlanzarote.com\/wp-content\/uploads\/2019\/05\/parcelas-vendidas-y-reservadas.jpg\"},{\"@type\":\"BreadcrumbList\",\"@id\":\"https:\/\/www.villasenlanzarote.com\/fr\/vente-terrains-playa-blanca\/#breadcrumb\",\"itemListElement\":[{\"@type\":\"ListItem\",\"position\":1,\"name\":\"Portada\",\"item\":\"https:\/\/www.villasenlanzarote.com\/fr\/accueil\/\"},{\"@type\":\"ListItem\",\"position\":2,\"name\":\"Vente de terrains \u00e0 Playa Blanca\"}]},{\"@type\":\"WebSite\",\"@id\":\"https:\/\/www.villasenlanzarote.com\/#website\",\"url\":\"https:\/\/www.villasenlanzarote.com\/\",\"name\":\"Villas en Lanzarote\",\"description\":\"3 luxury villas with the advantages of a Villa and the services of a Hotel. In the crags, the best residential area of Playa Blanca in Lanzarote.\",\"publisher\":{\"@id\":\"https:\/\/www.villasenlanzarote.com\/#organization\"},\"potentialAction\":[{\"@type\":\"SearchAction\",\"target\":{\"@type\":\"EntryPoint\",\"urlTemplate\":\"https:\/\/www.villasenlanzarote.com\/?s={search_term_string}\"},\"query-input\":{\"@type\":\"PropertyValueSpecification\",\"valueRequired\":true,\"valueName\":\"search_term_string\"}}],\"inLanguage\":\"fr-FR\"},{\"@type\":\"Organization\",\"@id\":\"https:\/\/www.villasenlanzarote.com\/#organization\",\"name\":\"Villas en Lanzarote\",\"url\":\"https:\/\/www.villasenlanzarote.com\/\",\"logo\":{\"@type\":\"ImageObject\",\"inLanguage\":\"fr-FR\",\"@id\":\"https:\/\/www.villasenlanzarote.com\/#\/schema\/logo\/image\/\",\"url\":\"https:\/\/www.villasenlanzarote.com\/wp-content\/uploads\/2016\/02\/Villas_Trans.png\",\"contentUrl\":\"https:\/\/www.villasenlanzarote.com\/wp-content\/uploads\/2016\/02\/Villas_Trans.png\",\"width\":929,\"height\":420,\"caption\":\"Villas en Lanzarote\"},\"image\":{\"@id\":\"https:\/\/www.villasenlanzarote.com\/#\/schema\/logo\/image\/\"}}]}<\/script>\n<!-- \/ Yoast SEO plugin. -->","yoast_head_json":{"title":"Vente de terrains \u00e0 Playa Blanca - Villas en Lanzarote","description":"Vente de terrains \u00e0 Playa Blanca. Quartier r\u00e9sidentiel exclusif tr\u00e8s proche de Marina Rubic\u00f3n et des plages de Papagayo, Lanzarote.","robots":{"index":"index","follow":"follow","max-snippet":"max-snippet:-1","max-image-preview":"max-image-preview:large","max-video-preview":"max-video-preview:-1"},"canonical":"https:\/\/www.villasenlanzarote.com\/fr\/vente-terrains-playa-blanca\/","og_locale":"fr_FR","og_type":"article","og_title":"Vente de terrains \u00e0 Playa Blanca - Villas en Lanzarote","og_description":"Vente de terrains \u00e0 Playa Blanca. Quartier r\u00e9sidentiel exclusif tr\u00e8s proche de Marina Rubic\u00f3n et des plages de Papagayo, Lanzarote.","og_url":"https:\/\/www.villasenlanzarote.com\/fr\/vente-terrains-playa-blanca\/","og_site_name":"Villas en Lanzarote","article_modified_time":"2021-05-14T14:52:14+00:00","og_image":[{"url":"https:\/\/www.villasenlanzarote.com\/wp-content\/uploads\/2019\/05\/parcelas-vendidas-y-reservadas.jpg","type":"","width":"","height":""}],"twitter_card":"summary_large_image","schema":{"@context":"https:\/\/schema.org","@graph":[{"@type":"WebPage","@id":"https:\/\/www.villasenlanzarote.com\/fr\/vente-terrains-playa-blanca\/","url":"https:\/\/www.villasenlanzarote.com\/fr\/vente-terrains-playa-blanca\/","name":"Vente de terrains \u00e0 Playa Blanca - Villas en Lanzarote","isPartOf":{"@id":"https:\/\/www.villasenlanzarote.com\/#website"},"primaryImageOfPage":{"@id":"https:\/\/www.villasenlanzarote.com\/fr\/vente-terrains-playa-blanca\/#primaryimage"},"image":{"@id":"https:\/\/www.villasenlanzarote.com\/fr\/vente-terrains-playa-blanca\/#primaryimage"},"thumbnailUrl":"https:\/\/www.villasenlanzarote.com\/wp-content\/uploads\/2019\/05\/parcelas-vendidas-y-reservadas.jpg","datePublished":"2016-04-05T15:49:16+00:00","dateModified":"2021-05-14T14:52:14+00:00","description":"Vente de terrains \u00e0 Playa Blanca. Quartier r\u00e9sidentiel exclusif tr\u00e8s proche de Marina Rubic\u00f3n et des plages de Papagayo, Lanzarote.","breadcrumb":{"@id":"https:\/\/www.villasenlanzarote.com\/fr\/vente-terrains-playa-blanca\/#breadcrumb"},"inLanguage":"fr-FR","potentialAction":[{"@type":"ReadAction","target":["https:\/\/www.villasenlanzarote.com\/fr\/vente-terrains-playa-blanca\/"]}]},{"@type":"ImageObject","inLanguage":"fr-FR","@id":"https:\/\/www.villasenlanzarote.com\/fr\/vente-terrains-playa-blanca\/#primaryimage","url":"https:\/\/www.villasenlanzarote.com\/wp-content\/uploads\/2019\/05\/parcelas-vendidas-y-reservadas.jpg","contentUrl":"https:\/\/www.villasenlanzarote.com\/wp-content\/uploads\/2019\/05\/parcelas-vendidas-y-reservadas.jpg"},{"@type":"BreadcrumbList","@id":"https:\/\/www.villasenlanzarote.com\/fr\/vente-terrains-playa-blanca\/#breadcrumb","itemListElement":[{"@type":"ListItem","position":1,"name":"Portada","item":"https:\/\/www.villasenlanzarote.com\/fr\/accueil\/"},{"@type":"ListItem","position":2,"name":"Vente de terrains \u00e0 Playa Blanca"}]},{"@type":"WebSite","@id":"https:\/\/www.villasenlanzarote.com\/#website","url":"https:\/\/www.villasenlanzarote.com\/","name":"Villas en Lanzarote","description":"3 luxury villas with the advantages of a Villa and the services of a Hotel. In the crags, the best residential area of Playa Blanca in Lanzarote.","publisher":{"@id":"https:\/\/www.villasenlanzarote.com\/#organization"},"potentialAction":[{"@type":"SearchAction","target":{"@type":"EntryPoint","urlTemplate":"https:\/\/www.villasenlanzarote.com\/?s={search_term_string}"},"query-input":{"@type":"PropertyValueSpecification","valueRequired":true,"valueName":"search_term_string"}}],"inLanguage":"fr-FR"},{"@type":"Organization","@id":"https:\/\/www.villasenlanzarote.com\/#organization","name":"Villas en Lanzarote","url":"https:\/\/www.villasenlanzarote.com\/","logo":{"@type":"ImageObject","inLanguage":"fr-FR","@id":"https:\/\/www.villasenlanzarote.com\/#\/schema\/logo\/image\/","url":"https:\/\/www.villasenlanzarote.com\/wp-content\/uploads\/2016\/02\/Villas_Trans.png","contentUrl":"https:\/\/www.villasenlanzarote.com\/wp-content\/uploads\/2016\/02\/Villas_Trans.png","width":929,"height":420,"caption":"Villas en Lanzarote"},"image":{"@id":"https:\/\/www.villasenlanzarote.com\/#\/schema\/logo\/image\/"}}]}},"_links":{"self":[{"href":"https:\/\/www.villasenlanzarote.com\/fr\/wp-json\/wp\/v2\/pages\/2861","targetHints":{"allow":["GET"]}}],"collection":[{"href":"https:\/\/www.villasenlanzarote.com\/fr\/wp-json\/wp\/v2\/pages"}],"about":[{"href":"https:\/\/www.villasenlanzarote.com\/fr\/wp-json\/wp\/v2\/types\/page"}],"author":[{"embeddable":true,"href":"https:\/\/www.villasenlanzarote.com\/fr\/wp-json\/wp\/v2\/users\/9"}],"replies":[{"embeddable":true,"href":"https:\/\/www.villasenlanzarote.com\/fr\/wp-json\/wp\/v2\/comments?post=2861"}],"version-history":[{"count":3,"href":"https:\/\/www.villasenlanzarote.com\/fr\/wp-json\/wp\/v2\/pages\/2861\/revisions"}],"predecessor-version":[{"id":3083,"href":"https:\/\/www.villasenlanzarote.com\/fr\/wp-json\/wp\/v2\/pages\/2861\/revisions\/3083"}],"wp:attachment":[{"href":"https:\/\/www.villasenlanzarote.com\/fr\/wp-json\/wp\/v2\/media?parent=2861"}],"curies":[{"name":"wp","href":"https:\/\/api.w.org\/{rel}","templated":true}]}}