{"id":2858,"date":"2016-01-31T01:08:05","date_gmt":"2016-01-31T00:08:05","guid":{"rendered":"https:\/\/www.villasenlanzarote.com\/politica-de-privacidad-y-cookies\/"},"modified":"2023-02-28T21:03:19","modified_gmt":"2023-02-28T20:03:19","slug":"politique-confidentialite-et-cookies","status":"publish","type":"page","link":"https:\/\/www.villasenlanzarote.com\/fr\/politique-confidentialite-et-cookies\/","title":{"rendered":"Politique de confidentialit\u00e9 et cookies"},"content":{"rendered":"<h2>INFORMATION L\u00c9GALE<\/h2>\n<p><strong>SUMMUM DESIGN STUDIO S.L.<\/strong> propri\u00e9taire du site web &lsquo;villasenlanzarote.com&rsquo;, C.I.F.B-84338615, est une soci\u00e9t\u00e9 inscrite au registre du commerce de Madrid, volume 21 386, page 77, num\u00e9ro de page M-380180, domicili\u00e9e Calle Espa\u00f1a n\u00ba8, Urbanizaci\u00f3n Los Riscos de Monta\u00f1a Roja n\u00ba7, Playa Blanca-Yaiza, et enregistr\u00e9e \u00e0 l&rsquo;IAE sous la rubrique 7111.<\/p>\n<p>Cet avis juridique r\u00e9git l&rsquo;acc\u00e8s et l&rsquo;utilisation du service du site Web www.villasenlanzarote.com (ci-apr\u00e8s, le \u00absite Web\u00bb). <strong>SUMMUM DESIGN STUDIO S.L.<\/strong> peut modifier \u00e0 tout moment et sans pr\u00e9avis, la conception, la pr\u00e9sentation et \/ ou la configuration du Site Web, ainsi que tout ou partie des services, et ajouter de nouveaux services.<\/p>\n<p>L&rsquo;utilisation de ce site Web implique l&rsquo;acceptation pleine et enti\u00e8re des dispositions incluses dans le pr\u00e9sent avis dans la version publi\u00e9e par <strong>SUMMUM DESIGN STUDIO S.L.<\/strong> au moment o\u00f9 l&rsquo;utilisateur acc\u00e8de au site Web. De m\u00eame, <strong>SUMMUM DESIGN STUDIO S.L.<\/strong> informe les Utilisateurs de ce Site Web que les pr\u00e9sentes Conditions G\u00e9n\u00e9rales d&rsquo;Utilisation peuvent \u00eatre modifi\u00e9es sans notification pr\u00e9alable. En cons\u00e9quence, l&rsquo;Utilisateur doit lire attentivement le pr\u00e9sent avis juridique \u00e0 chacune des occasions d&rsquo;utilisation du site Web, car il peut subir des modifications.<\/p>\n<h3>L\u00e9gislation d&rsquo;application<\/h3>\n<p>La location de la villa est effectu\u00e9e sous la protection de la loi 29\/1994, du 24 novembre, sur les baux urbains, telle qu&rsquo;\u00e9tablie dans la section sur l&rsquo;utilisation autre que le logement, la location saisonni\u00e8re \u00e0 des fins de vacances.<\/p>\n<h3>Conditions d&rsquo;acc\u00e8s et d&rsquo;utilisation du site Web<\/h3>\n<p>L&rsquo;utilisateur s&rsquo;engage \u00e0 en faire un usage diligent et aux services accessibles \u00e0 partir de ce site Web, dans le plein respect de la loi, des bonnes habitudes et des pr\u00e9sentes conditions g\u00e9n\u00e9rales, ainsi que dans le respect des autres utilisateurs.<\/p>\n<p>Toute utilisation autre que le but de ce site Web est express\u00e9ment interdite.<\/p>\n<p>En ce sens, l&rsquo;Utilisateur renoncera \u00e0 utiliser l&rsquo;un quelconque des mat\u00e9riaux et informations contenus dans ce Site Web \u00e0 des fins ill\u00e9gales et express\u00e9ment interdites dans les pr\u00e9sentes Conditions G\u00e9n\u00e9rales d&rsquo;Utilisation ou \u00e0 des actions contraires aux droits et int\u00e9r\u00eats d&rsquo;<strong>SUMMUM DESIGN STUDIO S.L.<\/strong>, de ses membres et \/ ou des tiers, et doit y r\u00e9pondre en cas de violation ou de violation desdites obligations et \/ ou qui, de quelque mani\u00e8re que ce soit (y compris l&rsquo;introduction ou la propagation de \u00ab\u00a0 virus informatiques \u00a0\u00bb), endommage, d\u00e9sactive, surcharge, d\u00e9t\u00e9riore ou emp\u00eache l&rsquo;utilisation normale du mat\u00e9riel et des informations contenus dans le site Web, les syst\u00e8mes d&rsquo;information ou les documents, fichiers et toutes sortes de contenus stock\u00e9s dans tout \u00e9quipement informatique (piratage) d&rsquo;<strong>SUMMUM DESIGN STUDIO S.L.<\/strong>, de ses membres ou de tout utilisateur du site Web.<\/p>\n<p>En g\u00e9n\u00e9ral, la fourniture de services ne n\u00e9cessite pas d&rsquo;abonnement ou d&rsquo;enregistrement pr\u00e9alable des utilisateurs.<\/p>\n<p>L&rsquo;Utilisateur qui enfreint intentionnellement ou de mani\u00e8re coupable l&rsquo;une des obligations ci-dessus sera responsable de tous les dommages caus\u00e9s.<\/p>\n<h3>Exclusion de garanties et de responsabilit\u00e9<\/h3>\n<p>Sauf dans les cas express\u00e9ment d\u00e9crits dans les Conditions G\u00e9n\u00e9rales d&rsquo;Utilisation et le reste du cadre r\u00e8glementaire,\u00a0<strong>SUMMUM DESIGN STUDIO S.L.<\/strong> n&rsquo;est pas responsable des dommages de toute nature qui pourraient \u00eatre dus \u00e0 un manque d&rsquo;exactitude, d&rsquo;exhaustivit\u00e9, d&rsquo;actualit\u00e9, ainsi que d&rsquo;erreurs ou d&rsquo;omissions de ceux qui peuvent souffrir des informations et des services contenus dans ce site Web ou de tout autre contenu auquel il peut acc\u00e9der, et n&rsquo;assume aucun devoir ou engagement de v\u00e9rifier ou de surveiller son contenu et ses informations.<\/p>\n<p><strong>SUMMUM DESIGN STUDIO S.L.<\/strong>\u00a0n&rsquo;est pas responsable du contenu librement publi\u00e9 par les propri\u00e9taires des appartements, notamment les photos publi\u00e9es par les propri\u00e9taires, qui rel\u00e8vent de leur seule et exclusive responsabilit\u00e9, excluant ARAMBOL 95 de tout type de responsabilit\u00e9 \u00e0 cet \u00e9gard.<\/p>\n<p>De m\u00eame, <strong>SUMMUM DESIGN STUDIO S.L.<\/strong> ne garantit pas la disponibilit\u00e9, la continuit\u00e9 ou l&rsquo;infaillibilit\u00e9 du fonctionnement du Site Web, et exclut par cons\u00e9quent, dans la mesure maximale permise par la l\u00e9gislation en vigueur, toute responsabilit\u00e9 pour les dommages de toute nature pouvant \u00eatre dus \u00e0 un manque de disponibilit\u00e9 ou de continuit\u00e9. du fonctionnement du site Web et des services qui y sont activ\u00e9s, ainsi que des erreurs d&rsquo;acc\u00e8s aux diff\u00e9rentes pages Web ou \u00e0 partir desquelles, le cas \u00e9ch\u00e9ant, lesdits services sont fournis.<\/p>\n<p><strong>SUMMUM DESIGN STUDIO S.L.<\/strong> exclut toute responsabilit\u00e9 pour les dommages de toute nature qui pourraient \u00eatre dus aux services fournis par des tiers \u00e0 travers ce site Web ainsi que les moyens qu&rsquo;ils permettent de g\u00e9rer les demandes de services, et notamment, \u00e0 titre d&rsquo;exemple et non limitatif: pour des actes de la concurrence d\u00e9loyale et de la publicit\u00e9 ill\u00e9gale r\u00e9sultant de la fourniture de services par des tiers via le site Web, ainsi que du manque de v\u00e9racit\u00e9, d&rsquo;exactitude, d&rsquo;exhaustivit\u00e9, de vices, de d\u00e9fauts, de pertinence et \/ ou d&rsquo;actualit\u00e9 des contenus transmis, diffus\u00e9s, stock\u00e9s, re\u00e7us, obtenus, mis \u00e0 disposition ou accessibles via les services fournis par des tiers via ce site Web.<\/p>\n<h3>Pol\u00edtica de Protecci\u00f3n de datos de car\u00e1cter Personal<\/h3>\n<p>Villasenlanzarote.com cumple \u00edntegramente con la legislaci\u00f3n vigente en materia de protecci\u00f3n de datos de car\u00e1cter personal, y con los compromisos de confidencialidad propios de su actividad.<\/p>\n<h3>Droit d&rsquo;opposition, de correction et de mise \u00e0 jour des donn\u00e9es<\/h3>\n<p>L&rsquo;utilisateur a le droit d&rsquo;acc\u00e9der \u00e0 ces informations, de les rectifier si les donn\u00e9es sont erron\u00e9es et de se d\u00e9sinscrire des services de villasenlanzarote.com.<\/p>\n<p>En cas de probl\u00e8mes pour la mise en \u0153uvre efficace en ligne ainsi que pour tout type de doute ou de controverse concernant notre politique de confidentialit\u00e9 des donn\u00e9es, vous pouvez contacter directement:<\/p>\n<p>info@villasenlanzarote.com<br \/>\n<strong>SUMMUM DESIGN STUDIO S.L.<\/strong><br \/>\nC \/ Espa\u00f1a n\u00ba 8. Urb. Los Riscos de Monta\u00f1a Roja n\u00ba 7.<br \/>\nE-35580 &#8211; Playa Blanca &#8211; Yaiza &#8211; Lanzarote.<\/p>\n<p>Le traitement des donn\u00e9es personnelles et l&rsquo;envoi de communications par voie \u00e9lectronique sont adapt\u00e9s aux r\u00e9glementations \u00e9tablies dans la loi organique 15\/1999 du 13 d\u00e9cembre sur la protection des donn\u00e9es personnelles (BOE 12\/14\/1999) et dans la loi 34\/2002 du 11 juillet sur les services de la soci\u00e9t\u00e9 de l&rsquo;information et du commerce \u00e9lectronique (BOE 07\/12\/2002)<\/p>\n<h3>Objectif<\/h3>\n<p>Les donn\u00e9es des utilisateurs enregistr\u00e9s via les formulaires pr\u00e9vus \u00e0 cet effet sur www.villasenlanzarote.com (ci-apr\u00e8s, le site Web) sont collect\u00e9es par Arambol 95 afin de faciliter la fourniture des services fournis via ledit site Web; Portail de recherche d&rsquo;appartements de location de vacances, ainsi que la fourniture de services de loisirs et immobiliers li\u00e9s \u00e0 l&rsquo;appartement de vacances.<\/p>\n<h3>Caract\u00e8re obligatoire ou facultatif des informations<\/h3>\n<p>Caract\u00e8re obligatoire ou facultatif des informations fournies par l&rsquo;utilisateur et la v\u00e9racit\u00e9 des donn\u00e9es.<\/p>\n<p>Les champs \u00e0 remplir par l&rsquo;utilisateur sont strictement n\u00e9cessaires pour r\u00e9pondre \u00e0 sa demande.<\/p>\n<p>L&rsquo;utilisateur garantit que les donn\u00e9es personnelles fournies \u00e0 <strong>SUMMUM DESIGN STUDIO S.L.<\/strong> sont v\u00e9ridiques et est responsable de leur communiquer toute modification.<\/p>\n<p>Les donn\u00e9es collect\u00e9es sont ad\u00e9quates, pertinentes et non excessives au regard de la port\u00e9e, des finalit\u00e9s et des services sp\u00e9cifiques, explicites et l\u00e9gitimes d&rsquo;<strong>SUMMUM DESIGN STUDIO S.L.<\/strong><\/p>\n<h3>Consentement de l&rsquo;utilisateur<\/h3>\n<p>L&rsquo;envoi de donn\u00e9es personnelles via l&rsquo;utilisation des formulaires \u00e9lectroniques <strong>SUMMUM DESIGN STUDIO S.L.<\/strong> ou, le cas \u00e9ch\u00e9ant, des e-mails, implique le consentement expr\u00e8s de l&rsquo;exp\u00e9diteur au traitement automatis\u00e9 des donn\u00e9es incluses dans les moyens de communication indiqu\u00e9s, ainsi qu&rsquo;\u00e0 l&rsquo;envoi de communications avec des informations relatives \u00e0 <strong>SUMMUM DESIGN STUDIO S.L.<\/strong> et \u00e0 ses initiatives.<\/p>\n<p>En remplissant et en envoyant les formulaires et les courriels, l&rsquo;utilisateur consent \u00e0 l&rsquo;envoi de communications promotionnelles li\u00e9es au secteur des appartements de vacances, des loisirs et de l&rsquo;immobilier.<\/p>\n<p>L&rsquo;utilisateur peut se d\u00e9sinscrire ou modifier ses donn\u00e9es rapidement et gratuitement.<\/p>\n<h3>Alertes, bulletin et communications \u00e9lectroniques<\/h3>\n<p><strong>SUMMUM DESIGN STUDIO S.L.<\/strong> maintient les niveaux de s\u00e9curit\u00e9 de protection des donn\u00e9es personnelles conform\u00e9ment au d\u00e9cret royal 994\/1999, du 11 juin, concernant les mesures de s\u00e9curit\u00e9 des fichiers automatis\u00e9s contenant des donn\u00e9es personnelles, et a mis en place tous les moyens techniques \u00e0 sa port\u00e9e pour \u00e9viter la perte, utilisation abusive, alt\u00e9ration, acc\u00e8s non autoris\u00e9 et vol des donn\u00e9es que l&rsquo;utilisateur fournit via le site Web, sans pr\u00e9judice de vous informer que les mesures de s\u00e9curit\u00e9 sur Internet ne sont pas inexpugnables.<\/p>\n<p><strong>SUMMUM DESIGN STUDIO S.L.<\/strong> s&rsquo;engage \u00e0 respecter le devoir de secret et de confidentialit\u00e9 concernant les donn\u00e9es personnelles contenues dans le fichier automatis\u00e9 conform\u00e9ment \u00e0 la l\u00e9gislation applicable.<\/p>\n<h2>Cookies et adresses IP<\/h2>\n<p>L&rsquo;utilisateur accepte l&rsquo;utilisation de cookies et de suivi IP. Notre analyseur de trafic Web utilise des cookies et un suivi IP qui nous permettent de collecter des donn\u00e9es \u00e0 des fins statistiques telles que: la date de la premi\u00e8re visite, le nombre de fois o\u00f9 il a \u00e9t\u00e9 visit\u00e9, la date de la derni\u00e8re visite, l&rsquo;URL et le domaine dont il provient., navigateur utilis\u00e9 et r\u00e9solution de l&rsquo;\u00e9cran. Vous pouvez d\u00e9sactiver ces cookies \u00e0 partir du panneau <a href=\"\/#gdpr_cookie_modal\">PARAM\u00c8TRES de confidentialit\u00e9<\/a>. Cependant, l&rsquo;utilisateur peut d\u00e9sactiver et \/ ou supprimer ces cookies s&rsquo;il le souhaite en suivant les instructions de son navigateur Internet.<\/p>\n<h2>Modification de la politique de confidentialit\u00e9<\/h2>\n<p><strong>SUMMUM DESIGN STUDIO S.L.<\/strong> se r\u00e9serve le droit de modifier cette politique de confidentialit\u00e9 pour l&rsquo;adapter aux futures \u00e9volutions l\u00e9gislatives ou jurisprudentielles.<\/p>\n<p>&nbsp;<\/p>\n","protected":false},"excerpt":{"rendered":"<p>INFORMATION L\u00c9GALE SUMMUM DESIGN STUDIO S.L. propri\u00e9taire du site web &lsquo;villasenlanzarote.com&rsquo;, C.I.F.B-84338615, est une soci\u00e9t\u00e9 inscrite au registre du commerce de Madrid, volume 21 386, page 77, num\u00e9ro de page M-380180, domicili\u00e9e Calle Espa\u00f1a n\u00ba8, Urbanizaci\u00f3n Los Riscos de Monta\u00f1a Roja n\u00ba7, Playa Blanca-Yaiza, et enregistr\u00e9e \u00e0 l&rsquo;IAE sous la[&#8230;]<\/p>\n","protected":false},"author":9,"featured_media":0,"parent":0,"menu_order":0,"comment_status":"closed","ping_status":"closed","template":"template-fullwidth.php","meta":{"footnotes":""},"class_list":["post-2858","page","type-page","status-publish","hentry"],"yoast_head":"<!-- This site is optimized with the Yoast SEO plugin v25.8 - https:\/\/yoast.com\/wordpress\/plugins\/seo\/ -->\n<title>Politique de confidentialit\u00e9 et cookies - Villas en Lanzarote<\/title>\n<meta name=\"robots\" content=\"index, follow, max-snippet:-1, max-image-preview:large, max-video-preview:-1\" \/>\n<link rel=\"canonical\" href=\"https:\/\/www.villasenlanzarote.com\/fr\/politique-confidentialite-et-cookies\/\" \/>\n<meta property=\"og:locale\" content=\"fr_FR\" \/>\n<meta property=\"og:type\" content=\"article\" \/>\n<meta property=\"og:title\" content=\"Politique de confidentialit\u00e9 et cookies - Villas en Lanzarote\" \/>\n<meta property=\"og:description\" content=\"INFORMATION L\u00c9GALE SUMMUM DESIGN STUDIO S.L. propri\u00e9taire du site web &lsquo;villasenlanzarote.com&rsquo;, C.I.F.B-84338615, est une soci\u00e9t\u00e9 inscrite au registre du commerce de Madrid, volume 21 386, page 77, num\u00e9ro de page M-380180, domicili\u00e9e Calle Espa\u00f1a n\u00ba8, Urbanizaci\u00f3n Los Riscos de Monta\u00f1a Roja n\u00ba7, Playa Blanca-Yaiza, et enregistr\u00e9e \u00e0 l&rsquo;IAE sous la[...]\" \/>\n<meta property=\"og:url\" content=\"https:\/\/www.villasenlanzarote.com\/fr\/politique-confidentialite-et-cookies\/\" \/>\n<meta property=\"og:site_name\" content=\"Villas en Lanzarote\" \/>\n<meta property=\"article:modified_time\" content=\"2023-02-28T20:03:19+00:00\" \/>\n<meta property=\"og:image\" content=\"https:\/\/www.villasenlanzarote.com\/wp-content\/uploads\/2016\/02\/Villas_Trans.png\" \/>\n\t<meta property=\"og:image:width\" content=\"929\" \/>\n\t<meta property=\"og:image:height\" content=\"420\" \/>\n\t<meta property=\"og:image:type\" content=\"image\/png\" \/>\n<meta name=\"twitter:card\" content=\"summary_large_image\" \/>\n<script type=\"application\/ld+json\" class=\"yoast-schema-graph\">{\"@context\":\"https:\/\/schema.org\",\"@graph\":[{\"@type\":\"WebPage\",\"@id\":\"https:\/\/www.villasenlanzarote.com\/fr\/politique-confidentialite-et-cookies\/\",\"url\":\"https:\/\/www.villasenlanzarote.com\/fr\/politique-confidentialite-et-cookies\/\",\"name\":\"Politique de confidentialit\u00e9 et cookies - Villas en Lanzarote\",\"isPartOf\":{\"@id\":\"https:\/\/www.villasenlanzarote.com\/#website\"},\"datePublished\":\"2016-01-31T00:08:05+00:00\",\"dateModified\":\"2023-02-28T20:03:19+00:00\",\"breadcrumb\":{\"@id\":\"https:\/\/www.villasenlanzarote.com\/fr\/politique-confidentialite-et-cookies\/#breadcrumb\"},\"inLanguage\":\"fr-FR\",\"potentialAction\":[{\"@type\":\"ReadAction\",\"target\":[\"https:\/\/www.villasenlanzarote.com\/fr\/politique-confidentialite-et-cookies\/\"]}]},{\"@type\":\"BreadcrumbList\",\"@id\":\"https:\/\/www.villasenlanzarote.com\/fr\/politique-confidentialite-et-cookies\/#breadcrumb\",\"itemListElement\":[{\"@type\":\"ListItem\",\"position\":1,\"name\":\"Portada\",\"item\":\"https:\/\/www.villasenlanzarote.com\/fr\/accueil\/\"},{\"@type\":\"ListItem\",\"position\":2,\"name\":\"Politique de confidentialit\u00e9 et cookies\"}]},{\"@type\":\"WebSite\",\"@id\":\"https:\/\/www.villasenlanzarote.com\/#website\",\"url\":\"https:\/\/www.villasenlanzarote.com\/\",\"name\":\"Villas en Lanzarote\",\"description\":\"3 luxury villas with the advantages of a Villa and the services of a Hotel. In the crags, the best residential area of Playa Blanca in Lanzarote.\",\"publisher\":{\"@id\":\"https:\/\/www.villasenlanzarote.com\/#organization\"},\"potentialAction\":[{\"@type\":\"SearchAction\",\"target\":{\"@type\":\"EntryPoint\",\"urlTemplate\":\"https:\/\/www.villasenlanzarote.com\/?s={search_term_string}\"},\"query-input\":{\"@type\":\"PropertyValueSpecification\",\"valueRequired\":true,\"valueName\":\"search_term_string\"}}],\"inLanguage\":\"fr-FR\"},{\"@type\":\"Organization\",\"@id\":\"https:\/\/www.villasenlanzarote.com\/#organization\",\"name\":\"Villas en Lanzarote\",\"url\":\"https:\/\/www.villasenlanzarote.com\/\",\"logo\":{\"@type\":\"ImageObject\",\"inLanguage\":\"fr-FR\",\"@id\":\"https:\/\/www.villasenlanzarote.com\/#\/schema\/logo\/image\/\",\"url\":\"https:\/\/www.villasenlanzarote.com\/wp-content\/uploads\/2016\/02\/Villas_Trans.png\",\"contentUrl\":\"https:\/\/www.villasenlanzarote.com\/wp-content\/uploads\/2016\/02\/Villas_Trans.png\",\"width\":929,\"height\":420,\"caption\":\"Villas en Lanzarote\"},\"image\":{\"@id\":\"https:\/\/www.villasenlanzarote.com\/#\/schema\/logo\/image\/\"}}]}<\/script>\n<!-- \/ Yoast SEO plugin. -->","yoast_head_json":{"title":"Politique de confidentialit\u00e9 et cookies - Villas en Lanzarote","robots":{"index":"index","follow":"follow","max-snippet":"max-snippet:-1","max-image-preview":"max-image-preview:large","max-video-preview":"max-video-preview:-1"},"canonical":"https:\/\/www.villasenlanzarote.com\/fr\/politique-confidentialite-et-cookies\/","og_locale":"fr_FR","og_type":"article","og_title":"Politique de confidentialit\u00e9 et cookies - Villas en Lanzarote","og_description":"INFORMATION L\u00c9GALE SUMMUM DESIGN STUDIO S.L. propri\u00e9taire du site web &lsquo;villasenlanzarote.com&rsquo;, C.I.F.B-84338615, est une soci\u00e9t\u00e9 inscrite au registre du commerce de Madrid, volume 21 386, page 77, num\u00e9ro de page M-380180, domicili\u00e9e Calle Espa\u00f1a n\u00ba8, Urbanizaci\u00f3n Los Riscos de Monta\u00f1a Roja n\u00ba7, Playa Blanca-Yaiza, et enregistr\u00e9e \u00e0 l&rsquo;IAE sous la[...]","og_url":"https:\/\/www.villasenlanzarote.com\/fr\/politique-confidentialite-et-cookies\/","og_site_name":"Villas en Lanzarote","article_modified_time":"2023-02-28T20:03:19+00:00","og_image":[{"width":929,"height":420,"url":"https:\/\/www.villasenlanzarote.com\/wp-content\/uploads\/2016\/02\/Villas_Trans.png","type":"image\/png"}],"twitter_card":"summary_large_image","schema":{"@context":"https:\/\/schema.org","@graph":[{"@type":"WebPage","@id":"https:\/\/www.villasenlanzarote.com\/fr\/politique-confidentialite-et-cookies\/","url":"https:\/\/www.villasenlanzarote.com\/fr\/politique-confidentialite-et-cookies\/","name":"Politique de confidentialit\u00e9 et cookies - Villas en Lanzarote","isPartOf":{"@id":"https:\/\/www.villasenlanzarote.com\/#website"},"datePublished":"2016-01-31T00:08:05+00:00","dateModified":"2023-02-28T20:03:19+00:00","breadcrumb":{"@id":"https:\/\/www.villasenlanzarote.com\/fr\/politique-confidentialite-et-cookies\/#breadcrumb"},"inLanguage":"fr-FR","potentialAction":[{"@type":"ReadAction","target":["https:\/\/www.villasenlanzarote.com\/fr\/politique-confidentialite-et-cookies\/"]}]},{"@type":"BreadcrumbList","@id":"https:\/\/www.villasenlanzarote.com\/fr\/politique-confidentialite-et-cookies\/#breadcrumb","itemListElement":[{"@type":"ListItem","position":1,"name":"Portada","item":"https:\/\/www.villasenlanzarote.com\/fr\/accueil\/"},{"@type":"ListItem","position":2,"name":"Politique de confidentialit\u00e9 et cookies"}]},{"@type":"WebSite","@id":"https:\/\/www.villasenlanzarote.com\/#website","url":"https:\/\/www.villasenlanzarote.com\/","name":"Villas en Lanzarote","description":"3 luxury villas with the advantages of a Villa and the services of a Hotel. In the crags, the best residential area of Playa Blanca in Lanzarote.","publisher":{"@id":"https:\/\/www.villasenlanzarote.com\/#organization"},"potentialAction":[{"@type":"SearchAction","target":{"@type":"EntryPoint","urlTemplate":"https:\/\/www.villasenlanzarote.com\/?s={search_term_string}"},"query-input":{"@type":"PropertyValueSpecification","valueRequired":true,"valueName":"search_term_string"}}],"inLanguage":"fr-FR"},{"@type":"Organization","@id":"https:\/\/www.villasenlanzarote.com\/#organization","name":"Villas en Lanzarote","url":"https:\/\/www.villasenlanzarote.com\/","logo":{"@type":"ImageObject","inLanguage":"fr-FR","@id":"https:\/\/www.villasenlanzarote.com\/#\/schema\/logo\/image\/","url":"https:\/\/www.villasenlanzarote.com\/wp-content\/uploads\/2016\/02\/Villas_Trans.png","contentUrl":"https:\/\/www.villasenlanzarote.com\/wp-content\/uploads\/2016\/02\/Villas_Trans.png","width":929,"height":420,"caption":"Villas en Lanzarote"},"image":{"@id":"https:\/\/www.villasenlanzarote.com\/#\/schema\/logo\/image\/"}}]}},"_links":{"self":[{"href":"https:\/\/www.villasenlanzarote.com\/fr\/wp-json\/wp\/v2\/pages\/2858","targetHints":{"allow":["GET"]}}],"collection":[{"href":"https:\/\/www.villasenlanzarote.com\/fr\/wp-json\/wp\/v2\/pages"}],"about":[{"href":"https:\/\/www.villasenlanzarote.com\/fr\/wp-json\/wp\/v2\/types\/page"}],"author":[{"embeddable":true,"href":"https:\/\/www.villasenlanzarote.com\/fr\/wp-json\/wp\/v2\/users\/9"}],"replies":[{"embeddable":true,"href":"https:\/\/www.villasenlanzarote.com\/fr\/wp-json\/wp\/v2\/comments?post=2858"}],"version-history":[{"count":4,"href":"https:\/\/www.villasenlanzarote.com\/fr\/wp-json\/wp\/v2\/pages\/2858\/revisions"}],"predecessor-version":[{"id":3323,"href":"https:\/\/www.villasenlanzarote.com\/fr\/wp-json\/wp\/v2\/pages\/2858\/revisions\/3323"}],"wp:attachment":[{"href":"https:\/\/www.villasenlanzarote.com\/fr\/wp-json\/wp\/v2\/media?parent=2858"}],"curies":[{"name":"wp","href":"https:\/\/api.w.org\/{rel}","templated":true}]}}