{"id":2854,"date":"2014-03-10T20:32:02","date_gmt":"2014-03-10T19:32:02","guid":{"rendered":"https:\/\/www.villasenlanzarote.com\/localizacion-contacto\/"},"modified":"2021-05-13T17:32:46","modified_gmt":"2021-05-13T15:32:46","slug":"localisation-contact","status":"publish","type":"page","link":"https:\/\/www.villasenlanzarote.com\/fr\/localisation-contact\/","title":{"rendered":"Localisation et contact"},"content":{"rendered":"<p><a href=\"https:\/\/goo.gl\/maps\/W3f7w3ohHqW1cHD46\" target=\"_blank\" rel=\"noopener noreferrer\"><img loading=\"lazy\" decoding=\"async\" class=\"aligncenter wp-image-2653 size-full\" src=\"https:\/\/www.villasenlanzarote.com\/wp-content\/uploads\/2020\/11\/villas-en-lanzarote-localizacion.jpg\" alt=\"Mapa de Localizaci\u00f3n de Villas en Lanzarote\" width=\"600\" height=\"750\" srcset=\"https:\/\/www.villasenlanzarote.com\/wp-content\/uploads\/2020\/11\/villas-en-lanzarote-localizacion.jpg 600w, https:\/\/www.villasenlanzarote.com\/wp-content\/uploads\/2020\/11\/villas-en-lanzarote-localizacion-240x300.jpg 240w\" sizes=\"auto, (max-width: 600px) 100vw, 600px\" \/><\/a><\/p>\n\n<div class=\"wpcf7 no-js\" id=\"wpcf7-f2882-o1\" lang=\"es-ES\" dir=\"ltr\" data-wpcf7-id=\"2882\">\n<div class=\"screen-reader-response\"><p role=\"status\" aria-live=\"polite\" aria-atomic=\"true\"><\/p> <ul><\/ul><\/div>\n<form action=\"\/fr\/wp-json\/wp\/v2\/pages\/2854#wpcf7-f2882-o1\" method=\"post\" class=\"wpcf7-form init\" aria-label=\"Formulario de contacto\" novalidate=\"novalidate\" data-status=\"init\">\n<fieldset class=\"hidden-fields-container\"><input type=\"hidden\" name=\"_wpcf7\" value=\"2882\" \/><input type=\"hidden\" name=\"_wpcf7_version\" value=\"6.1.1\" \/><input type=\"hidden\" name=\"_wpcf7_locale\" value=\"es_ES\" \/><input type=\"hidden\" name=\"_wpcf7_unit_tag\" value=\"wpcf7-f2882-o1\" \/><input type=\"hidden\" name=\"_wpcf7_container_post\" value=\"0\" \/><input type=\"hidden\" name=\"_wpcf7_posted_data_hash\" value=\"\" \/><input type=\"hidden\" name=\"_wpcf7_recaptcha_response\" value=\"\" \/>\n<\/fieldset>\n<p>Votre Nom (obligatoire)\n<\/p>\n<p><span class=\"wpcf7-form-control-wrap\" data-name=\"your-name\"><input size=\"40\" maxlength=\"400\" class=\"wpcf7-form-control wpcf7-text wpcf7-validates-as-required\" aria-required=\"true\" aria-invalid=\"false\" value=\"\" type=\"text\" name=\"your-name\" \/><\/span>\n<\/p>\n<p>T\u00e9l\u00e9phone\n<\/p>\n<p><span class=\"wpcf7-form-control-wrap\" data-name=\"Telfono\"><input size=\"40\" maxlength=\"400\" class=\"wpcf7-form-control wpcf7-text\" aria-invalid=\"false\" value=\"\" type=\"text\" name=\"Telfono\" \/><\/span>\n<\/p>\n<p>Votre Email (obligatoire)\n<\/p>\n<p><span class=\"wpcf7-form-control-wrap\" data-name=\"your-email\"><input size=\"40\" maxlength=\"400\" class=\"wpcf7-form-control wpcf7-email wpcf7-validates-as-required wpcf7-text wpcf7-validates-as-email\" aria-required=\"true\" aria-invalid=\"false\" value=\"\" type=\"email\" name=\"your-email\" \/><\/span>\n<\/p>\n<p>Sujet (obligatoire)\n<\/p>\n<p><span class=\"wpcf7-form-control-wrap\" data-name=\"your-subject\"><input size=\"40\" maxlength=\"400\" class=\"wpcf7-form-control wpcf7-text wpcf7-validates-as-required\" aria-required=\"true\" aria-invalid=\"false\" value=\"\" type=\"text\" name=\"your-subject\" \/><\/span>\n<\/p>\n<p>Choisissez une Villa\n<\/p>\n<p><span class=\"wpcf7-form-control-wrap\" data-name=\"Villas\"><span class=\"wpcf7-form-control wpcf7-radio\"><span class=\"wpcf7-list-item first\"><input type=\"radio\" name=\"Villas\" value=\"Villa Abaego\" checked=\"checked\" \/><span class=\"wpcf7-list-item-label\">Villa Abaego<\/span><\/span><span class=\"wpcf7-list-item\"><input type=\"radio\" name=\"Villas\" value=\"Villa Corito\" \/><span class=\"wpcf7-list-item-label\">Villa Corito<\/span><\/span><span class=\"wpcf7-list-item last\"><input type=\"radio\" name=\"Villas\" value=\"Villa Rodea\" \/><span class=\"wpcf7-list-item-label\">Villa Rodea<\/span><\/span><\/span><\/span>\n<\/p>\n<p>Votre message (obligatoire)\n<\/p>\n<p><span class=\"wpcf7-form-control-wrap\" data-name=\"your-message\"><textarea cols=\"40\" rows=\"10\" maxlength=\"2000\" class=\"wpcf7-form-control wpcf7-textarea wpcf7-validates-as-required\" aria-required=\"true\" aria-invalid=\"false\" name=\"your-message\"><\/textarea><\/span>\n<\/p>\n<p><span class=\"wpcf7-form-control-wrap\" data-name=\"acceptance-390\"><span class=\"wpcf7-form-control wpcf7-acceptance\"><span class=\"wpcf7-list-item\"><label><input type=\"checkbox\" name=\"acceptance-390\" value=\"1\" aria-invalid=\"false\" \/><span class=\"wpcf7-list-item-label\">J'ai lu et j'accepte la <a href=\"\/fr\/politica-de-privacidad-y-cookies\/\" target=\"_blank\">politique de confidentialit\u00e9<\/a>. Je souhaite \u00eatre contact\u00e9 pour recevoir les informations demand\u00e9es<\/span><\/label><\/span><\/span><\/span>\n<\/p>\n<p><input class=\"wpcf7-form-control wpcf7-submit has-spinner\" type=\"submit\" value=\"Envoyer\" \/>\n<\/p><input type='hidden' class='wpcf7-pum' value='{\"closepopup\":false,\"closedelay\":0,\"openpopup\":false,\"openpopup_id\":0}' \/><div class=\"wpcf7-response-output\" aria-hidden=\"true\"><\/div>\n<\/form>\n<\/div>\n\n","protected":false},"excerpt":{"rendered":"","protected":false},"author":9,"featured_media":2855,"parent":0,"menu_order":0,"comment_status":"closed","ping_status":"closed","template":"template-contact.php","meta":{"footnotes":""},"class_list":["post-2854","page","type-page","status-publish","has-post-thumbnail","hentry"],"yoast_head":"<!-- This site is optimized with the Yoast SEO plugin v25.8 - https:\/\/yoast.com\/wordpress\/plugins\/seo\/ -->\n<title>Localisation et moyens de contact - Villas en Lanzarote<\/title>\n<meta name=\"description\" content=\"Localisation et contact avec Villas \u00e0 Lanzarote, location et vente de villas \u00e0 Playa Blanca, Lanzarote. Num\u00e9ros de t\u00e9l\u00e9phone et adresses.\" \/>\n<meta name=\"robots\" content=\"index, follow, max-snippet:-1, max-image-preview:large, max-video-preview:-1\" \/>\n<link rel=\"canonical\" href=\"https:\/\/www.villasenlanzarote.com\/fr\/localisation-contact\/\" \/>\n<meta property=\"og:locale\" content=\"fr_FR\" \/>\n<meta property=\"og:type\" content=\"article\" \/>\n<meta property=\"og:title\" content=\"Localisation et moyens de contact - Villas en Lanzarote\" \/>\n<meta property=\"og:description\" content=\"Localisation et contact avec Villas \u00e0 Lanzarote, location et vente de villas \u00e0 Playa Blanca, Lanzarote. Num\u00e9ros de t\u00e9l\u00e9phone et adresses.\" \/>\n<meta property=\"og:url\" content=\"https:\/\/www.villasenlanzarote.com\/fr\/localisation-contact\/\" \/>\n<meta property=\"og:site_name\" content=\"Villas en Lanzarote\" \/>\n<meta property=\"article:modified_time\" content=\"2021-05-13T15:32:46+00:00\" \/>\n<meta property=\"og:image\" content=\"https:\/\/www.villasenlanzarote.com\/wp-content\/uploads\/2020\/11\/mapa-villas.jpg\" \/>\n\t<meta property=\"og:image:width\" content=\"600\" \/>\n\t<meta property=\"og:image:height\" content=\"750\" \/>\n\t<meta property=\"og:image:type\" content=\"image\/jpeg\" \/>\n<meta name=\"twitter:card\" content=\"summary_large_image\" \/>\n<script type=\"application\/ld+json\" class=\"yoast-schema-graph\">{\"@context\":\"https:\/\/schema.org\",\"@graph\":[{\"@type\":\"WebPage\",\"@id\":\"https:\/\/www.villasenlanzarote.com\/fr\/localisation-contact\/\",\"url\":\"https:\/\/www.villasenlanzarote.com\/fr\/localisation-contact\/\",\"name\":\"Localisation et moyens de contact - Villas en Lanzarote\",\"isPartOf\":{\"@id\":\"https:\/\/www.villasenlanzarote.com\/#website\"},\"primaryImageOfPage\":{\"@id\":\"https:\/\/www.villasenlanzarote.com\/fr\/localisation-contact\/#primaryimage\"},\"image\":{\"@id\":\"https:\/\/www.villasenlanzarote.com\/fr\/localisation-contact\/#primaryimage\"},\"thumbnailUrl\":\"https:\/\/www.villasenlanzarote.com\/wp-content\/uploads\/2020\/11\/mapa-villas.jpg\",\"datePublished\":\"2014-03-10T19:32:02+00:00\",\"dateModified\":\"2021-05-13T15:32:46+00:00\",\"description\":\"Localisation et contact avec Villas \u00e0 Lanzarote, location et vente de villas \u00e0 Playa Blanca, Lanzarote. Num\u00e9ros de t\u00e9l\u00e9phone et adresses.\",\"breadcrumb\":{\"@id\":\"https:\/\/www.villasenlanzarote.com\/fr\/localisation-contact\/#breadcrumb\"},\"inLanguage\":\"fr-FR\",\"potentialAction\":[{\"@type\":\"ReadAction\",\"target\":[\"https:\/\/www.villasenlanzarote.com\/fr\/localisation-contact\/\"]}]},{\"@type\":\"ImageObject\",\"inLanguage\":\"fr-FR\",\"@id\":\"https:\/\/www.villasenlanzarote.com\/fr\/localisation-contact\/#primaryimage\",\"url\":\"https:\/\/www.villasenlanzarote.com\/wp-content\/uploads\/2020\/11\/mapa-villas.jpg\",\"contentUrl\":\"https:\/\/www.villasenlanzarote.com\/wp-content\/uploads\/2020\/11\/mapa-villas.jpg\",\"width\":600,\"height\":750},{\"@type\":\"BreadcrumbList\",\"@id\":\"https:\/\/www.villasenlanzarote.com\/fr\/localisation-contact\/#breadcrumb\",\"itemListElement\":[{\"@type\":\"ListItem\",\"position\":1,\"name\":\"Portada\",\"item\":\"https:\/\/www.villasenlanzarote.com\/fr\/accueil\/\"},{\"@type\":\"ListItem\",\"position\":2,\"name\":\"Localisation et contact\"}]},{\"@type\":\"WebSite\",\"@id\":\"https:\/\/www.villasenlanzarote.com\/#website\",\"url\":\"https:\/\/www.villasenlanzarote.com\/\",\"name\":\"Villas en Lanzarote\",\"description\":\"3 luxury villas with the advantages of a Villa and the services of a Hotel. In the crags, the best residential area of Playa Blanca in Lanzarote.\",\"publisher\":{\"@id\":\"https:\/\/www.villasenlanzarote.com\/#organization\"},\"potentialAction\":[{\"@type\":\"SearchAction\",\"target\":{\"@type\":\"EntryPoint\",\"urlTemplate\":\"https:\/\/www.villasenlanzarote.com\/?s={search_term_string}\"},\"query-input\":{\"@type\":\"PropertyValueSpecification\",\"valueRequired\":true,\"valueName\":\"search_term_string\"}}],\"inLanguage\":\"fr-FR\"},{\"@type\":\"Organization\",\"@id\":\"https:\/\/www.villasenlanzarote.com\/#organization\",\"name\":\"Villas en Lanzarote\",\"url\":\"https:\/\/www.villasenlanzarote.com\/\",\"logo\":{\"@type\":\"ImageObject\",\"inLanguage\":\"fr-FR\",\"@id\":\"https:\/\/www.villasenlanzarote.com\/#\/schema\/logo\/image\/\",\"url\":\"https:\/\/www.villasenlanzarote.com\/wp-content\/uploads\/2016\/02\/Villas_Trans.png\",\"contentUrl\":\"https:\/\/www.villasenlanzarote.com\/wp-content\/uploads\/2016\/02\/Villas_Trans.png\",\"width\":929,\"height\":420,\"caption\":\"Villas en Lanzarote\"},\"image\":{\"@id\":\"https:\/\/www.villasenlanzarote.com\/#\/schema\/logo\/image\/\"}}]}<\/script>\n<!-- \/ Yoast SEO plugin. -->","yoast_head_json":{"title":"Localisation et moyens de contact - Villas en Lanzarote","description":"Localisation et contact avec Villas \u00e0 Lanzarote, location et vente de villas \u00e0 Playa Blanca, Lanzarote. Num\u00e9ros de t\u00e9l\u00e9phone et adresses.","robots":{"index":"index","follow":"follow","max-snippet":"max-snippet:-1","max-image-preview":"max-image-preview:large","max-video-preview":"max-video-preview:-1"},"canonical":"https:\/\/www.villasenlanzarote.com\/fr\/localisation-contact\/","og_locale":"fr_FR","og_type":"article","og_title":"Localisation et moyens de contact - Villas en Lanzarote","og_description":"Localisation et contact avec Villas \u00e0 Lanzarote, location et vente de villas \u00e0 Playa Blanca, Lanzarote. Num\u00e9ros de t\u00e9l\u00e9phone et adresses.","og_url":"https:\/\/www.villasenlanzarote.com\/fr\/localisation-contact\/","og_site_name":"Villas en Lanzarote","article_modified_time":"2021-05-13T15:32:46+00:00","og_image":[{"width":600,"height":750,"url":"https:\/\/www.villasenlanzarote.com\/wp-content\/uploads\/2020\/11\/mapa-villas.jpg","type":"image\/jpeg"}],"twitter_card":"summary_large_image","schema":{"@context":"https:\/\/schema.org","@graph":[{"@type":"WebPage","@id":"https:\/\/www.villasenlanzarote.com\/fr\/localisation-contact\/","url":"https:\/\/www.villasenlanzarote.com\/fr\/localisation-contact\/","name":"Localisation et moyens de contact - Villas en Lanzarote","isPartOf":{"@id":"https:\/\/www.villasenlanzarote.com\/#website"},"primaryImageOfPage":{"@id":"https:\/\/www.villasenlanzarote.com\/fr\/localisation-contact\/#primaryimage"},"image":{"@id":"https:\/\/www.villasenlanzarote.com\/fr\/localisation-contact\/#primaryimage"},"thumbnailUrl":"https:\/\/www.villasenlanzarote.com\/wp-content\/uploads\/2020\/11\/mapa-villas.jpg","datePublished":"2014-03-10T19:32:02+00:00","dateModified":"2021-05-13T15:32:46+00:00","description":"Localisation et contact avec Villas \u00e0 Lanzarote, location et vente de villas \u00e0 Playa Blanca, Lanzarote. Num\u00e9ros de t\u00e9l\u00e9phone et adresses.","breadcrumb":{"@id":"https:\/\/www.villasenlanzarote.com\/fr\/localisation-contact\/#breadcrumb"},"inLanguage":"fr-FR","potentialAction":[{"@type":"ReadAction","target":["https:\/\/www.villasenlanzarote.com\/fr\/localisation-contact\/"]}]},{"@type":"ImageObject","inLanguage":"fr-FR","@id":"https:\/\/www.villasenlanzarote.com\/fr\/localisation-contact\/#primaryimage","url":"https:\/\/www.villasenlanzarote.com\/wp-content\/uploads\/2020\/11\/mapa-villas.jpg","contentUrl":"https:\/\/www.villasenlanzarote.com\/wp-content\/uploads\/2020\/11\/mapa-villas.jpg","width":600,"height":750},{"@type":"BreadcrumbList","@id":"https:\/\/www.villasenlanzarote.com\/fr\/localisation-contact\/#breadcrumb","itemListElement":[{"@type":"ListItem","position":1,"name":"Portada","item":"https:\/\/www.villasenlanzarote.com\/fr\/accueil\/"},{"@type":"ListItem","position":2,"name":"Localisation et contact"}]},{"@type":"WebSite","@id":"https:\/\/www.villasenlanzarote.com\/#website","url":"https:\/\/www.villasenlanzarote.com\/","name":"Villas en Lanzarote","description":"3 luxury villas with the advantages of a Villa and the services of a Hotel. In the crags, the best residential area of Playa Blanca in Lanzarote.","publisher":{"@id":"https:\/\/www.villasenlanzarote.com\/#organization"},"potentialAction":[{"@type":"SearchAction","target":{"@type":"EntryPoint","urlTemplate":"https:\/\/www.villasenlanzarote.com\/?s={search_term_string}"},"query-input":{"@type":"PropertyValueSpecification","valueRequired":true,"valueName":"search_term_string"}}],"inLanguage":"fr-FR"},{"@type":"Organization","@id":"https:\/\/www.villasenlanzarote.com\/#organization","name":"Villas en Lanzarote","url":"https:\/\/www.villasenlanzarote.com\/","logo":{"@type":"ImageObject","inLanguage":"fr-FR","@id":"https:\/\/www.villasenlanzarote.com\/#\/schema\/logo\/image\/","url":"https:\/\/www.villasenlanzarote.com\/wp-content\/uploads\/2016\/02\/Villas_Trans.png","contentUrl":"https:\/\/www.villasenlanzarote.com\/wp-content\/uploads\/2016\/02\/Villas_Trans.png","width":929,"height":420,"caption":"Villas en Lanzarote"},"image":{"@id":"https:\/\/www.villasenlanzarote.com\/#\/schema\/logo\/image\/"}}]}},"_links":{"self":[{"href":"https:\/\/www.villasenlanzarote.com\/fr\/wp-json\/wp\/v2\/pages\/2854","targetHints":{"allow":["GET"]}}],"collection":[{"href":"https:\/\/www.villasenlanzarote.com\/fr\/wp-json\/wp\/v2\/pages"}],"about":[{"href":"https:\/\/www.villasenlanzarote.com\/fr\/wp-json\/wp\/v2\/types\/page"}],"author":[{"embeddable":true,"href":"https:\/\/www.villasenlanzarote.com\/fr\/wp-json\/wp\/v2\/users\/9"}],"replies":[{"embeddable":true,"href":"https:\/\/www.villasenlanzarote.com\/fr\/wp-json\/wp\/v2\/comments?post=2854"}],"version-history":[{"count":4,"href":"https:\/\/www.villasenlanzarote.com\/fr\/wp-json\/wp\/v2\/pages\/2854\/revisions"}],"predecessor-version":[{"id":3076,"href":"https:\/\/www.villasenlanzarote.com\/fr\/wp-json\/wp\/v2\/pages\/2854\/revisions\/3076"}],"wp:featuredmedia":[{"embeddable":true,"href":"https:\/\/www.villasenlanzarote.com\/fr\/wp-json\/wp\/v2\/media\/2855"}],"wp:attachment":[{"href":"https:\/\/www.villasenlanzarote.com\/fr\/wp-json\/wp\/v2\/media?parent=2854"}],"curies":[{"name":"wp","href":"https:\/\/api.w.org\/{rel}","templated":true}]}}