{"id":1765,"date":"2017-04-28T10:17:24","date_gmt":"2017-04-28T08:17:24","guid":{"rendered":"https:\/\/www.villasenlanzarote.com\/?page_id=1765"},"modified":"2023-05-10T14:09:29","modified_gmt":"2023-05-10T12:09:29","slug":"informacion-legal","status":"publish","type":"page","link":"https:\/\/www.villasenlanzarote.com\/es\/informacion-legal\/","title":{"rendered":"Informaci\u00f3n legal"},"content":{"rendered":"<h2>Legislaci\u00f3n de Aplicaci\u00f3n<\/h2>\n<p>El alquiler de la villa se realiza al amparo de la\u00a0 Ley 29\/1994, de 24 de noviembre, de Arrendamientos Urbanos, seg\u00fan lo establecido en el apartado de uso distinto del de vivienda, alquiler de temporada para uso vacacional.<\/p>\n<h2>Finalidad<\/h2>\n<p>Los datos de los usuarios registrados a trav\u00e9s de los formularios habilitados al efecto en www.villasenlanzarote.com (en adelante, el sitio web) son recabados por el titular de la web con la finalidad de facilitar la prestaci\u00f3n de los servicios que proporciona a trav\u00e9s de dicho sitio web; portal de b\u00fasqueda de apartamento vacacional de alquiler, as\u00ed como la prestaci\u00f3n de servicios de ocio e inmobiliarios relacionados con el apartamento vacacional.<\/p>\n<h2>Car\u00e1cter obligatorio o facultativo de la informaci\u00f3n<\/h2>\n<p>Car\u00e1cter obligatorio o facultativo de la informaci\u00f3n facilitada por el usuario y veracidad de los datos. Los campos a cumplimentar por el usuario son estrictamente necesarios para atender a su petici\u00f3n. El usuario garantiza que los datos personales facilitados al titular de la web son veraces y se hace responsable de comunicar al mismo cualquier modificaci\u00f3n de los mismos. Los datos recabados son los adecuados, pertinentes y no excesivos en relaci\u00f3n con el \u00e1mbito, las finalidades y servicios determinados, expl\u00edcitos y leg\u00edtimos del titular de la web.<\/p>\n<h2>Consentimiento del usuario<\/h2>\n<p>El env\u00edo de datos personales mediante el uso de los formularios electr\u00f3nicos del titular de la web o, en su caso, mensajes de correo electr\u00f3nico, supone el consentimiento expreso del remitente al tratamiento automatizado de los datos incluidos en los medios de comunicaci\u00f3n indicados, as\u00ed como al env\u00edo de comunicaciones v\u00eda electr\u00f3nica con informaci\u00f3n relacionada con el titular de la web y sus iniciativas.<\/p>\n<p>Mediante la cumplimentaci\u00f3n y env\u00edo de los formularios y correos electr\u00f3nicos el usuario consiente el env\u00edo de comunicaciones promoci\u00f3nales relacionadas con el sector del apartamento vacacional, ocio e inmobiliario.<\/p>\n<p>El usuario, podr\u00e1 darse de baja o modificar sus datos de forma r\u00e1pida y gratuita.<\/p>\n<h2>Alertas, Bolet\u00edn y Comunicaciones electr\u00f3nicas<\/h2>\n<p>El titular de la web mantiene los niveles de seguridad de protecci\u00f3n de datos personales conforme al Real Decreto 994\/1999, de 11 de junio, relativo a las medidas de seguridad de los ficheros automatizados que contengan datos de car\u00e1cter personal, y ha establecido todos los medios t\u00e9cnicos a su alcance para evitar la p\u00e9rdida, mal uso, alteraci\u00f3n, acceso no autorizado y robo de los datos que el usuario facilite a trav\u00e9s del sitio web, sin perjuicio de informarle de que las medidas de seguridad en Internet no son inexpugnables.<\/p>\n<p>El titular de la web se compromete a cumplir con el deber de secreto y confidencialidad respecto de los datos personales contenidos en el fichero automatizado de acuerdo con la legislaci\u00f3n aplicable.<\/p>\n<h2>Cookies e IPs<\/h2>\n<p>El usuario acepta el uso de cookies y seguimientos de IPs. Nuestro analizador de tr\u00e1fico del sitio web utiliza cookies y seguimientos de IPs que nos permiten recoger datos a efectos estad\u00edsticos como: fecha de la primera visita, n\u00famero de veces que se ha visitado, fecha de la \u00faltima visita, URL y dominio de la que proviene, explorador utilizado y resoluci\u00f3n de la pantalla. No obstante, el usuario si lo desea puede desactivar y\/o eliminar estas cookies siguiendo las instrucciones de su navegador de Internet.<\/p>\n<p>Este Sitio web informa que est\u00e1 adherido al sistema publicitario de Google AdSense que utiliza cookies para mostrar contenidos publicitarios relacionados con la navegaci\u00f3n realizada por el usuario. Cuando un usuario accede a un sitio web adscrito al servicio de Google AdSense y hace clic en \u00e9l se introduce una cookie en su navegador, a trav\u00e9s de la cual Google recopila informaci\u00f3n de la navegaci\u00f3n del usuario para gestionar y luego publicar anuncios a trav\u00e9s del programa de publicidad Google Adsense. El usuario puede inhabilitar en cualquier momento el uso de la cookie de Google a trav\u00e9s de la desactivaci\u00f3n de la cookie en su navegador.<\/p>\n<h2>Condiciones de Acceso y Utilizaci\u00f3n del Sito Web<\/h2>\n<p>El usuario se compromete a hacer un uso diligente del mismo y de los servicios accesibles desde este Sitio Web, con total sujeci\u00f3n a la Ley, a las buenas costumbres y las presentes Condiciones Generales, as\u00ed como manteniendo el debido respeto a los dem\u00e1s usuarios.<\/p>\n<p>Queda expresamente prohibido cualquier uso diferente a la finalidad de este Sitio Web.<\/p>\n<p>En este sentido, el Usuario renunciar\u00e1 a utilizar cualquiera de los materiales e informaciones contenidos en este Sitio Web con fines il\u00edcitos y expresamente prohibidos en las presentes Condiciones Generales de Uso o actuaciones que resulten contrarios a los derechos e intereses del titular de la p\u00e1gina web, sus miembros y\/o terceros, y deber\u00e1 responder frente a los mismos en caso de contravenir o incumplir dichas obligaciones y\/o que, de cualquier modo (incluida la introducci\u00f3n o difusi\u00f3n de \u2018virus inform\u00e1ticos\u2019), da\u00f1e, inutilice, sobrecargue, deteriore o impida la normal utilizaci\u00f3n de los materiales e informaciones contenidos en el Sitio Web, los sistemas de informaci\u00f3n o los documentos, archivos y toda clase de contenidos almacenados en cualquier equipo inform\u00e1tico (hacking) del titular de la web, de sus miembros o de cualquier Usuario del Sitio Web.<\/p>\n<p>Con car\u00e1cter general la prestaci\u00f3n de los servicios no exige la previa suscripci\u00f3n o registro de los Usuarios.<\/p>\n<p>El Usuario que incumpla intencional o culpablemente cualquiera de las precedentes obligaciones responder\u00e1 de todos los da\u00f1os y perjuicios que cause.<\/p>\n<h2>Exclusi\u00f3n de Garant\u00edas y Responsabilidad<\/h2>\n<p>Salvo en aquellos casos expresamente descritos en las Condiciones Generales de Uso y el resto del marco normativo, el titular de la web no se responsabiliza por los da\u00f1os y perjuicios de toda naturaleza que puedan deberse a la falta de exactitud, exhaustividad, actualidad, as\u00ed como a errores u omisiones de los que pudieran adolecer las informaciones y servicios contenidos de este Sitio Web u otros contenidos a los que se pueda acceder a trav\u00e9s del mismo ni asume ning\u00fan deber o compromiso de verificar ni de vigilar sus contenidos e informaciones.<\/p>\n<p>El titular de la web<strong>\u00a0<\/strong>no se responsabiliza del contenido publicado libremente por los propietarios de los apartamentos, en especial de las fotos publicadas por los propietarios las cuales quedan sujetas a su \u00fanica y exclusiva responsabilidad, excluyendo al titular de la web de cualquier tipo de responsabilidad al respecto.<\/p>\n<p>Asimismo,\u00a0el titular de la web\u00a0no garantiza la disponibilidad, continuidad ni la infalibilidad del funcionamiento del Sitio Web, y en consecuencia excluye, en la m\u00e1xima medida permitida por la legislaci\u00f3n vigente, cualquier responsabilidad por los da\u00f1os y perjuicios de toda naturaleza que puedan deberse a la falta de disponibilidad o de continuidad del funcionamiento del Sitio Web y de los servicios habilitados en el mismo, as\u00ed como a los errores en el acceso a las distintas p\u00e1ginas web o a aquellas desde las que, en su caso, se presten dichos servicios.<\/p>\n<p>El titular de la web\u00a0excluye cualquier responsabilidad por los da\u00f1os y perjuicios de toda \u00edndole que pudieran deberse a los servicios prestados por terceros a trav\u00e9s de este Sitio Web as\u00ed como a los medios que \u00e9stos habilitan para gestionar las solicitudes de servicio, y concretamente, a modo enunciativo y no limitativo: por los actos de competencia desleal y publicidad il\u00edcita como consecuencia de la prestaci\u00f3n de servicios por terceros a trav\u00e9s del Sitio Web, as\u00ed como a la falta de veracidad, exactitud, exhaustividad, vicios, defectos, pertinencia y\/o actualidad de los contenidos transmitidos, difundidos, almacenados, recibidos, obtenidos, puestos a disposici\u00f3n o accesibles mediante los servicios prestados por terceros a trav\u00e9s de este Sitio Web.<\/p>\n<h2>Pol\u00edtica de Protecci\u00f3n de datos de car\u00e1cter personal<\/h2>\n<p>Villasenlanzarote.com cumple \u00edntegramente con la legislaci\u00f3n vigente en materia de protecci\u00f3n de datos de car\u00e1cter personal, y con los compromisos de confidencialidad propios de su actividad.<\/p>\n<h2>Derecho de oposici\u00f3n, correcci\u00f3n y actualizaci\u00f3n de datos<\/h2>\n<p>El usuario tiene derecho a acceder a esta informaci\u00f3n, a rectificarla si los datos son err\u00f3neos y a darse de baja de los servicios de villasenlanzarote.com.<\/p>\n<p>En caso de problemas para la realizaci\u00f3n efectiva online as\u00ed como para cualquier tipo de duda o controversia respecto a nuestra pol\u00edtica de privacidad de datos se podr\u00e1n dirigir directamente a:<\/p>\n<p>info@villasenlanzarote.com<br \/>\nc\/ Espa\u00f1a n\u00ba 8. Urb. Los Riscos de Monta\u00f1a Roja n\u00ba 7. E-35580 \u2013 Playa Blanca \u2013 Yaiza \u2013 Lanzarote.<\/p>\n<p>El tratamiento de los datos personales y el env\u00edo de comunicaciones por medios electr\u00f3nicos est\u00e1n ajustados a la normativa establecida en la Ley Org\u00e1nica 15\/1999,13 de diciembre, de Protecci\u00f3n de Datos de Car\u00e1cter Personal (B.O.E 14\/12\/1999) y en la Ley 34\/2002, de 11 de julio, de Servicios de la Sociedad de la Informaci\u00f3n y de Comercio Electr\u00f3nico (B.O.E. 12\/07\/2002).<\/p>\n<h2>Modificaci\u00f3n de la pol\u00edtica de privacidad<\/h2>\n<p>El titular de la web se reserva el derecho a modificar la presente pol\u00edtica de privacidad para adaptarla a futuras novedades legislativas o jurisprudenciales.<\/p>\n","protected":false},"excerpt":{"rendered":"<p>Legislaci\u00f3n de Aplicaci\u00f3n El alquiler de la villa se realiza al amparo de la\u00a0 Ley 29\/1994, de 24 de noviembre, de Arrendamientos Urbanos, seg\u00fan lo establecido en el apartado de uso distinto del de vivienda, alquiler de temporada para uso vacacional. Finalidad Los datos de los usuarios registrados a trav\u00e9s[&#8230;]<\/p>\n","protected":false},"author":8,"featured_media":0,"parent":0,"menu_order":0,"comment_status":"closed","ping_status":"closed","template":"","meta":{"footnotes":""},"class_list":["post-1765","page","type-page","status-publish","hentry"],"yoast_head":"<!-- This site is optimized with the Yoast SEO plugin v25.8 - https:\/\/yoast.com\/wordpress\/plugins\/seo\/ -->\n<title>Informaci\u00f3n legal - Villas en Lanzarote<\/title>\n<meta name=\"robots\" content=\"index, follow, max-snippet:-1, max-image-preview:large, max-video-preview:-1\" \/>\n<link rel=\"canonical\" href=\"https:\/\/www.villasenlanzarote.com\/es\/informacion-legal\/\" \/>\n<meta property=\"og:locale\" content=\"es_ES\" \/>\n<meta property=\"og:type\" content=\"article\" \/>\n<meta property=\"og:title\" content=\"Informaci\u00f3n legal - Villas en Lanzarote\" \/>\n<meta property=\"og:description\" content=\"Legislaci\u00f3n de Aplicaci\u00f3n El alquiler de la villa se realiza al amparo de la\u00a0 Ley 29\/1994, de 24 de noviembre, de Arrendamientos Urbanos, seg\u00fan lo establecido en el apartado de uso distinto del de vivienda, alquiler de temporada para uso vacacional. Finalidad Los datos de los usuarios registrados a trav\u00e9s[...]\" \/>\n<meta property=\"og:url\" content=\"https:\/\/www.villasenlanzarote.com\/informacion-legal\/\" \/>\n<meta property=\"og:site_name\" content=\"Villas en Lanzarote\" \/>\n<meta property=\"article:modified_time\" content=\"2023-05-10T12:09:29+00:00\" \/>\n<meta property=\"og:image\" content=\"https:\/\/www.villasenlanzarote.com\/wp-content\/uploads\/2016\/02\/Villas_Trans.png\" \/>\n\t<meta property=\"og:image:width\" content=\"929\" \/>\n\t<meta property=\"og:image:height\" content=\"420\" \/>\n\t<meta property=\"og:image:type\" content=\"image\/png\" \/>\n<meta name=\"twitter:card\" content=\"summary_large_image\" \/>\n<script type=\"application\/ld+json\" class=\"yoast-schema-graph\">{\"@context\":\"https:\/\/schema.org\",\"@graph\":[{\"@type\":\"WebPage\",\"@id\":\"https:\/\/www.villasenlanzarote.com\/informacion-legal\/\",\"url\":\"https:\/\/www.villasenlanzarote.com\/informacion-legal\/\",\"name\":\"Informaci\u00f3n legal - Villas en Lanzarote\",\"isPartOf\":{\"@id\":\"https:\/\/www.villasenlanzarote.com\/#website\"},\"datePublished\":\"2017-04-28T08:17:24+00:00\",\"dateModified\":\"2023-05-10T12:09:29+00:00\",\"breadcrumb\":{\"@id\":\"https:\/\/www.villasenlanzarote.com\/informacion-legal\/#breadcrumb\"},\"inLanguage\":\"es\",\"potentialAction\":[{\"@type\":\"ReadAction\",\"target\":[\"https:\/\/www.villasenlanzarote.com\/informacion-legal\/\"]}]},{\"@type\":\"BreadcrumbList\",\"@id\":\"https:\/\/www.villasenlanzarote.com\/informacion-legal\/#breadcrumb\",\"itemListElement\":[{\"@type\":\"ListItem\",\"position\":1,\"name\":\"Portada\",\"item\":\"https:\/\/www.villasenlanzarote.com\/es\/inicio-2\/\"},{\"@type\":\"ListItem\",\"position\":2,\"name\":\"Informaci\u00f3n legal\"}]},{\"@type\":\"WebSite\",\"@id\":\"https:\/\/www.villasenlanzarote.com\/#website\",\"url\":\"https:\/\/www.villasenlanzarote.com\/\",\"name\":\"Villas en Lanzarote\",\"description\":\"3 Villas de lujo con las ventajas de una Villa y los servicios de un Hotel. En Los Riscos, la mejor zona residencial de Playa Blanca en Lanzarote.\",\"publisher\":{\"@id\":\"https:\/\/www.villasenlanzarote.com\/#organization\"},\"potentialAction\":[{\"@type\":\"SearchAction\",\"target\":{\"@type\":\"EntryPoint\",\"urlTemplate\":\"https:\/\/www.villasenlanzarote.com\/?s={search_term_string}\"},\"query-input\":{\"@type\":\"PropertyValueSpecification\",\"valueRequired\":true,\"valueName\":\"search_term_string\"}}],\"inLanguage\":\"es\"},{\"@type\":\"Organization\",\"@id\":\"https:\/\/www.villasenlanzarote.com\/#organization\",\"name\":\"Villas en Lanzarote\",\"url\":\"https:\/\/www.villasenlanzarote.com\/\",\"logo\":{\"@type\":\"ImageObject\",\"inLanguage\":\"es\",\"@id\":\"https:\/\/www.villasenlanzarote.com\/#\/schema\/logo\/image\/\",\"url\":\"https:\/\/www.villasenlanzarote.com\/wp-content\/uploads\/2016\/02\/Villas_Trans.png\",\"contentUrl\":\"https:\/\/www.villasenlanzarote.com\/wp-content\/uploads\/2016\/02\/Villas_Trans.png\",\"width\":929,\"height\":420,\"caption\":\"Villas en Lanzarote\"},\"image\":{\"@id\":\"https:\/\/www.villasenlanzarote.com\/#\/schema\/logo\/image\/\"}}]}<\/script>\n<!-- \/ Yoast SEO plugin. -->","yoast_head_json":{"title":"Informaci\u00f3n legal - Villas en Lanzarote","robots":{"index":"index","follow":"follow","max-snippet":"max-snippet:-1","max-image-preview":"max-image-preview:large","max-video-preview":"max-video-preview:-1"},"canonical":"https:\/\/www.villasenlanzarote.com\/es\/informacion-legal\/","og_locale":"es_ES","og_type":"article","og_title":"Informaci\u00f3n legal - Villas en Lanzarote","og_description":"Legislaci\u00f3n de Aplicaci\u00f3n El alquiler de la villa se realiza al amparo de la\u00a0 Ley 29\/1994, de 24 de noviembre, de Arrendamientos Urbanos, seg\u00fan lo establecido en el apartado de uso distinto del de vivienda, alquiler de temporada para uso vacacional. Finalidad Los datos de los usuarios registrados a trav\u00e9s[...]","og_url":"https:\/\/www.villasenlanzarote.com\/informacion-legal\/","og_site_name":"Villas en Lanzarote","article_modified_time":"2023-05-10T12:09:29+00:00","og_image":[{"width":929,"height":420,"url":"https:\/\/www.villasenlanzarote.com\/wp-content\/uploads\/2016\/02\/Villas_Trans.png","type":"image\/png"}],"twitter_card":"summary_large_image","schema":{"@context":"https:\/\/schema.org","@graph":[{"@type":"WebPage","@id":"https:\/\/www.villasenlanzarote.com\/informacion-legal\/","url":"https:\/\/www.villasenlanzarote.com\/informacion-legal\/","name":"Informaci\u00f3n legal - Villas en Lanzarote","isPartOf":{"@id":"https:\/\/www.villasenlanzarote.com\/#website"},"datePublished":"2017-04-28T08:17:24+00:00","dateModified":"2023-05-10T12:09:29+00:00","breadcrumb":{"@id":"https:\/\/www.villasenlanzarote.com\/informacion-legal\/#breadcrumb"},"inLanguage":"es","potentialAction":[{"@type":"ReadAction","target":["https:\/\/www.villasenlanzarote.com\/informacion-legal\/"]}]},{"@type":"BreadcrumbList","@id":"https:\/\/www.villasenlanzarote.com\/informacion-legal\/#breadcrumb","itemListElement":[{"@type":"ListItem","position":1,"name":"Portada","item":"https:\/\/www.villasenlanzarote.com\/es\/inicio-2\/"},{"@type":"ListItem","position":2,"name":"Informaci\u00f3n legal"}]},{"@type":"WebSite","@id":"https:\/\/www.villasenlanzarote.com\/#website","url":"https:\/\/www.villasenlanzarote.com\/","name":"Villas en Lanzarote","description":"3 Villas de lujo con las ventajas de una Villa y los servicios de un Hotel. En Los Riscos, la mejor zona residencial de Playa Blanca en Lanzarote.","publisher":{"@id":"https:\/\/www.villasenlanzarote.com\/#organization"},"potentialAction":[{"@type":"SearchAction","target":{"@type":"EntryPoint","urlTemplate":"https:\/\/www.villasenlanzarote.com\/?s={search_term_string}"},"query-input":{"@type":"PropertyValueSpecification","valueRequired":true,"valueName":"search_term_string"}}],"inLanguage":"es"},{"@type":"Organization","@id":"https:\/\/www.villasenlanzarote.com\/#organization","name":"Villas en Lanzarote","url":"https:\/\/www.villasenlanzarote.com\/","logo":{"@type":"ImageObject","inLanguage":"es","@id":"https:\/\/www.villasenlanzarote.com\/#\/schema\/logo\/image\/","url":"https:\/\/www.villasenlanzarote.com\/wp-content\/uploads\/2016\/02\/Villas_Trans.png","contentUrl":"https:\/\/www.villasenlanzarote.com\/wp-content\/uploads\/2016\/02\/Villas_Trans.png","width":929,"height":420,"caption":"Villas en Lanzarote"},"image":{"@id":"https:\/\/www.villasenlanzarote.com\/#\/schema\/logo\/image\/"}}]}},"_links":{"self":[{"href":"https:\/\/www.villasenlanzarote.com\/es\/wp-json\/wp\/v2\/pages\/1765","targetHints":{"allow":["GET"]}}],"collection":[{"href":"https:\/\/www.villasenlanzarote.com\/es\/wp-json\/wp\/v2\/pages"}],"about":[{"href":"https:\/\/www.villasenlanzarote.com\/es\/wp-json\/wp\/v2\/types\/page"}],"author":[{"embeddable":true,"href":"https:\/\/www.villasenlanzarote.com\/es\/wp-json\/wp\/v2\/users\/8"}],"replies":[{"embeddable":true,"href":"https:\/\/www.villasenlanzarote.com\/es\/wp-json\/wp\/v2\/comments?post=1765"}],"version-history":[{"count":2,"href":"https:\/\/www.villasenlanzarote.com\/es\/wp-json\/wp\/v2\/pages\/1765\/revisions"}],"predecessor-version":[{"id":1767,"href":"https:\/\/www.villasenlanzarote.com\/es\/wp-json\/wp\/v2\/pages\/1765\/revisions\/1767"}],"wp:attachment":[{"href":"https:\/\/www.villasenlanzarote.com\/es\/wp-json\/wp\/v2\/media?parent=1765"}],"curies":[{"name":"wp","href":"https:\/\/api.w.org\/{rel}","templated":true}]}}