{"id":1221,"date":"2016-04-05T17:49:16","date_gmt":"2016-04-05T15:49:16","guid":{"rendered":"https:\/\/www.villasenlanzarote.com\/?page_id=1221"},"modified":"2019-10-18T23:18:34","modified_gmt":"2019-10-18T21:18:34","slug":"venta-parcelas-solares","status":"publish","type":"page","link":"https:\/\/www.villasenlanzarote.com\/es\/venta-parcelas-solares\/","title":{"rendered":"Venta de parcelas y solares en Playa Blanca"},"content":{"rendered":"<p>Villas en Lanzarote tiene parcelas y solares en venta en Playa Blanca. Se encuentran en la zona residencial exclusiva Castillo del \u00c1guila, muy cerca del fabuloso Puerto Deportivo Marina Rubic\u00f3n, situado al sudoeste de la isla de Lanzarote, donde tenemos disponibles <a href=\"https:\/\/www.villasenlanzarote.com\/amarres\/\">amarres en alquiler y venta.<\/a><\/p>\n<p>Las parcelas est\u00e1n situadas a pocos kil\u00f3metros del centro urbano de Playa Blanca, donde podr\u00e1 disfrutar de su t\u00edpico puerto marinero, los restaurantes de pescado fresco y su espl\u00e9ndida bah\u00eda ideal para pasear al atardecer. Las fant\u00e1sticas Playas de Papagayo y todo el entorno natural de Punta del Papagayo se encuentran a s\u00f3lo unos 5 km de los solares y parcelas disponibles.<\/p>\n<p>En el entrono cercano a la zona residencial Castillo del \u00c1guila se encuentran instalaciones deportivas y de ocio que complementan la oferta que el propio paraje natural de Playa blanca ofrece: un <strong>campo de golf<\/strong> a unos 50 km , un<strong> centro ecuestre <\/strong>a 18 km,\u00a0 a 300 m del <strong>puerto deportivo<\/strong> Marina Rubic\u00f3n, a 10 minutos de una <strong>escuela de submarinismo <\/strong>y de las zonas de ocio pr\u00f3ximas al puerto deportivo.<\/p>\n<h2>Parcelas y Solares en Venta, <a href=\"https:\/\/goo.gl\/maps\/qARDeW9cWF5UppKV6\" target=\"_blank\" rel=\"noopener noreferrer\">Castillo del \u00c1guila<\/a>, Playa Blanca &#8211; Yaiza<\/h2>\n<p>Esta tarifa anula a cualquier otra de fecha anterior. 20\/5\/2018<\/p>\n<p><a href=\"https:\/\/www.villasenlanzarote.com\/wp-content\/uploads\/2019\/05\/parcelas-vendidas-y-reservadas.jpg\" data-rel=\"prettyPhoto[1221]\"><img loading=\"lazy\" decoding=\"async\" class=\"alignnone wp-image-1919 size-full\" src=\"https:\/\/www.villasenlanzarote.com\/wp-content\/uploads\/2019\/05\/parcelas-vendidas-y-reservadas.jpg\" alt=\"parcelas vendidas y reservadas\" width=\"1199\" height=\"531\" srcset=\"https:\/\/www.villasenlanzarote.com\/wp-content\/uploads\/2019\/05\/parcelas-vendidas-y-reservadas.jpg 1199w, https:\/\/www.villasenlanzarote.com\/wp-content\/uploads\/2019\/05\/parcelas-vendidas-y-reservadas-300x133.jpg 300w, https:\/\/www.villasenlanzarote.com\/wp-content\/uploads\/2019\/05\/parcelas-vendidas-y-reservadas-1024x453.jpg 1024w\" sizes=\"auto, (max-width: 1199px) 100vw, 1199px\" \/><\/a><\/p>\n<p style=\"text-align: center;\"><a href=\"https:\/\/www.villasenlanzarote.com\/wp-content\/uploads\/2019\/05\/Venta-de-Parcelas-y-Solares-reservadas.jpg\" data-rel=\"prettyPhoto[1221]\"><img loading=\"lazy\" decoding=\"async\" class=\"alignnone wp-image-1920 size-full\" src=\"https:\/\/www.villasenlanzarote.com\/wp-content\/uploads\/2019\/05\/Venta-de-Parcelas-y-Solares-reservadas.jpg\" alt=\"Venta-de-Parcelas-y-Solares-reservadas\" width=\"595\" height=\"585\" srcset=\"https:\/\/www.villasenlanzarote.com\/wp-content\/uploads\/2019\/05\/Venta-de-Parcelas-y-Solares-reservadas.jpg 595w, https:\/\/www.villasenlanzarote.com\/wp-content\/uploads\/2019\/05\/Venta-de-Parcelas-y-Solares-reservadas-300x295.jpg 300w\" sizes=\"auto, (max-width: 595px) 100vw, 595px\" \/><\/a><\/p>\n","protected":false},"excerpt":{"rendered":"<p>Villas en Lanzarote tiene parcelas y solares en venta en Playa Blanca. Se encuentran en la zona residencial exclusiva Castillo del \u00c1guila, muy cerca del fabuloso Puerto Deportivo Marina Rubic\u00f3n, situado al sudoeste de la isla de Lanzarote, donde tenemos disponibles amarres en alquiler y venta. Las parcelas est\u00e1n situadas[&#8230;]<\/p>\n","protected":false},"author":9,"featured_media":0,"parent":0,"menu_order":0,"comment_status":"open","ping_status":"closed","template":"template-fullwidth.php","meta":{"footnotes":""},"class_list":["post-1221","page","type-page","status-publish","hentry"],"yoast_head":"<!-- This site is optimized with the Yoast SEO plugin v25.8 - https:\/\/yoast.com\/wordpress\/plugins\/seo\/ -->\n<title>Venta de parcelas y solares en Playa Blanca - Villas en Lanzarote<\/title>\n<meta name=\"description\" content=\"Venta de parcelas y solares en Playa Blanca en una zona residencial exclusiva muy cerca de Marina Rubic\u00f3n y de las Playas de Papagayo, Lanzarote.\" \/>\n<meta name=\"robots\" content=\"index, follow, max-snippet:-1, max-image-preview:large, max-video-preview:-1\" \/>\n<link rel=\"canonical\" href=\"https:\/\/www.villasenlanzarote.com\/es\/venta-parcelas-solares\/\" \/>\n<meta property=\"og:locale\" content=\"es_ES\" \/>\n<meta property=\"og:type\" content=\"article\" \/>\n<meta property=\"og:title\" content=\"Venta de parcelas y solares en Playa Blanca - Villas en Lanzarote\" \/>\n<meta property=\"og:description\" content=\"Venta de parcelas y solares en Playa Blanca en una zona residencial exclusiva muy cerca de Marina Rubic\u00f3n y de las Playas de Papagayo, Lanzarote.\" \/>\n<meta property=\"og:url\" content=\"https:\/\/www.villasenlanzarote.com\/venta-parcelas-solares\/\" \/>\n<meta property=\"og:site_name\" content=\"Villas en Lanzarote\" \/>\n<meta property=\"article:modified_time\" content=\"2019-10-18T21:18:34+00:00\" \/>\n<meta property=\"og:image\" content=\"https:\/\/www.villasenlanzarote.com\/wp-content\/uploads\/2019\/05\/parcelas-vendidas-y-reservadas.jpg\" \/>\n<meta name=\"twitter:card\" content=\"summary_large_image\" \/>\n<script type=\"application\/ld+json\" class=\"yoast-schema-graph\">{\"@context\":\"https:\/\/schema.org\",\"@graph\":[{\"@type\":\"WebPage\",\"@id\":\"https:\/\/www.villasenlanzarote.com\/venta-parcelas-solares\/\",\"url\":\"https:\/\/www.villasenlanzarote.com\/venta-parcelas-solares\/\",\"name\":\"Venta de parcelas y solares en Playa Blanca - Villas en Lanzarote\",\"isPartOf\":{\"@id\":\"https:\/\/www.villasenlanzarote.com\/#website\"},\"primaryImageOfPage\":{\"@id\":\"https:\/\/www.villasenlanzarote.com\/venta-parcelas-solares\/#primaryimage\"},\"image\":{\"@id\":\"https:\/\/www.villasenlanzarote.com\/venta-parcelas-solares\/#primaryimage\"},\"thumbnailUrl\":\"https:\/\/www.villasenlanzarote.com\/wp-content\/uploads\/2019\/05\/parcelas-vendidas-y-reservadas.jpg\",\"datePublished\":\"2016-04-05T15:49:16+00:00\",\"dateModified\":\"2019-10-18T21:18:34+00:00\",\"description\":\"Venta de parcelas y solares en Playa Blanca en una zona residencial exclusiva muy cerca de Marina Rubic\u00f3n y de las Playas de Papagayo, Lanzarote.\",\"breadcrumb\":{\"@id\":\"https:\/\/www.villasenlanzarote.com\/venta-parcelas-solares\/#breadcrumb\"},\"inLanguage\":\"es\",\"potentialAction\":[{\"@type\":\"ReadAction\",\"target\":[\"https:\/\/www.villasenlanzarote.com\/venta-parcelas-solares\/\"]}]},{\"@type\":\"ImageObject\",\"inLanguage\":\"es\",\"@id\":\"https:\/\/www.villasenlanzarote.com\/venta-parcelas-solares\/#primaryimage\",\"url\":\"https:\/\/www.villasenlanzarote.com\/wp-content\/uploads\/2019\/05\/parcelas-vendidas-y-reservadas.jpg\",\"contentUrl\":\"https:\/\/www.villasenlanzarote.com\/wp-content\/uploads\/2019\/05\/parcelas-vendidas-y-reservadas.jpg\"},{\"@type\":\"BreadcrumbList\",\"@id\":\"https:\/\/www.villasenlanzarote.com\/venta-parcelas-solares\/#breadcrumb\",\"itemListElement\":[{\"@type\":\"ListItem\",\"position\":1,\"name\":\"Portada\",\"item\":\"https:\/\/www.villasenlanzarote.com\/es\/inicio-2\/\"},{\"@type\":\"ListItem\",\"position\":2,\"name\":\"Venta de parcelas y solares en Playa Blanca\"}]},{\"@type\":\"WebSite\",\"@id\":\"https:\/\/www.villasenlanzarote.com\/#website\",\"url\":\"https:\/\/www.villasenlanzarote.com\/\",\"name\":\"Villas en Lanzarote\",\"description\":\"3 Villas de lujo con las ventajas de una Villa y los servicios de un Hotel. En Los Riscos, la mejor zona residencial de Playa Blanca en Lanzarote.\",\"publisher\":{\"@id\":\"https:\/\/www.villasenlanzarote.com\/#organization\"},\"potentialAction\":[{\"@type\":\"SearchAction\",\"target\":{\"@type\":\"EntryPoint\",\"urlTemplate\":\"https:\/\/www.villasenlanzarote.com\/?s={search_term_string}\"},\"query-input\":{\"@type\":\"PropertyValueSpecification\",\"valueRequired\":true,\"valueName\":\"search_term_string\"}}],\"inLanguage\":\"es\"},{\"@type\":\"Organization\",\"@id\":\"https:\/\/www.villasenlanzarote.com\/#organization\",\"name\":\"Villas en Lanzarote\",\"url\":\"https:\/\/www.villasenlanzarote.com\/\",\"logo\":{\"@type\":\"ImageObject\",\"inLanguage\":\"es\",\"@id\":\"https:\/\/www.villasenlanzarote.com\/#\/schema\/logo\/image\/\",\"url\":\"https:\/\/www.villasenlanzarote.com\/wp-content\/uploads\/2016\/02\/Villas_Trans.png\",\"contentUrl\":\"https:\/\/www.villasenlanzarote.com\/wp-content\/uploads\/2016\/02\/Villas_Trans.png\",\"width\":929,\"height\":420,\"caption\":\"Villas en Lanzarote\"},\"image\":{\"@id\":\"https:\/\/www.villasenlanzarote.com\/#\/schema\/logo\/image\/\"}}]}<\/script>\n<!-- \/ Yoast SEO plugin. -->","yoast_head_json":{"title":"Venta de parcelas y solares en Playa Blanca - Villas en Lanzarote","description":"Venta de parcelas y solares en Playa Blanca en una zona residencial exclusiva muy cerca de Marina Rubic\u00f3n y de las Playas de Papagayo, Lanzarote.","robots":{"index":"index","follow":"follow","max-snippet":"max-snippet:-1","max-image-preview":"max-image-preview:large","max-video-preview":"max-video-preview:-1"},"canonical":"https:\/\/www.villasenlanzarote.com\/es\/venta-parcelas-solares\/","og_locale":"es_ES","og_type":"article","og_title":"Venta de parcelas y solares en Playa Blanca - Villas en Lanzarote","og_description":"Venta de parcelas y solares en Playa Blanca en una zona residencial exclusiva muy cerca de Marina Rubic\u00f3n y de las Playas de Papagayo, Lanzarote.","og_url":"https:\/\/www.villasenlanzarote.com\/venta-parcelas-solares\/","og_site_name":"Villas en Lanzarote","article_modified_time":"2019-10-18T21:18:34+00:00","og_image":[{"url":"https:\/\/www.villasenlanzarote.com\/wp-content\/uploads\/2019\/05\/parcelas-vendidas-y-reservadas.jpg","type":"","width":"","height":""}],"twitter_card":"summary_large_image","schema":{"@context":"https:\/\/schema.org","@graph":[{"@type":"WebPage","@id":"https:\/\/www.villasenlanzarote.com\/venta-parcelas-solares\/","url":"https:\/\/www.villasenlanzarote.com\/venta-parcelas-solares\/","name":"Venta de parcelas y solares en Playa Blanca - Villas en Lanzarote","isPartOf":{"@id":"https:\/\/www.villasenlanzarote.com\/#website"},"primaryImageOfPage":{"@id":"https:\/\/www.villasenlanzarote.com\/venta-parcelas-solares\/#primaryimage"},"image":{"@id":"https:\/\/www.villasenlanzarote.com\/venta-parcelas-solares\/#primaryimage"},"thumbnailUrl":"https:\/\/www.villasenlanzarote.com\/wp-content\/uploads\/2019\/05\/parcelas-vendidas-y-reservadas.jpg","datePublished":"2016-04-05T15:49:16+00:00","dateModified":"2019-10-18T21:18:34+00:00","description":"Venta de parcelas y solares en Playa Blanca en una zona residencial exclusiva muy cerca de Marina Rubic\u00f3n y de las Playas de Papagayo, Lanzarote.","breadcrumb":{"@id":"https:\/\/www.villasenlanzarote.com\/venta-parcelas-solares\/#breadcrumb"},"inLanguage":"es","potentialAction":[{"@type":"ReadAction","target":["https:\/\/www.villasenlanzarote.com\/venta-parcelas-solares\/"]}]},{"@type":"ImageObject","inLanguage":"es","@id":"https:\/\/www.villasenlanzarote.com\/venta-parcelas-solares\/#primaryimage","url":"https:\/\/www.villasenlanzarote.com\/wp-content\/uploads\/2019\/05\/parcelas-vendidas-y-reservadas.jpg","contentUrl":"https:\/\/www.villasenlanzarote.com\/wp-content\/uploads\/2019\/05\/parcelas-vendidas-y-reservadas.jpg"},{"@type":"BreadcrumbList","@id":"https:\/\/www.villasenlanzarote.com\/venta-parcelas-solares\/#breadcrumb","itemListElement":[{"@type":"ListItem","position":1,"name":"Portada","item":"https:\/\/www.villasenlanzarote.com\/es\/inicio-2\/"},{"@type":"ListItem","position":2,"name":"Venta de parcelas y solares en Playa Blanca"}]},{"@type":"WebSite","@id":"https:\/\/www.villasenlanzarote.com\/#website","url":"https:\/\/www.villasenlanzarote.com\/","name":"Villas en Lanzarote","description":"3 Villas de lujo con las ventajas de una Villa y los servicios de un Hotel. En Los Riscos, la mejor zona residencial de Playa Blanca en Lanzarote.","publisher":{"@id":"https:\/\/www.villasenlanzarote.com\/#organization"},"potentialAction":[{"@type":"SearchAction","target":{"@type":"EntryPoint","urlTemplate":"https:\/\/www.villasenlanzarote.com\/?s={search_term_string}"},"query-input":{"@type":"PropertyValueSpecification","valueRequired":true,"valueName":"search_term_string"}}],"inLanguage":"es"},{"@type":"Organization","@id":"https:\/\/www.villasenlanzarote.com\/#organization","name":"Villas en Lanzarote","url":"https:\/\/www.villasenlanzarote.com\/","logo":{"@type":"ImageObject","inLanguage":"es","@id":"https:\/\/www.villasenlanzarote.com\/#\/schema\/logo\/image\/","url":"https:\/\/www.villasenlanzarote.com\/wp-content\/uploads\/2016\/02\/Villas_Trans.png","contentUrl":"https:\/\/www.villasenlanzarote.com\/wp-content\/uploads\/2016\/02\/Villas_Trans.png","width":929,"height":420,"caption":"Villas en Lanzarote"},"image":{"@id":"https:\/\/www.villasenlanzarote.com\/#\/schema\/logo\/image\/"}}]}},"_links":{"self":[{"href":"https:\/\/www.villasenlanzarote.com\/es\/wp-json\/wp\/v2\/pages\/1221","targetHints":{"allow":["GET"]}}],"collection":[{"href":"https:\/\/www.villasenlanzarote.com\/es\/wp-json\/wp\/v2\/pages"}],"about":[{"href":"https:\/\/www.villasenlanzarote.com\/es\/wp-json\/wp\/v2\/types\/page"}],"author":[{"embeddable":true,"href":"https:\/\/www.villasenlanzarote.com\/es\/wp-json\/wp\/v2\/users\/9"}],"replies":[{"embeddable":true,"href":"https:\/\/www.villasenlanzarote.com\/es\/wp-json\/wp\/v2\/comments?post=1221"}],"version-history":[{"count":15,"href":"https:\/\/www.villasenlanzarote.com\/es\/wp-json\/wp\/v2\/pages\/1221\/revisions"}],"predecessor-version":[{"id":2440,"href":"https:\/\/www.villasenlanzarote.com\/es\/wp-json\/wp\/v2\/pages\/1221\/revisions\/2440"}],"wp:attachment":[{"href":"https:\/\/www.villasenlanzarote.com\/es\/wp-json\/wp\/v2\/media?parent=1221"}],"curies":[{"name":"wp","href":"https:\/\/api.w.org\/{rel}","templated":true}]}}