{"id":1014,"date":"2016-01-31T01:08:05","date_gmt":"2016-01-31T00:08:05","guid":{"rendered":"https:\/\/www.villasenlanzarote.com\/?page_id=1014"},"modified":"2023-02-28T20:55:51","modified_gmt":"2023-02-28T19:55:51","slug":"politica-de-privacidad-y-cookies","status":"publish","type":"page","link":"https:\/\/www.villasenlanzarote.com\/es\/politica-de-privacidad-y-cookies\/","title":{"rendered":"Pol\u00edtica de Privacidad y cookies"},"content":{"rendered":"<h2>INFORMACI\u00d3N LEGAL<\/h2>\n<p><strong>SUMMUM DESIGN ESTUDIO S.L.\u00a0<\/strong>titular del sitio web \u2018villasenlanzarote.com\u2019, C.I.F.B-84338615, es una sociedad inscrita en el Registro Mercantil de Madrid, al tomo 21.386, folio 77, hoja n\u00famero M-380180 , con domicilio en la Calle Espa\u00f1a n\u00ba8, Urbanizaci\u00f3n Los Riscos de Monta\u00f1a Roja n\u00ba7, Playa Blanca-Yaiza, y Alta en el IAE en el ep\u00edgrafe 7111.<\/p>\n<p>El presente aviso legal regula el acceso y el uso del servicio del sitio web www.villasenlanzarote.com (en adelante, el \u2018Sitio Web\u2019). <strong>SUMMUM DESIGN ESTUDIO S.L. <\/strong>podr\u00e1 alterar en cualquier momento y sin aviso previo, el dise\u00f1o, presentaci\u00f3n y\/o configuraci\u00f3n del Sitio Web, as\u00ed como algunos o todos los servicios, y a\u00f1adir servicios nuevos.<\/p>\n<p>La utilizaci\u00f3n de este Sitio Web implica la plena aceptaci\u00f3n de las disposiciones incluidas en este Aviso en la versi\u00f3n publicada por <strong>SUMMUM DESIGN ESTUDIO S.L.<\/strong> en el momento en que el Usuario acceda al Sitio Web. Asimismo <strong>SUMMUM DESIGN ESTUDIO S.L.<\/strong> pone en conocimiento de los Usuarios de este Sitio Web que estas Condiciones Generales de Uso pueden ser modificadas sin notificaci\u00f3n previa. En consecuencia el Usuario debe leer atentamente el presente Aviso Legal en cada una de las ocasiones en que se proceda a utilizar el Sitio Web, ya que aqu\u00e9l puede sufrir modificaciones.<\/p>\n<h2>Legislaci\u00f3n de Aplicaci\u00f3n<\/h2>\n<p>El alquiler de la villa se realiza al amparo de la Ley 29\/1994, de 24 de noviembre, de Arrendamientos Urbanos , seg\u00fan lo establecido en el apartado de uso distinto del de vivienda, alquiler de temporada para uso vacacional<\/p>\n<h2>Condiciones de Acceso y Utilizaci\u00f3n del Sito Web<\/h2>\n<p>El usuario se compromete a hacer un uso diligente del mismo y de los servicios accesibles desde este Sitio Web, con total sujeci\u00f3n a la Ley, a las buenas costumbres y las presentes Condiciones Generales, as\u00ed como manteniendo el debido respeto a los dem\u00e1s usuarios.<\/p>\n<p>Queda expresamente prohibido cualquier uso diferente a la finalidad de este Sitio Web.<\/p>\n<p>En este sentido, el Usuario renunciar\u00e1 a utilizar cualquiera de los materiales e informaciones contenidos en este Sitio Web con fines il\u00edcitos y expresamente prohibidos en las presentes Condiciones Generales de Uso o actuaciones que resulten contrarios a los derechos e intereses de <strong>SUMMUM DESIGN ESTUDIO S.L.<\/strong>, sus miembros y\/o terceros, y deber\u00e1 responder frente a los mismos en caso de contravenir o incumplir dichas obligaciones y\/o que, de cualquier modo (incluida la introducci\u00f3n o difusi\u00f3n de \u2018virus inform\u00e1ticos\u2019), da\u00f1e, inutilice, sobrecargue, deteriore o impida la normal utilizaci\u00f3n de los materiales e informaciones contenidos en el Sitio Web, los sistemas de informaci\u00f3n o los documentos, archivos y toda clase de contenidos almacenados en cualquier equipo inform\u00e1tico (hacking) de <strong>SUMMUM DESIGN ESTUDIO S.L.<\/strong>, de sus miembros o de cualquier Usuario del Sitio Web.<\/p>\n<p>Con car\u00e1cter general la prestaci\u00f3n de los servicios no exige la previa suscripci\u00f3n o registro de los Usuarios.<\/p>\n<p>El Usuario que incumpla intencional o culpablemente cualquiera de las precedentes obligaciones responder\u00e1 de todos los da\u00f1os y perjuicios que cause.<\/p>\n<h2>Exclusi\u00f3n de Garant\u00edas y Responsabilidad<\/h2>\n<p>Salvo en aquellos casos expresamente descritos en las Condiciones Generales de Uso y el resto del marco normativo, <strong>SUMMUM DESIGN ESTUDIO S.L.<\/strong> no se responsabiliza por los da\u00f1os y perjuicios de toda naturaleza que puedan deberse a la falta de exactitud, exhaustividad, actualidad, as\u00ed como a errores u omisiones de los que pudieran adolecer las informaciones y servicios contenidos de este Sitio Web u otros contenidos a los que se pueda acceder a trav\u00e9s del mismo ni asume ning\u00fan deber o compromiso de verificar ni de vigilar sus contenidos e informaciones.<\/p>\n<p><strong>SUMMUM DESIGN ESTUDIO S.L.<\/strong> no se responsabiliza del contenido publicado libremente por los propietarios de los apartamentos, en especial de las fotos publicadas por los propietarios las cuales quedan sujetas a su \u00fanica y exclusiva responsabilidad, excluyendo a <strong>SUMMUM DESIGN ESTUDIO S.L.<\/strong> de cualquier tipo de responsabilidad al respecto.<\/p>\n<p>Asimismo,\u00a0<strong>SUMMUM DESIGN ESTUDIO S.L<\/strong> no garantiza la disponibilidad, continuidad ni la infalibilidad del funcionamiento del Sitio Web, y en consecuencia excluye, en la m\u00e1xima medida permitida por la legislaci\u00f3n vigente, cualquier responsabilidad por los da\u00f1os y perjuicios de toda naturaleza que puedan deberse a la falta de disponibilidad o de continuidad del funcionamiento del Sitio Web y de los servicios habilitados en el mismo, as\u00ed como a los errores en el acceso a las distintas p\u00e1ginas web o a aquellas desde las que, en su caso, se presten dichos servicios.<\/p>\n<p><strong>SUMMUM DESIGN ESTUDIO S.L.<\/strong> excluye cualquier responsabilidad por los da\u00f1os y perjuicios de toda \u00edndole que pudieran deberse a los servicios prestados por terceros a trav\u00e9s de este Sitio Web as\u00ed como a los medios que \u00e9stos habilitan para gestionar las solicitudes de servicio, y concretamente, a modo enunciativo y no limitativo: por los actos de competencia desleal y publicidad il\u00edcita como consecuencia de la prestaci\u00f3n de servicios por terceros a trav\u00e9s del Sitio Web, as\u00ed como a la falta de veracidad, exactitud, exhaustividad, vicios, defectos, pertinencia y\/o actualidad de los contenidos transmitidos, difundidos, almacenados, recibidos, obtenidos, puestos a disposici\u00f3n o accesibles mediante los servicios prestados por terceros a trav\u00e9s de este Sitio Web.<\/p>\n<h2>Pol\u00edtica de Protecci\u00f3n de datos de car\u00e1cter Personal<\/h2>\n<p>Villasenlanzarote.com cumple \u00edntegramente con la legislaci\u00f3n vigente en materia de protecci\u00f3n de datos de car\u00e1cter personal, y con los compromisos de confidencialidad propios de su actividad.<\/p>\n<h2>Derecho de Oposici\u00f3n, Correcci\u00f3n y Actualizaci\u00f3n de Datos<\/h2>\n<p>El usuario tiene derecho a acceder a esta informaci\u00f3n, a rectificarla si los datos son err\u00f3neos y a darse de baja de los servicios de villasenlanzarote.com.<\/p>\n<p>En caso de problemas para la realizaci\u00f3n efectiva online as\u00ed como para cualquier tipo de duda o controversia respecto a nuestra pol\u00edtica de privacidad de datos se podr\u00e1n dirigir directamente a:<\/p>\n<p>info@villasenlanzarote.com<br \/>\n<strong>SUMMUM DESIGN ESTUDIO S.L.<\/strong><br \/>\nC\/ Espa\u00f1a n\u00ba 8. Urb. Los Riscos de Monta\u00f1a Roja n\u00ba 7.<br \/>\nE-35580 \u2013 Playa Blanca \u2013 Yaiza \u2013 Lanzarote.<\/p>\n<p>El tratamiento de los datos personales y el env\u00edo de comunicaciones por medios electr\u00f3nicos est\u00e1n ajustados a la normativa establecida en la Ley Org\u00e1nica 15\/1999,13 de diciembre, de Protecci\u00f3n de Datos de Car\u00e1cter Personal (B.O.E 14\/12\/1999) y en la Ley 34\/2002, de 11 de julio, de Servicios de la Sociedad de la Informaci\u00f3n y de Comercio Electr\u00f3nico (B.O.E. 12\/07\/2002)<\/p>\n<h2>Finalidad<\/h2>\n<p>Los datos de los usuarios registrados a trav\u00e9s de los formularios habilitados al efecto en www.villasenlanzarote.com (en adelante, el sitio web) son recabados <strong>SUMMUM DESIGN ESTUDIO S.L.<\/strong> con la finalidad de facilitar la prestaci\u00f3n de los servicios que proporciona a trav\u00e9s de dicho sitio web; portal de b\u00fasqueda de apartamento vacacional de alquiler, as\u00ed como la prestaci\u00f3n de servicios de ocio e inmobiliarios relacionados con el apartamento vacacional.<\/p>\n<h2>Car\u00e1cter Obligatorio o Facultativo de la informaci\u00f3n<\/h2>\n<p>Car\u00e1cter obligatorio o facultativo de la informaci\u00f3n facilitada por el usuario y veracidad de los datos.<\/p>\n<p>Los campos a cumplimentar por el usuario son estrictamente necesarios para atender a su petici\u00f3n.<\/p>\n<p>El usuario garantiza que los datos personales facilitados a <strong>SUMMUM DESIGN ESTUDIO S.L.<\/strong> son veraces y se hace responsable de comunicar al mismo cualquier modificaci\u00f3n de los mismos.<\/p>\n<p>Los datos recabados son los adecuados, pertinentes y no excesivos en relaci\u00f3n con el \u00e1mbito, las finalidades y servicios determinados, expl\u00edcitos y leg\u00edtimos de <strong>SUMMUM DESIGN ESTUDIO S.L.<\/strong><\/p>\n<h2>Consentimiento del usuario<\/h2>\n<p>El env\u00edo de datos personales mediante el uso de los formularios electr\u00f3nicos de <strong>SUMMUM DESIGN ESTUDIO S.L.<\/strong> o, en su caso, mensajes de correo electr\u00f3nico, supone el consentimiento expreso del remitente al tratamiento automatizado de los datos incluidos en los medios de comunicaci\u00f3n indicados, as\u00ed como al env\u00edo de comunicaciones v\u00eda electr\u00f3nica con informaci\u00f3n relacionada con <strong>SUMMUM DESIGN ESTUDIO S.L.<\/strong> y sus iniciativas.<\/p>\n<p>Mediante la cumplimentaci\u00f3n y env\u00edo de los formularios y correos electr\u00f3nicos el usuario consiente el env\u00edo de comunicaciones promocionales relacionadas con el sector del apartamento vacacional, ocio e inmobiliario.<\/p>\n<p>El usuario, podr\u00e1 darse de baja o modificar sus datos de forma r\u00e1pida y gratuita.<\/p>\n<h2>Alertas, Bolet\u00edn y Comunicaciones Electr\u00f3nicas<\/h2>\n<p><strong>SUMMUM DESIGN ESTUDIO S.L.<\/strong> mantiene los niveles de seguridad de protecci\u00f3n de datos personales conforme al Real Decreto 994\/1999, de 11 de junio, relativo a las medidas de seguridad de los ficheros automatizados que contengan datos de car\u00e1cter personal, y ha establecido todos los medios t\u00e9cnicos a su alcance para evitar la p\u00e9rdida, mal uso, alteraci\u00f3n, acceso no autorizado y robo de los datos que el usuario facilite a trav\u00e9s del sitio web, sin perjuicio de informarle de que las medidas de seguridad en Internet no son inexpugnables.<\/p>\n<p><strong>SUMMUM DESIGN ESTUDIO S.L.<\/strong> se compromete a cumplir con el deber de secreto y confidencialidad respecto de los datos personales contenidos en el fichero automatizado de acuerdo con la legislaci\u00f3n aplicable.<\/p>\n<h2>Cookies e IPs<\/h2>\n<p>El usuario acepta el uso de cookies y seguimientos de IPs. Nuestro analizador de tr\u00e1fico del sitio web utiliza cookies y seguimientos de IPs que nos permiten recoger datos a efectos estad\u00edsticos como: fecha de la primera visita, n\u00famero de veces que se ha visitado, fecha de la \u00faltima visita, URL y dominio de la que proviene, explorador utilizado y resoluci\u00f3n de la pantalla. Puede desactivar estas cookies desde el panel de <a href=\"\/#gdpr_cookie_modal\">AJUSTES de privacidad<\/a>. No obstante, el usuario si lo desea puede desactivar y\/o eliminar estas cookies siguiendo las instrucciones de su navegador de Internet.<\/p>\n<h2>Modificaci\u00f3n de la pol\u00edtica de privacidad<\/h2>\n<p><strong>SUMMUM DESIGN ESTUDIO S.L.<\/strong> se reserva el derecho a modificar la presente pol\u00edtica de privacidad para adaptarla a futuras novedades legislativas o jurisprudenciales.<\/p>\n","protected":false},"excerpt":{"rendered":"<p>INFORMACI\u00d3N LEGAL SUMMUM DESIGN ESTUDIO S.L.\u00a0titular del sitio web \u2018villasenlanzarote.com\u2019, C.I.F.B-84338615, es una sociedad inscrita en el Registro Mercantil de Madrid, al tomo 21.386, folio 77, hoja n\u00famero M-380180 , con domicilio en la Calle Espa\u00f1a n\u00ba8, Urbanizaci\u00f3n Los Riscos de Monta\u00f1a Roja n\u00ba7, Playa Blanca-Yaiza, y Alta en el[&#8230;]<\/p>\n","protected":false},"author":9,"featured_media":0,"parent":0,"menu_order":0,"comment_status":"closed","ping_status":"closed","template":"template-fullwidth.php","meta":{"footnotes":""},"class_list":["post-1014","page","type-page","status-publish","hentry"],"yoast_head":"<!-- This site is optimized with the Yoast SEO plugin v25.8 - https:\/\/yoast.com\/wordpress\/plugins\/seo\/ -->\n<title>Pol\u00edtica de Privacidad y cookies - Villas en Lanzarote<\/title>\n<meta name=\"robots\" content=\"index, follow, max-snippet:-1, max-image-preview:large, max-video-preview:-1\" \/>\n<link rel=\"canonical\" href=\"https:\/\/www.villasenlanzarote.com\/es\/politica-de-privacidad-y-cookies\/\" \/>\n<meta property=\"og:locale\" content=\"es_ES\" \/>\n<meta property=\"og:type\" content=\"article\" \/>\n<meta property=\"og:title\" content=\"Pol\u00edtica de Privacidad y cookies - Villas en Lanzarote\" \/>\n<meta property=\"og:description\" content=\"INFORMACI\u00d3N LEGAL SUMMUM DESIGN ESTUDIO S.L.\u00a0titular del sitio web \u2018villasenlanzarote.com\u2019, C.I.F.B-84338615, es una sociedad inscrita en el Registro Mercantil de Madrid, al tomo 21.386, folio 77, hoja n\u00famero M-380180 , con domicilio en la Calle Espa\u00f1a n\u00ba8, Urbanizaci\u00f3n Los Riscos de Monta\u00f1a Roja n\u00ba7, Playa Blanca-Yaiza, y Alta en el[...]\" \/>\n<meta property=\"og:url\" content=\"https:\/\/www.villasenlanzarote.com\/politica-de-privacidad-y-cookies\/\" \/>\n<meta property=\"og:site_name\" content=\"Villas en Lanzarote\" \/>\n<meta property=\"article:modified_time\" content=\"2023-02-28T19:55:51+00:00\" \/>\n<meta property=\"og:image\" content=\"https:\/\/www.villasenlanzarote.com\/wp-content\/uploads\/2016\/02\/Villas_Trans.png\" \/>\n\t<meta property=\"og:image:width\" content=\"929\" \/>\n\t<meta property=\"og:image:height\" content=\"420\" \/>\n\t<meta property=\"og:image:type\" content=\"image\/png\" \/>\n<meta name=\"twitter:card\" content=\"summary_large_image\" \/>\n<script type=\"application\/ld+json\" class=\"yoast-schema-graph\">{\"@context\":\"https:\/\/schema.org\",\"@graph\":[{\"@type\":\"WebPage\",\"@id\":\"https:\/\/www.villasenlanzarote.com\/politica-de-privacidad-y-cookies\/\",\"url\":\"https:\/\/www.villasenlanzarote.com\/politica-de-privacidad-y-cookies\/\",\"name\":\"Pol\u00edtica de Privacidad y cookies - Villas en Lanzarote\",\"isPartOf\":{\"@id\":\"https:\/\/www.villasenlanzarote.com\/#website\"},\"datePublished\":\"2016-01-31T00:08:05+00:00\",\"dateModified\":\"2023-02-28T19:55:51+00:00\",\"breadcrumb\":{\"@id\":\"https:\/\/www.villasenlanzarote.com\/politica-de-privacidad-y-cookies\/#breadcrumb\"},\"inLanguage\":\"es\",\"potentialAction\":[{\"@type\":\"ReadAction\",\"target\":[\"https:\/\/www.villasenlanzarote.com\/politica-de-privacidad-y-cookies\/\"]}]},{\"@type\":\"BreadcrumbList\",\"@id\":\"https:\/\/www.villasenlanzarote.com\/politica-de-privacidad-y-cookies\/#breadcrumb\",\"itemListElement\":[{\"@type\":\"ListItem\",\"position\":1,\"name\":\"Portada\",\"item\":\"https:\/\/www.villasenlanzarote.com\/es\/inicio-2\/\"},{\"@type\":\"ListItem\",\"position\":2,\"name\":\"Pol\u00edtica de Privacidad y cookies\"}]},{\"@type\":\"WebSite\",\"@id\":\"https:\/\/www.villasenlanzarote.com\/#website\",\"url\":\"https:\/\/www.villasenlanzarote.com\/\",\"name\":\"Villas en Lanzarote\",\"description\":\"3 Villas de lujo con las ventajas de una Villa y los servicios de un Hotel. En Los Riscos, la mejor zona residencial de Playa Blanca en Lanzarote.\",\"publisher\":{\"@id\":\"https:\/\/www.villasenlanzarote.com\/#organization\"},\"potentialAction\":[{\"@type\":\"SearchAction\",\"target\":{\"@type\":\"EntryPoint\",\"urlTemplate\":\"https:\/\/www.villasenlanzarote.com\/?s={search_term_string}\"},\"query-input\":{\"@type\":\"PropertyValueSpecification\",\"valueRequired\":true,\"valueName\":\"search_term_string\"}}],\"inLanguage\":\"es\"},{\"@type\":\"Organization\",\"@id\":\"https:\/\/www.villasenlanzarote.com\/#organization\",\"name\":\"Villas en Lanzarote\",\"url\":\"https:\/\/www.villasenlanzarote.com\/\",\"logo\":{\"@type\":\"ImageObject\",\"inLanguage\":\"es\",\"@id\":\"https:\/\/www.villasenlanzarote.com\/#\/schema\/logo\/image\/\",\"url\":\"https:\/\/www.villasenlanzarote.com\/wp-content\/uploads\/2016\/02\/Villas_Trans.png\",\"contentUrl\":\"https:\/\/www.villasenlanzarote.com\/wp-content\/uploads\/2016\/02\/Villas_Trans.png\",\"width\":929,\"height\":420,\"caption\":\"Villas en Lanzarote\"},\"image\":{\"@id\":\"https:\/\/www.villasenlanzarote.com\/#\/schema\/logo\/image\/\"}}]}<\/script>\n<!-- \/ Yoast SEO plugin. -->","yoast_head_json":{"title":"Pol\u00edtica de Privacidad y cookies - Villas en Lanzarote","robots":{"index":"index","follow":"follow","max-snippet":"max-snippet:-1","max-image-preview":"max-image-preview:large","max-video-preview":"max-video-preview:-1"},"canonical":"https:\/\/www.villasenlanzarote.com\/es\/politica-de-privacidad-y-cookies\/","og_locale":"es_ES","og_type":"article","og_title":"Pol\u00edtica de Privacidad y cookies - Villas en Lanzarote","og_description":"INFORMACI\u00d3N LEGAL SUMMUM DESIGN ESTUDIO S.L.\u00a0titular del sitio web \u2018villasenlanzarote.com\u2019, C.I.F.B-84338615, es una sociedad inscrita en el Registro Mercantil de Madrid, al tomo 21.386, folio 77, hoja n\u00famero M-380180 , con domicilio en la Calle Espa\u00f1a n\u00ba8, Urbanizaci\u00f3n Los Riscos de Monta\u00f1a Roja n\u00ba7, Playa Blanca-Yaiza, y Alta en el[...]","og_url":"https:\/\/www.villasenlanzarote.com\/politica-de-privacidad-y-cookies\/","og_site_name":"Villas en Lanzarote","article_modified_time":"2023-02-28T19:55:51+00:00","og_image":[{"width":929,"height":420,"url":"https:\/\/www.villasenlanzarote.com\/wp-content\/uploads\/2016\/02\/Villas_Trans.png","type":"image\/png"}],"twitter_card":"summary_large_image","schema":{"@context":"https:\/\/schema.org","@graph":[{"@type":"WebPage","@id":"https:\/\/www.villasenlanzarote.com\/politica-de-privacidad-y-cookies\/","url":"https:\/\/www.villasenlanzarote.com\/politica-de-privacidad-y-cookies\/","name":"Pol\u00edtica de Privacidad y cookies - Villas en Lanzarote","isPartOf":{"@id":"https:\/\/www.villasenlanzarote.com\/#website"},"datePublished":"2016-01-31T00:08:05+00:00","dateModified":"2023-02-28T19:55:51+00:00","breadcrumb":{"@id":"https:\/\/www.villasenlanzarote.com\/politica-de-privacidad-y-cookies\/#breadcrumb"},"inLanguage":"es","potentialAction":[{"@type":"ReadAction","target":["https:\/\/www.villasenlanzarote.com\/politica-de-privacidad-y-cookies\/"]}]},{"@type":"BreadcrumbList","@id":"https:\/\/www.villasenlanzarote.com\/politica-de-privacidad-y-cookies\/#breadcrumb","itemListElement":[{"@type":"ListItem","position":1,"name":"Portada","item":"https:\/\/www.villasenlanzarote.com\/es\/inicio-2\/"},{"@type":"ListItem","position":2,"name":"Pol\u00edtica de Privacidad y cookies"}]},{"@type":"WebSite","@id":"https:\/\/www.villasenlanzarote.com\/#website","url":"https:\/\/www.villasenlanzarote.com\/","name":"Villas en Lanzarote","description":"3 Villas de lujo con las ventajas de una Villa y los servicios de un Hotel. En Los Riscos, la mejor zona residencial de Playa Blanca en Lanzarote.","publisher":{"@id":"https:\/\/www.villasenlanzarote.com\/#organization"},"potentialAction":[{"@type":"SearchAction","target":{"@type":"EntryPoint","urlTemplate":"https:\/\/www.villasenlanzarote.com\/?s={search_term_string}"},"query-input":{"@type":"PropertyValueSpecification","valueRequired":true,"valueName":"search_term_string"}}],"inLanguage":"es"},{"@type":"Organization","@id":"https:\/\/www.villasenlanzarote.com\/#organization","name":"Villas en Lanzarote","url":"https:\/\/www.villasenlanzarote.com\/","logo":{"@type":"ImageObject","inLanguage":"es","@id":"https:\/\/www.villasenlanzarote.com\/#\/schema\/logo\/image\/","url":"https:\/\/www.villasenlanzarote.com\/wp-content\/uploads\/2016\/02\/Villas_Trans.png","contentUrl":"https:\/\/www.villasenlanzarote.com\/wp-content\/uploads\/2016\/02\/Villas_Trans.png","width":929,"height":420,"caption":"Villas en Lanzarote"},"image":{"@id":"https:\/\/www.villasenlanzarote.com\/#\/schema\/logo\/image\/"}}]}},"_links":{"self":[{"href":"https:\/\/www.villasenlanzarote.com\/es\/wp-json\/wp\/v2\/pages\/1014","targetHints":{"allow":["GET"]}}],"collection":[{"href":"https:\/\/www.villasenlanzarote.com\/es\/wp-json\/wp\/v2\/pages"}],"about":[{"href":"https:\/\/www.villasenlanzarote.com\/es\/wp-json\/wp\/v2\/types\/page"}],"author":[{"embeddable":true,"href":"https:\/\/www.villasenlanzarote.com\/es\/wp-json\/wp\/v2\/users\/9"}],"replies":[{"embeddable":true,"href":"https:\/\/www.villasenlanzarote.com\/es\/wp-json\/wp\/v2\/comments?post=1014"}],"version-history":[{"count":6,"href":"https:\/\/www.villasenlanzarote.com\/es\/wp-json\/wp\/v2\/pages\/1014\/revisions"}],"predecessor-version":[{"id":1016,"href":"https:\/\/www.villasenlanzarote.com\/es\/wp-json\/wp\/v2\/pages\/1014\/revisions\/1016"}],"wp:attachment":[{"href":"https:\/\/www.villasenlanzarote.com\/es\/wp-json\/wp\/v2\/media?parent=1014"}],"curies":[{"name":"wp","href":"https:\/\/api.w.org\/{rel}","templated":true}]}}