{"id":1452,"date":"2016-04-08T00:16:59","date_gmt":"2016-04-07T23:16:59","guid":{"rendered":"https:\/\/www.villasenlanzarote.com\/de\/index.php\/venta-villa-rodea\/"},"modified":"2016-07-12T14:23:04","modified_gmt":"2016-07-12T13:23:04","slug":"villa-rodea-zu-verkaufen","status":"publish","type":"page","link":"https:\/\/www.villasenlanzarote.com\/de\/villa-rodea-zu-verkaufen\/","title":{"rendered":"Villa Rodea zu verkaufen"},"content":{"rendered":"<h2>Preis: 1.365.000 \u20ac<\/h2>\n<p>Lage:\u00a0Calle Espa\u00f1a 5. Urbanizaci\u00f3n Bajo Los Riscos de Monta\u00f1a Roja n\u00ba 21. 35580 &#8211; Playa Blanca &#8211; Yaiza &#8211; Lanzarote.\u00a0<a href=\"https:\/\/www.google.com\/maps\/d\/embed?mid=zUhX0Ve4coCk.kK2Exxcy3xHw&amp;hl=es&amp;ie=UTF8&amp;msa=0&amp;source=embed&amp;ll=28.863092%2C-13.850498&amp;spn=0.018792%2C0.064287&amp;z=14&amp;output=embed\" target=\"_blank\">Karte anzeigen<\/a><\/p>\n<hr \/>\n<p>Die wundervollen Aussichten auf das Meer und die benachbarten Inseln Fuerteventura und Lobos sowie die unz\u00e4hligen Details in Architektur und Einrichtung z\u00e4hlen zu den Eigenschaften dieser Villa, welche ihren Aufenthalt so unvergesslich werden l\u00e4sst.<\/p>\n<p>Villa Rodea befindet sich in einer friedlichen und ruhigen Wohngegend in S\u00fcdosten von Lanzarote, nur wenige Minuten von dem Fischerdorf Playa Blanca.<\/p>\n<p>Die Villa ist von weiten G\u00e4rten umgeben und besitzt breite Fensterfronten welche die gro\u00dffl\u00e4chigen R\u00e4ume in Helligkeit h\u00fcllen und ihnen zusammen mit der unglaublichen Aussicht einen entspannenden und erholsamen Urlaub bieten.<\/p>\n<p>Villa Rodea besitzt drei Schlafzimmer und ein mit dem Haus verbundenes Studio welches ihnen die M\u00f6glichkeit gibt je nach Wahl \u00fcber drei oder vier Schlafzimmer zu verf\u00fcgen. Zudem gibt es eine komplett eingerichtete K\u00fcche, gro\u00dfe Terrassen und eine Grill-Ecke, ein privates Schwimmbecken und eine Ruhezone.<\/p>\n<table style=\"height: 62px;\" width=\"764\">\n<tbody>\n<tr>\n<td>m2<\/td>\n<td>Schlafzimmer<\/td>\n<td>B\u00e4der<\/td>\n<td>WC<\/td>\n<td>Pool<\/td>\n<td>Pax<\/td>\n<\/tr>\n<tr>\n<td>210<\/td>\n<td><strong>3<\/strong><\/td>\n<td><strong>2<\/strong><\/td>\n<td><strong>1<\/strong><\/td>\n<td>Ja<\/td>\n<td>6<\/td>\n<\/tr>\n<\/tbody>\n<\/table>\n<hr \/>\n<h2><\/h2>\n<h2><strong>Ausstattung<\/strong><\/h2>\n<table style=\"height: 455px;\" border=\"0\" width=\"763\" cellspacing=\"2\" cellpadding=\"2\">\n<tbody>\n<tr>\n<td align=\"left\"><strong>K\u00fcche:<\/strong><\/td>\n<td align=\"left\">Komplett eingerichtet mit Elektro-Ger\u00e4ten (K\u00fcchenherd, Ofen, Mikrowelle, K\u00fchlschrank, Gefrierschrank, Sp\u00fchlmaschine), Geschirr, Besteck, Gl\u00e4ser und weiteres Koch-Zubeh\u00f6r, ausserdem stehen ihnen Waschmaschine, B\u00fcgeleisen und Brett sowie Putz-Utensilien zur Verf\u00fcgung.<\/td>\n<\/tr>\n<tr>\n<td align=\"left\"><strong>Wohn-und Esszimmer:<\/strong><\/td>\n<td align=\"left\">Fernseher, Sateliten-Empf\u00e4nger, DVD-Spieler, Radio, Esstisch mit St\u00fchlen f\u00fcr 6-8 Personen..<\/td>\n<\/tr>\n<tr>\n<td align=\"left\"><strong>Schlafzimmer:<\/strong><\/td>\n<td align=\"left\">2 Doppel-Schlafzimmer, 1 Schlafzimmer mit Ehebett und eigenem Badezimmer, individuelle Klimaanlage und Heizung mit Fernbedienung.<\/td>\n<\/tr>\n<tr>\n<td align=\"left\" height=\"20\"><strong>Badezimmer:<\/strong><\/td>\n<td align=\"left\" height=\"28\">2 B\u00e4der mit Dusche und 1 Badezimmer mit Wanne im Hauptschlafzimmer, Haartrockner, Handt\u00fccher etc. mit inbegriffen.<\/td>\n<\/tr>\n<tr>\n<td align=\"left\"><strong>Terrasse:<\/strong><\/td>\n<td align=\"left\">Grosse Sonnenterrasse mit Pool, 800 m2 privater Garten, \u00fcberdachte Terrasse ausgestattet mit gem\u00fctlicher Sitzecke und Liegest\u00fchlen, separate Grill-Terrasse mit Tisch und St\u00fchlen.<\/td>\n<\/tr>\n<tr>\n<td align=\"left\"><strong>Schwimmbecken:<\/strong><\/td>\n<td align=\"left\" height=\"37\">Privater Pool 12m x 5m mit \u00f6kologischem System.<\/td>\n<\/tr>\n<tr>\n<td align=\"left\"><strong>Parken:<\/strong><\/td>\n<td align=\"left\">Private Parkpl\u00e4tze auf dem Grundst\u00fcck.<\/td>\n<\/tr>\n<\/tbody>\n<\/table>\n<hr \/>\n<table style=\"height: 349px;\" border=\"0\" width=\"764\" cellspacing=\"1\" cellpadding=\"1\">\n<tbody>\n<tr>\n<td align=\"left\" valign=\"middle\"><strong>Technische Daten:<\/strong><\/td>\n<td align=\"center\" valign=\"middle\"><\/td>\n<\/tr>\n<tr>\n<td align=\"left\" valign=\"middle\">Grundst\u00fcck<\/td>\n<td align=\"center\" valign=\"middle\">1.663,39 m2<\/td>\n<\/tr>\n<tr>\n<td align=\"left\" valign=\"middle\">Hauptwohnhaus<\/td>\n<td align=\"center\" valign=\"middle\">210 m2<\/td>\n<\/tr>\n<tr>\n<td align=\"left\" valign=\"middle\">Apartament<\/td>\n<td align=\"center\" valign=\"middle\">50 m2<\/td>\n<\/tr>\n<tr>\n<td align=\"left\" valign=\"middle\">S\u00f3tano<\/td>\n<td align=\"center\" valign=\"middle\">25 m2<\/td>\n<\/tr>\n<tr>\n<td align=\"left\" valign=\"middle\">Parkp\u00e4tze<\/td>\n<td align=\"center\" valign=\"middle\">60 m2<\/td>\n<\/tr>\n<tr>\n<td align=\"left\" valign=\"middle\">Innenh\u00f6fe<\/td>\n<td align=\"center\" valign=\"middle\">50 m2<\/td>\n<\/tr>\n<tr>\n<td align=\"left\" valign=\"middle\">\u00dcberdachte Terrasse Haupthaus<\/td>\n<td align=\"center\" valign=\"middle\">50 m2<\/td>\n<\/tr>\n<tr>\n<td align=\"left\" valign=\"middle\">\u00dcberdachte Terrasse Apartament<\/td>\n<td align=\"center\" valign=\"middle\">20 m2<\/td>\n<\/tr>\n<tr>\n<td align=\"left\" valign=\"middle\">Terrasse<\/td>\n<td align=\"center\" valign=\"middle\">115 m2<\/td>\n<\/tr>\n<tr>\n<td align=\"left\" valign=\"middle\">Schwimmbecken<\/td>\n<td align=\"center\" valign=\"middle\">12\u00d75 mt<\/td>\n<\/tr>\n<tr>\n<td align=\"left\" valign=\"middle\">Garten<\/td>\n<td align=\"center\" valign=\"middle\">1.200 m2<\/td>\n<\/tr>\n<\/tbody>\n<\/table>\n<hr \/>\n<h2><\/h2>\n<h2>Flugzeug:<\/h2>\n<p><a href=\"https:\/\/www.villasenlanzarote.com\/wp-content\/uploads\/2016\/04\/plano.jpg\" data-rel=\"prettyPhoto[1452]\"><img loading=\"lazy\" decoding=\"async\" class=\"alignnone wp-image-1132 size-full\" src=\"https:\/\/www.villasenlanzarote.com\/wp-content\/uploads\/2016\/04\/plano.jpg\" alt=\"Plano Villa Rodea\" width=\"800\" height=\"1132\" \/><\/a><\/p>\n","protected":false},"excerpt":{"rendered":"<p>Preis: 1.365.000 \u20ac Lage:\u00a0Calle Espa\u00f1a 5. Urbanizaci\u00f3n Bajo Los Riscos de Monta\u00f1a Roja n\u00ba 21. 35580 &#8211; Playa Blanca &#8211; Yaiza &#8211; Lanzarote.\u00a0Karte anzeigen Die wundervollen Aussichten auf das Meer und die benachbarten Inseln Fuerteventura und Lobos sowie die unz\u00e4hligen Details in Architektur und Einrichtung z\u00e4hlen zu den Eigenschaften dieser[&#8230;]<\/p>\n","protected":false},"author":9,"featured_media":0,"parent":0,"menu_order":0,"comment_status":"open","ping_status":"closed","template":"template-fullwidth.php","meta":{"footnotes":""},"class_list":["post-1452","page","type-page","status-publish","hentry"],"yoast_head":"<!-- This site is optimized with the Yoast SEO plugin v25.8 - https:\/\/yoast.com\/wordpress\/plugins\/seo\/ -->\n<title>Villa Rodea zu verkaufen - Villas en Lanzarote<\/title>\n<meta name=\"robots\" content=\"index, follow, max-snippet:-1, max-image-preview:large, max-video-preview:-1\" \/>\n<link rel=\"canonical\" href=\"https:\/\/www.villasenlanzarote.com\/de\/villa-rodea-zu-verkaufen\/\" \/>\n<meta property=\"og:locale\" content=\"de_DE\" \/>\n<meta property=\"og:type\" content=\"article\" \/>\n<meta property=\"og:title\" content=\"Villa Rodea zu verkaufen - Villas en Lanzarote\" \/>\n<meta property=\"og:description\" content=\"Preis: 1.365.000 \u20ac Lage:\u00a0Calle Espa\u00f1a 5. Urbanizaci\u00f3n Bajo Los Riscos de Monta\u00f1a Roja n\u00ba 21. 35580 &#8211; Playa Blanca &#8211; Yaiza &#8211; Lanzarote.\u00a0Karte anzeigen Die wundervollen Aussichten auf das Meer und die benachbarten Inseln Fuerteventura und Lobos sowie die unz\u00e4hligen Details in Architektur und Einrichtung z\u00e4hlen zu den Eigenschaften dieser[...]\" \/>\n<meta property=\"og:url\" content=\"https:\/\/www.villasenlanzarote.com\/de\/villa-rodea-zu-verkaufen\/\" \/>\n<meta property=\"og:site_name\" content=\"Villas en Lanzarote\" \/>\n<meta property=\"article:modified_time\" content=\"2016-07-12T13:23:04+00:00\" \/>\n<meta property=\"og:image\" content=\"https:\/\/www.villasenlanzarote.com\/wp-content\/uploads\/2016\/04\/plano.jpg\" \/>\n<meta name=\"twitter:card\" content=\"summary_large_image\" \/>\n<script type=\"application\/ld+json\" class=\"yoast-schema-graph\">{\"@context\":\"https:\/\/schema.org\",\"@graph\":[{\"@type\":\"WebPage\",\"@id\":\"https:\/\/www.villasenlanzarote.com\/de\/villa-rodea-zu-verkaufen\/\",\"url\":\"https:\/\/www.villasenlanzarote.com\/de\/villa-rodea-zu-verkaufen\/\",\"name\":\"Villa Rodea zu verkaufen - Villas en Lanzarote\",\"isPartOf\":{\"@id\":\"https:\/\/www.villasenlanzarote.com\/#website\"},\"primaryImageOfPage\":{\"@id\":\"https:\/\/www.villasenlanzarote.com\/de\/villa-rodea-zu-verkaufen\/#primaryimage\"},\"image\":{\"@id\":\"https:\/\/www.villasenlanzarote.com\/de\/villa-rodea-zu-verkaufen\/#primaryimage\"},\"thumbnailUrl\":\"https:\/\/www.villasenlanzarote.com\/wp-content\/uploads\/2016\/04\/plano.jpg\",\"datePublished\":\"2016-04-07T23:16:59+00:00\",\"dateModified\":\"2016-07-12T13:23:04+00:00\",\"breadcrumb\":{\"@id\":\"https:\/\/www.villasenlanzarote.com\/de\/villa-rodea-zu-verkaufen\/#breadcrumb\"},\"inLanguage\":\"de\",\"potentialAction\":[{\"@type\":\"ReadAction\",\"target\":[\"https:\/\/www.villasenlanzarote.com\/de\/villa-rodea-zu-verkaufen\/\"]}]},{\"@type\":\"ImageObject\",\"inLanguage\":\"de\",\"@id\":\"https:\/\/www.villasenlanzarote.com\/de\/villa-rodea-zu-verkaufen\/#primaryimage\",\"url\":\"https:\/\/www.villasenlanzarote.com\/wp-content\/uploads\/2016\/04\/plano.jpg\",\"contentUrl\":\"https:\/\/www.villasenlanzarote.com\/wp-content\/uploads\/2016\/04\/plano.jpg\"},{\"@type\":\"BreadcrumbList\",\"@id\":\"https:\/\/www.villasenlanzarote.com\/de\/villa-rodea-zu-verkaufen\/#breadcrumb\",\"itemListElement\":[{\"@type\":\"ListItem\",\"position\":1,\"name\":\"Portada\",\"item\":\"https:\/\/www.villasenlanzarote.com\/de\/startseite\/\"},{\"@type\":\"ListItem\",\"position\":2,\"name\":\"Villa Rodea zu verkaufen\"}]},{\"@type\":\"WebSite\",\"@id\":\"https:\/\/www.villasenlanzarote.com\/#website\",\"url\":\"https:\/\/www.villasenlanzarote.com\/\",\"name\":\"Villas en Lanzarote\",\"description\":\"3 Luxus-Villen mit den Vorteilen einer Villa und den Service eines Hotels. Auf dem Steinriegel, am besten Wohngebiet von Playa Blanca auf Lanzarote.\",\"publisher\":{\"@id\":\"https:\/\/www.villasenlanzarote.com\/#organization\"},\"potentialAction\":[{\"@type\":\"SearchAction\",\"target\":{\"@type\":\"EntryPoint\",\"urlTemplate\":\"https:\/\/www.villasenlanzarote.com\/?s={search_term_string}\"},\"query-input\":{\"@type\":\"PropertyValueSpecification\",\"valueRequired\":true,\"valueName\":\"search_term_string\"}}],\"inLanguage\":\"de\"},{\"@type\":\"Organization\",\"@id\":\"https:\/\/www.villasenlanzarote.com\/#organization\",\"name\":\"Villas en Lanzarote\",\"url\":\"https:\/\/www.villasenlanzarote.com\/\",\"logo\":{\"@type\":\"ImageObject\",\"inLanguage\":\"de\",\"@id\":\"https:\/\/www.villasenlanzarote.com\/#\/schema\/logo\/image\/\",\"url\":\"https:\/\/www.villasenlanzarote.com\/wp-content\/uploads\/2016\/02\/Villas_Trans.png\",\"contentUrl\":\"https:\/\/www.villasenlanzarote.com\/wp-content\/uploads\/2016\/02\/Villas_Trans.png\",\"width\":929,\"height\":420,\"caption\":\"Villas en Lanzarote\"},\"image\":{\"@id\":\"https:\/\/www.villasenlanzarote.com\/#\/schema\/logo\/image\/\"}}]}<\/script>\n<!-- \/ Yoast SEO plugin. -->","yoast_head_json":{"title":"Villa Rodea zu verkaufen - Villas en Lanzarote","robots":{"index":"index","follow":"follow","max-snippet":"max-snippet:-1","max-image-preview":"max-image-preview:large","max-video-preview":"max-video-preview:-1"},"canonical":"https:\/\/www.villasenlanzarote.com\/de\/villa-rodea-zu-verkaufen\/","og_locale":"de_DE","og_type":"article","og_title":"Villa Rodea zu verkaufen - Villas en Lanzarote","og_description":"Preis: 1.365.000 \u20ac Lage:\u00a0Calle Espa\u00f1a 5. Urbanizaci\u00f3n Bajo Los Riscos de Monta\u00f1a Roja n\u00ba 21. 35580 &#8211; Playa Blanca &#8211; Yaiza &#8211; Lanzarote.\u00a0Karte anzeigen Die wundervollen Aussichten auf das Meer und die benachbarten Inseln Fuerteventura und Lobos sowie die unz\u00e4hligen Details in Architektur und Einrichtung z\u00e4hlen zu den Eigenschaften dieser[...]","og_url":"https:\/\/www.villasenlanzarote.com\/de\/villa-rodea-zu-verkaufen\/","og_site_name":"Villas en Lanzarote","article_modified_time":"2016-07-12T13:23:04+00:00","og_image":[{"url":"https:\/\/www.villasenlanzarote.com\/wp-content\/uploads\/2016\/04\/plano.jpg","type":"","width":"","height":""}],"twitter_card":"summary_large_image","schema":{"@context":"https:\/\/schema.org","@graph":[{"@type":"WebPage","@id":"https:\/\/www.villasenlanzarote.com\/de\/villa-rodea-zu-verkaufen\/","url":"https:\/\/www.villasenlanzarote.com\/de\/villa-rodea-zu-verkaufen\/","name":"Villa Rodea zu verkaufen - Villas en Lanzarote","isPartOf":{"@id":"https:\/\/www.villasenlanzarote.com\/#website"},"primaryImageOfPage":{"@id":"https:\/\/www.villasenlanzarote.com\/de\/villa-rodea-zu-verkaufen\/#primaryimage"},"image":{"@id":"https:\/\/www.villasenlanzarote.com\/de\/villa-rodea-zu-verkaufen\/#primaryimage"},"thumbnailUrl":"https:\/\/www.villasenlanzarote.com\/wp-content\/uploads\/2016\/04\/plano.jpg","datePublished":"2016-04-07T23:16:59+00:00","dateModified":"2016-07-12T13:23:04+00:00","breadcrumb":{"@id":"https:\/\/www.villasenlanzarote.com\/de\/villa-rodea-zu-verkaufen\/#breadcrumb"},"inLanguage":"de","potentialAction":[{"@type":"ReadAction","target":["https:\/\/www.villasenlanzarote.com\/de\/villa-rodea-zu-verkaufen\/"]}]},{"@type":"ImageObject","inLanguage":"de","@id":"https:\/\/www.villasenlanzarote.com\/de\/villa-rodea-zu-verkaufen\/#primaryimage","url":"https:\/\/www.villasenlanzarote.com\/wp-content\/uploads\/2016\/04\/plano.jpg","contentUrl":"https:\/\/www.villasenlanzarote.com\/wp-content\/uploads\/2016\/04\/plano.jpg"},{"@type":"BreadcrumbList","@id":"https:\/\/www.villasenlanzarote.com\/de\/villa-rodea-zu-verkaufen\/#breadcrumb","itemListElement":[{"@type":"ListItem","position":1,"name":"Portada","item":"https:\/\/www.villasenlanzarote.com\/de\/startseite\/"},{"@type":"ListItem","position":2,"name":"Villa Rodea zu verkaufen"}]},{"@type":"WebSite","@id":"https:\/\/www.villasenlanzarote.com\/#website","url":"https:\/\/www.villasenlanzarote.com\/","name":"Villas en Lanzarote","description":"3 Luxus-Villen mit den Vorteilen einer Villa und den Service eines Hotels. Auf dem Steinriegel, am besten Wohngebiet von Playa Blanca auf Lanzarote.","publisher":{"@id":"https:\/\/www.villasenlanzarote.com\/#organization"},"potentialAction":[{"@type":"SearchAction","target":{"@type":"EntryPoint","urlTemplate":"https:\/\/www.villasenlanzarote.com\/?s={search_term_string}"},"query-input":{"@type":"PropertyValueSpecification","valueRequired":true,"valueName":"search_term_string"}}],"inLanguage":"de"},{"@type":"Organization","@id":"https:\/\/www.villasenlanzarote.com\/#organization","name":"Villas en Lanzarote","url":"https:\/\/www.villasenlanzarote.com\/","logo":{"@type":"ImageObject","inLanguage":"de","@id":"https:\/\/www.villasenlanzarote.com\/#\/schema\/logo\/image\/","url":"https:\/\/www.villasenlanzarote.com\/wp-content\/uploads\/2016\/02\/Villas_Trans.png","contentUrl":"https:\/\/www.villasenlanzarote.com\/wp-content\/uploads\/2016\/02\/Villas_Trans.png","width":929,"height":420,"caption":"Villas en Lanzarote"},"image":{"@id":"https:\/\/www.villasenlanzarote.com\/#\/schema\/logo\/image\/"}}]}},"_links":{"self":[{"href":"https:\/\/www.villasenlanzarote.com\/de\/wp-json\/wp\/v2\/pages\/1452","targetHints":{"allow":["GET"]}}],"collection":[{"href":"https:\/\/www.villasenlanzarote.com\/de\/wp-json\/wp\/v2\/pages"}],"about":[{"href":"https:\/\/www.villasenlanzarote.com\/de\/wp-json\/wp\/v2\/types\/page"}],"author":[{"embeddable":true,"href":"https:\/\/www.villasenlanzarote.com\/de\/wp-json\/wp\/v2\/users\/9"}],"replies":[{"embeddable":true,"href":"https:\/\/www.villasenlanzarote.com\/de\/wp-json\/wp\/v2\/comments?post=1452"}],"version-history":[{"count":4,"href":"https:\/\/www.villasenlanzarote.com\/de\/wp-json\/wp\/v2\/pages\/1452\/revisions"}],"predecessor-version":[{"id":1636,"href":"https:\/\/www.villasenlanzarote.com\/de\/wp-json\/wp\/v2\/pages\/1452\/revisions\/1636"}],"wp:attachment":[{"href":"https:\/\/www.villasenlanzarote.com\/de\/wp-json\/wp\/v2\/media?parent=1452"}],"curies":[{"name":"wp","href":"https:\/\/api.w.org\/{rel}","templated":true}]}}