{"id":1227,"date":"2016-04-05T17:49:16","date_gmt":"2016-04-05T16:49:16","guid":{"rendered":"https:\/\/www.villasenlanzarote.com\/de\/index.php\/venta-parcelas-solares\/"},"modified":"2019-11-13T16:11:57","modified_gmt":"2019-11-13T15:11:57","slug":"grundstuecke-zum-verkauf","status":"publish","type":"page","link":"https:\/\/www.villasenlanzarote.com\/de\/grundstuecke-zum-verkauf\/","title":{"rendered":"Grundst\u00fccke zum Verkauf"},"content":{"rendered":"<p>Villen auf Lanzarote haben Grundst\u00fccke zum Verkauf in Playa Blanca. Sie befinden sich in der exklusiven Wohngegend Castillo del \u00c1guila, ganz in der N\u00e4he der fabelhaften Marina Rubicon, s\u00fcdwestlich der Insel Lanzarote, wo wir Liegepl\u00e4tze zu vermieten und zu verkaufen haben.<br \/>\nDie Grundst\u00fccke befinden sich nur wenige Kilometer vom Stadtzentrum von Playa Blanca entfernt, wo Sie den typischen Seehafen, die Restaurants mit frischem Fisch und die herrliche Bucht genie\u00dfen k\u00f6nnen, die sich ideal f\u00fcr Spazierg\u00e4nge bei Sonnenuntergang eignet. Die fantastischen Papagayo-Str\u00e4nde und die nat\u00fcrliche Umgebung von Punta del Papagayo sind nur etwa 5 km von den verf\u00fcgbaren Parzellen entfernt.<\/p>\n<p>In der Umgebung des Wohnviertels Castillo del \u00c1guila befinden sich Sport- und Freizeiteinrichtungen, die das Angebot der Naturst\u00e4tte Playa Blanca erg\u00e4nzen: ein Golfplatz in ca. 50 km Entfernung, ein Reitzentrum in 18 km Entfernung, 300 m von Marina Rubicon entfernt, 10 Minuten entfernt von einer Tauchschule und Erholungsgebieten in der N\u00e4he des Yachthafens.<\/p>\n<p><strong>Grundst\u00fccke zum Verkauf, Castillo del \u00c1guila, Playa Blanca \u2013 Yaiza<\/strong><br \/>\nDiese Preise stornieren alle anderen von einem fr\u00fcheren Datum. 20. Mai 2018<\/p>\n<p><a href=\"https:\/\/www.villasenlanzarote.com\/wp-content\/uploads\/2019\/05\/parcelas-vendidas-y-reservadas.jpg\" data-rel=\"prettyPhoto[1227]\"><img loading=\"lazy\" decoding=\"async\" class=\"alignnone wp-image-1919 size-full\" src=\"https:\/\/www.villasenlanzarote.com\/wp-content\/uploads\/2019\/05\/parcelas-vendidas-y-reservadas.jpg\" alt=\"parcelas vendidas y reservadas\" width=\"1199\" height=\"531\" srcset=\"https:\/\/www.villasenlanzarote.com\/wp-content\/uploads\/2019\/05\/parcelas-vendidas-y-reservadas.jpg 1199w, https:\/\/www.villasenlanzarote.com\/wp-content\/uploads\/2019\/05\/parcelas-vendidas-y-reservadas-300x133.jpg 300w, https:\/\/www.villasenlanzarote.com\/wp-content\/uploads\/2019\/05\/parcelas-vendidas-y-reservadas-1024x453.jpg 1024w\" sizes=\"auto, (max-width: 1199px) 100vw, 1199px\" \/><\/a><\/p>\n<p style=\"text-align: center;\"><a href=\"https:\/\/www.villasenlanzarote.com\/wp-content\/uploads\/2019\/05\/Venta-de-Parcelas-sold-booked.jpg\" data-rel=\"prettyPhoto[1227]\"><img loading=\"lazy\" decoding=\"async\" class=\"alignnone wp-image-1923 size-full\" src=\"https:\/\/www.villasenlanzarote.com\/wp-content\/uploads\/2019\/05\/Venta-de-Parcelas-sold-booked.jpg\" alt=\"Venta-de-Parcelas-sold-booked\" width=\"595\" height=\"585\" srcset=\"https:\/\/www.villasenlanzarote.com\/wp-content\/uploads\/2019\/05\/Venta-de-Parcelas-sold-booked.jpg 595w, https:\/\/www.villasenlanzarote.com\/wp-content\/uploads\/2019\/05\/Venta-de-Parcelas-sold-booked-300x295.jpg 300w\" sizes=\"auto, (max-width: 595px) 100vw, 595px\" \/><\/a><\/p>\n","protected":false},"excerpt":{"rendered":"<p>Villen auf Lanzarote haben Grundst\u00fccke zum Verkauf in Playa Blanca. Sie befinden sich in der exklusiven Wohngegend Castillo del \u00c1guila, ganz in der N\u00e4he der fabelhaften Marina Rubicon, s\u00fcdwestlich der Insel Lanzarote, wo wir Liegepl\u00e4tze zu vermieten und zu verkaufen haben. Die Grundst\u00fccke befinden sich nur wenige Kilometer vom Stadtzentrum[&#8230;]<\/p>\n","protected":false},"author":9,"featured_media":2296,"parent":0,"menu_order":0,"comment_status":"open","ping_status":"closed","template":"template-fullwidth.php","meta":{"footnotes":""},"class_list":["post-1227","page","type-page","status-publish","has-post-thumbnail","hentry"],"yoast_head":"<!-- This site is optimized with the Yoast SEO plugin v25.8 - https:\/\/yoast.com\/wordpress\/plugins\/seo\/ -->\n<title>Grundst\u00fccke zum Verkauf in Playa Blanca - Villas en Lanzarote<\/title>\n<meta name=\"description\" content=\"Verkauf von Grundst\u00fccken in Playa Blanca in einer exklusiven Wohngegend ganz in der N\u00e4he von Marina Rubicon und den Papagayo-Str\u00e4nden auf Lanzarote.\" \/>\n<meta name=\"robots\" content=\"index, follow, max-snippet:-1, max-image-preview:large, max-video-preview:-1\" \/>\n<link rel=\"canonical\" href=\"https:\/\/www.villasenlanzarote.com\/de\/grundstuecke-zum-verkauf\/\" \/>\n<meta property=\"og:locale\" content=\"de_DE\" \/>\n<meta property=\"og:type\" content=\"article\" \/>\n<meta property=\"og:title\" content=\"Grundst\u00fccke zum Verkauf in Playa Blanca - Villas en Lanzarote\" \/>\n<meta property=\"og:description\" content=\"Verkauf von Grundst\u00fccken in Playa Blanca in einer exklusiven Wohngegend ganz in der N\u00e4he von Marina Rubicon und den Papagayo-Str\u00e4nden auf Lanzarote.\" \/>\n<meta property=\"og:url\" content=\"https:\/\/www.villasenlanzarote.com\/de\/grundstuecke-zum-verkauf\/\" \/>\n<meta property=\"og:site_name\" content=\"Villas en Lanzarote\" \/>\n<meta property=\"article:modified_time\" content=\"2019-11-13T15:11:57+00:00\" \/>\n<meta property=\"og:image\" content=\"https:\/\/www.villasenlanzarote.com\/wp-content\/uploads\/2019\/05\/Venta-de-Parcelas-sold-booked.jpg\" \/>\n\t<meta property=\"og:image:width\" content=\"595\" \/>\n\t<meta property=\"og:image:height\" content=\"585\" \/>\n\t<meta property=\"og:image:type\" content=\"image\/jpeg\" \/>\n<meta name=\"twitter:card\" content=\"summary_large_image\" \/>\n<script type=\"application\/ld+json\" class=\"yoast-schema-graph\">{\"@context\":\"https:\/\/schema.org\",\"@graph\":[{\"@type\":\"WebPage\",\"@id\":\"https:\/\/www.villasenlanzarote.com\/de\/grundstuecke-zum-verkauf\/\",\"url\":\"https:\/\/www.villasenlanzarote.com\/de\/grundstuecke-zum-verkauf\/\",\"name\":\"Grundst\u00fccke zum Verkauf in Playa Blanca - Villas en Lanzarote\",\"isPartOf\":{\"@id\":\"https:\/\/www.villasenlanzarote.com\/#website\"},\"primaryImageOfPage\":{\"@id\":\"https:\/\/www.villasenlanzarote.com\/de\/grundstuecke-zum-verkauf\/#primaryimage\"},\"image\":{\"@id\":\"https:\/\/www.villasenlanzarote.com\/de\/grundstuecke-zum-verkauf\/#primaryimage\"},\"thumbnailUrl\":\"https:\/\/www.villasenlanzarote.com\/wp-content\/uploads\/2019\/05\/Venta-de-Parcelas-sold-booked.jpg\",\"datePublished\":\"2016-04-05T16:49:16+00:00\",\"dateModified\":\"2019-11-13T15:11:57+00:00\",\"description\":\"Verkauf von Grundst\u00fccken in Playa Blanca in einer exklusiven Wohngegend ganz in der N\u00e4he von Marina Rubicon und den Papagayo-Str\u00e4nden auf Lanzarote.\",\"breadcrumb\":{\"@id\":\"https:\/\/www.villasenlanzarote.com\/de\/grundstuecke-zum-verkauf\/#breadcrumb\"},\"inLanguage\":\"de\",\"potentialAction\":[{\"@type\":\"ReadAction\",\"target\":[\"https:\/\/www.villasenlanzarote.com\/de\/grundstuecke-zum-verkauf\/\"]}]},{\"@type\":\"ImageObject\",\"inLanguage\":\"de\",\"@id\":\"https:\/\/www.villasenlanzarote.com\/de\/grundstuecke-zum-verkauf\/#primaryimage\",\"url\":\"https:\/\/www.villasenlanzarote.com\/wp-content\/uploads\/2019\/05\/Venta-de-Parcelas-sold-booked.jpg\",\"contentUrl\":\"https:\/\/www.villasenlanzarote.com\/wp-content\/uploads\/2019\/05\/Venta-de-Parcelas-sold-booked.jpg\",\"width\":595,\"height\":585,\"caption\":\"Venta de Parcelas Lanzarote. sold-booked\"},{\"@type\":\"BreadcrumbList\",\"@id\":\"https:\/\/www.villasenlanzarote.com\/de\/grundstuecke-zum-verkauf\/#breadcrumb\",\"itemListElement\":[{\"@type\":\"ListItem\",\"position\":1,\"name\":\"Portada\",\"item\":\"https:\/\/www.villasenlanzarote.com\/de\/startseite\/\"},{\"@type\":\"ListItem\",\"position\":2,\"name\":\"Grundst\u00fccke zum Verkauf\"}]},{\"@type\":\"WebSite\",\"@id\":\"https:\/\/www.villasenlanzarote.com\/#website\",\"url\":\"https:\/\/www.villasenlanzarote.com\/\",\"name\":\"Villas en Lanzarote\",\"description\":\"3 Luxus-Villen mit den Vorteilen einer Villa und den Service eines Hotels. Auf dem Steinriegel, am besten Wohngebiet von Playa Blanca auf Lanzarote.\",\"publisher\":{\"@id\":\"https:\/\/www.villasenlanzarote.com\/#organization\"},\"potentialAction\":[{\"@type\":\"SearchAction\",\"target\":{\"@type\":\"EntryPoint\",\"urlTemplate\":\"https:\/\/www.villasenlanzarote.com\/?s={search_term_string}\"},\"query-input\":{\"@type\":\"PropertyValueSpecification\",\"valueRequired\":true,\"valueName\":\"search_term_string\"}}],\"inLanguage\":\"de\"},{\"@type\":\"Organization\",\"@id\":\"https:\/\/www.villasenlanzarote.com\/#organization\",\"name\":\"Villas en Lanzarote\",\"url\":\"https:\/\/www.villasenlanzarote.com\/\",\"logo\":{\"@type\":\"ImageObject\",\"inLanguage\":\"de\",\"@id\":\"https:\/\/www.villasenlanzarote.com\/#\/schema\/logo\/image\/\",\"url\":\"https:\/\/www.villasenlanzarote.com\/wp-content\/uploads\/2016\/02\/Villas_Trans.png\",\"contentUrl\":\"https:\/\/www.villasenlanzarote.com\/wp-content\/uploads\/2016\/02\/Villas_Trans.png\",\"width\":929,\"height\":420,\"caption\":\"Villas en Lanzarote\"},\"image\":{\"@id\":\"https:\/\/www.villasenlanzarote.com\/#\/schema\/logo\/image\/\"}}]}<\/script>\n<!-- \/ Yoast SEO plugin. -->","yoast_head_json":{"title":"Grundst\u00fccke zum Verkauf in Playa Blanca - Villas en Lanzarote","description":"Verkauf von Grundst\u00fccken in Playa Blanca in einer exklusiven Wohngegend ganz in der N\u00e4he von Marina Rubicon und den Papagayo-Str\u00e4nden auf Lanzarote.","robots":{"index":"index","follow":"follow","max-snippet":"max-snippet:-1","max-image-preview":"max-image-preview:large","max-video-preview":"max-video-preview:-1"},"canonical":"https:\/\/www.villasenlanzarote.com\/de\/grundstuecke-zum-verkauf\/","og_locale":"de_DE","og_type":"article","og_title":"Grundst\u00fccke zum Verkauf in Playa Blanca - Villas en Lanzarote","og_description":"Verkauf von Grundst\u00fccken in Playa Blanca in einer exklusiven Wohngegend ganz in der N\u00e4he von Marina Rubicon und den Papagayo-Str\u00e4nden auf Lanzarote.","og_url":"https:\/\/www.villasenlanzarote.com\/de\/grundstuecke-zum-verkauf\/","og_site_name":"Villas en Lanzarote","article_modified_time":"2019-11-13T15:11:57+00:00","og_image":[{"width":595,"height":585,"url":"https:\/\/www.villasenlanzarote.com\/wp-content\/uploads\/2019\/05\/Venta-de-Parcelas-sold-booked.jpg","type":"image\/jpeg"}],"twitter_card":"summary_large_image","schema":{"@context":"https:\/\/schema.org","@graph":[{"@type":"WebPage","@id":"https:\/\/www.villasenlanzarote.com\/de\/grundstuecke-zum-verkauf\/","url":"https:\/\/www.villasenlanzarote.com\/de\/grundstuecke-zum-verkauf\/","name":"Grundst\u00fccke zum Verkauf in Playa Blanca - Villas en Lanzarote","isPartOf":{"@id":"https:\/\/www.villasenlanzarote.com\/#website"},"primaryImageOfPage":{"@id":"https:\/\/www.villasenlanzarote.com\/de\/grundstuecke-zum-verkauf\/#primaryimage"},"image":{"@id":"https:\/\/www.villasenlanzarote.com\/de\/grundstuecke-zum-verkauf\/#primaryimage"},"thumbnailUrl":"https:\/\/www.villasenlanzarote.com\/wp-content\/uploads\/2019\/05\/Venta-de-Parcelas-sold-booked.jpg","datePublished":"2016-04-05T16:49:16+00:00","dateModified":"2019-11-13T15:11:57+00:00","description":"Verkauf von Grundst\u00fccken in Playa Blanca in einer exklusiven Wohngegend ganz in der N\u00e4he von Marina Rubicon und den Papagayo-Str\u00e4nden auf Lanzarote.","breadcrumb":{"@id":"https:\/\/www.villasenlanzarote.com\/de\/grundstuecke-zum-verkauf\/#breadcrumb"},"inLanguage":"de","potentialAction":[{"@type":"ReadAction","target":["https:\/\/www.villasenlanzarote.com\/de\/grundstuecke-zum-verkauf\/"]}]},{"@type":"ImageObject","inLanguage":"de","@id":"https:\/\/www.villasenlanzarote.com\/de\/grundstuecke-zum-verkauf\/#primaryimage","url":"https:\/\/www.villasenlanzarote.com\/wp-content\/uploads\/2019\/05\/Venta-de-Parcelas-sold-booked.jpg","contentUrl":"https:\/\/www.villasenlanzarote.com\/wp-content\/uploads\/2019\/05\/Venta-de-Parcelas-sold-booked.jpg","width":595,"height":585,"caption":"Venta de Parcelas Lanzarote. sold-booked"},{"@type":"BreadcrumbList","@id":"https:\/\/www.villasenlanzarote.com\/de\/grundstuecke-zum-verkauf\/#breadcrumb","itemListElement":[{"@type":"ListItem","position":1,"name":"Portada","item":"https:\/\/www.villasenlanzarote.com\/de\/startseite\/"},{"@type":"ListItem","position":2,"name":"Grundst\u00fccke zum Verkauf"}]},{"@type":"WebSite","@id":"https:\/\/www.villasenlanzarote.com\/#website","url":"https:\/\/www.villasenlanzarote.com\/","name":"Villas en Lanzarote","description":"3 Luxus-Villen mit den Vorteilen einer Villa und den Service eines Hotels. Auf dem Steinriegel, am besten Wohngebiet von Playa Blanca auf Lanzarote.","publisher":{"@id":"https:\/\/www.villasenlanzarote.com\/#organization"},"potentialAction":[{"@type":"SearchAction","target":{"@type":"EntryPoint","urlTemplate":"https:\/\/www.villasenlanzarote.com\/?s={search_term_string}"},"query-input":{"@type":"PropertyValueSpecification","valueRequired":true,"valueName":"search_term_string"}}],"inLanguage":"de"},{"@type":"Organization","@id":"https:\/\/www.villasenlanzarote.com\/#organization","name":"Villas en Lanzarote","url":"https:\/\/www.villasenlanzarote.com\/","logo":{"@type":"ImageObject","inLanguage":"de","@id":"https:\/\/www.villasenlanzarote.com\/#\/schema\/logo\/image\/","url":"https:\/\/www.villasenlanzarote.com\/wp-content\/uploads\/2016\/02\/Villas_Trans.png","contentUrl":"https:\/\/www.villasenlanzarote.com\/wp-content\/uploads\/2016\/02\/Villas_Trans.png","width":929,"height":420,"caption":"Villas en Lanzarote"},"image":{"@id":"https:\/\/www.villasenlanzarote.com\/#\/schema\/logo\/image\/"}}]}},"_links":{"self":[{"href":"https:\/\/www.villasenlanzarote.com\/de\/wp-json\/wp\/v2\/pages\/1227","targetHints":{"allow":["GET"]}}],"collection":[{"href":"https:\/\/www.villasenlanzarote.com\/de\/wp-json\/wp\/v2\/pages"}],"about":[{"href":"https:\/\/www.villasenlanzarote.com\/de\/wp-json\/wp\/v2\/types\/page"}],"author":[{"embeddable":true,"href":"https:\/\/www.villasenlanzarote.com\/de\/wp-json\/wp\/v2\/users\/9"}],"replies":[{"embeddable":true,"href":"https:\/\/www.villasenlanzarote.com\/de\/wp-json\/wp\/v2\/comments?post=1227"}],"version-history":[{"count":11,"href":"https:\/\/www.villasenlanzarote.com\/de\/wp-json\/wp\/v2\/pages\/1227\/revisions"}],"predecessor-version":[{"id":2547,"href":"https:\/\/www.villasenlanzarote.com\/de\/wp-json\/wp\/v2\/pages\/1227\/revisions\/2547"}],"wp:featuredmedia":[{"embeddable":true,"href":"https:\/\/www.villasenlanzarote.com\/de\/wp-json\/wp\/v2\/media\/2296"}],"wp:attachment":[{"href":"https:\/\/www.villasenlanzarote.com\/de\/wp-json\/wp\/v2\/media?parent=1227"}],"curies":[{"name":"wp","href":"https:\/\/api.w.org\/{rel}","templated":true}]}}